{"id":102,"date":"2014-03-07T20:07:36","date_gmt":"2014-03-08T01:07:36","guid":{"rendered":"http:\/\/latroupedesanciens.org\/tda_wp\/nos-anciens-spectacles\/"},"modified":"2024-10-09T22:35:28","modified_gmt":"2024-10-10T02:35:28","slug":"nos-anciens-spectacles","status":"publish","type":"page","link":"http:\/\/latroupedesanciens.org\/tda_wp\/fr\/nos-anciens-spectacles\/","title":{"rendered":"Nos anciens spectacles"},"content":{"rendered":"<p>1969 &#8211; <i>L\u2019Amour m\u00e9decin<\/i><br \/>\n1971 &#8211; <i>Le Malade imaginaire<\/i><br \/>\n1972 &#8211; <i>Le M\u00e9decin malgr\u00e9 lui<\/i>, et <i>Pique-nique en campagne<\/i><br \/>\n1973 &#8211; <i>Le Bourgeois gentilhomme<\/i><br \/>\n1975 &#8211; <i>Le Barbier de Seville<\/i><br \/>\n1976 &#8211; <i>George Dandin<\/i>, et <i>La Cantatrice chauve<\/i><br \/>\n1977 &#8211; <i>Les Pr\u00e9cieuses ridicules<\/i>, et <i>Pique-nique en campagne<\/i><br \/>\n1978 &#8211; <i>Le Malade imaginaire<\/i><br \/>\n1979 &#8211; <i>L\u2019Amour m\u00e9decin<\/i>, et <i>Les Boulingrin<\/i><br \/>\n1981 &#8211; <i>Le Bourgeois gentilhomme<\/i><br \/>\n1982 &#8211; <i>Le Barbier de Seville<\/i><br \/>\n1983 &#8211; <i>L\u2019Avare<\/i><br \/>\n1984 &#8211; <i>Le M\u00e9decin malgr\u00e9 lui<\/i>, <i>Surprise! Surprise!<\/i>, et <i>Le L\u00e9gataire universel<\/i><br \/>\n1985 &#8211; <i>Les Pr\u00e9cieuses ridicules<\/i>, et <i>Le Sacrifice du bourreau<\/i><br \/>\n1986 &#8211; <i>Le Malade imaginaire<\/i><br \/>\n1987 &#8211; <i>Tartuffe<\/i><br \/>\n1988 &#8211; <i>Le M\u00e9decin malgr\u00e9 lui<\/i>, et <i>L\u2019Amour m\u00e9decin<\/i><br \/>\n1989 &#8211; <i>Le Bourgeois gentilhomme<\/i><br \/>\n1990 &#8211; <i>L\u2019Avare<\/i><br \/>\n1991 &#8211; <i>Le Malade imaginaire<\/i><br \/>\n1992 &#8211; <i>Les Pr\u00e9cieuses ridicules<\/i>, et <i>Le Mariage forc\u00e9<\/i><br \/>\n1993 &#8211; <i>L\u2019Avare<\/i><br \/>\n1994 &#8211; <i>Le Bourgeois gentilhomme<\/i><br \/>\n1995 &#8211; <i>Sganarelle<\/i>, et <i>Les Pr\u00e9cieuses ridicules<\/i><br \/>\n1996 &#8211; <i>Le M\u00e9decin malgr\u00e9 lui<\/i>, et <i>La Cantatrice chauve<\/i><br \/>\n1997 &#8211; <i>Tartuffe<\/i><br \/>\n1998 &#8211; <i>Les Femmes savantes<\/i><br \/>\n1999 &#8211; <i>Le Barbier de Seville<\/i><br \/>\n2000 &#8211; <i>George Dandin<\/i>, et <i>Le Ma\u00eetre<\/i><br \/>\n2001 &#8211; <i>Le Bourgeois gentilhomme<\/i><br \/>\n2002 &#8211; <i>Les Fourberies de Scapin<\/i>, et <i>La Gare<\/i><br \/>\n2003 &#8211; <i>L\u2019Avare<\/i><br \/>\n2004 &#8211; <i>Le M\u00e9decin malgr\u00e9 lui<\/i>, et <i>La Cantatrice chauve<\/i><br \/>\n2005 &#8211; <i>Les Pr\u00e9cieuses ridicules<\/i>, et <i>Pique-nique en campagne<\/i><br \/>\n2006 &#8211; <i>Le Malade imaginaire<\/i><br \/>\n2007 &#8211; <i>Les Femmes savantes<\/i><br \/>\n2008 &#8211; <i>Les Fourberies de Scapin<\/i>, et <i>Le Pompier<\/i><br \/>\n2009 &#8211; <i>Le Bourgeois gentilhomme<\/i><br \/>\n2010 &#8211; <i>Le M\u00e9decin malgr\u00e9 lui<\/i> et <i>Topaze<\/i><br \/>\n2011 &#8211; <i>L\u2019Avare<\/i><br \/>\n2012 &#8211; <i>Les Pr\u00e9cieuses ridicules<\/i> et <i>La Cantatrice chauve<\/i><br \/>\n2013 &#8211; <a href=\"http:\/\/latroupedesanciens.org\/tda_wp\/fr\/2017\/02\/notre-spectacle-2013-le-malade-imaginaire\/\"><i>Le Malade imaginaire<\/i><\/a><br \/>\n2014 &#8211; <i><a title=\"Spectacle 2014 \u2013 Les Femmes savantes\" href=\"http:\/\/latroupedesanciens.org\/tda_wp\/fr\/spectacle-2014-les-femmes-savantes\/\">Les Femmes savantes<\/a><\/i><br \/>\n2015 &#8211; <a href=\"http:\/\/latroupedesanciens.org\/tda_wp\/fr\/spectacle-2015\/\"><i>George Dandin<\/i> et <i>Le Commissaire et bon enfant<\/i><\/a><br \/>\n2016 &#8211;\u00a0<a href=\"http:\/\/latroupedesanciens.org\/tda_wp\/fr\/spectacle-2016\/\"><i>Le M\u00e9decin malgr\u00e9 lui<\/i> et\u00a0<i>La Cantatrice chauve<\/i><\/a><br \/>\n2017 &#8211; <a href=\"http:\/\/latroupedesanciens.org\/tda_wp\/fr\/spectacle-2017\/\"><i>Le Bourgeois gentillehomme<\/i><\/a><br \/>\n2018 &#8211; <a href=\"http:\/\/latroupedesanciens.org\/tda_wp\/fr\/spectacle-2018\/\"><em>Les Fourberies de Scapin<\/em><\/a> et <a href=\"http:\/\/latroupedesanciens.org\/tda_wp\/fr\/spectacle-2018\/\"><em>Huit jours \u00e0 la campagne<\/em><\/a><\/p>\n<p>2019 &#8211; <em><a href=\"http:\/\/latroupedesanciens.org\/tda_wp\/fr\/spectacle-2019\/\">L\u2019Avare<\/a> \u2014 spectacle pour notre 50e anniversaire<\/em><br \/>\n2020\u20132022 la pand\u00e9mie<br \/>\n2023 &#8211; <a href=\"http:\/\/latroupedesanciens.org\/tda_wp\/fr\/spectacle-2023\/\"><em>Le M\u00e9decin malgr\u00e9 lui<\/em> et <em>La Cantatrice chauve<\/em><\/a><br \/>\n2024 &#8211; <a href=\"http:\/\/latroupedesanciens.org\/tda_wp\/fr\/spectacle-2024\/\"><em>Le Malade imaginaire<\/em><\/a><\/p>\n","protected":false},"excerpt":{"rendered":"<p>1969 &#8211; L\u2019Amour m\u00e9decin 1971 &#8211; Le Malade imaginaire 1972 &#8211; Le M\u00e9decin malgr\u00e9 lui, et Pique-nique en campagne 1973 &#8211; Le Bourgeois gentilhomme 1975 &#8211; Le Barbier de Seville 1976 &#8211; George Dandin, et La Cantatrice chauve 1977 &#8211; Les Pr\u00e9cieuses ridicules, et Pique-nique en campagne 1978 &#8211; Le Malade imaginaire 1979 &#8211; L\u2019Amour &hellip; <a href=\"http:\/\/latroupedesanciens.org\/tda_wp\/fr\/nos-anciens-spectacles\/\" class=\"more-link\">Continuez \u00e0 lire<span class=\"screen-reader-text\"> &laquo;&nbsp;Nos anciens spectacles&nbsp;&raquo;<\/span><\/a><\/p>\n","protected":false},"author":1,"featured_media":0,"parent":0,"menu_order":0,"comment_status":"closed","ping_status":"closed","template":"","meta":{"jetpack_post_was_ever_published":false,"footnotes":""},"class_list":["post-102","page","type-page","status-publish","hentry"],"jetpack_sharing_enabled":true,"jetpack_shortlink":"https:\/\/wp.me\/P4pXBP-1E","_links":{"self":[{"href":"http:\/\/latroupedesanciens.org\/tda_wp\/fr\/wp-json\/wp\/v2\/pages\/102","targetHints":{"allow":["GET"]}}],"collection":[{"href":"http:\/\/latroupedesanciens.org\/tda_wp\/fr\/wp-json\/wp\/v2\/pages"}],"about":[{"href":"http:\/\/latroupedesanciens.org\/tda_wp\/fr\/wp-json\/wp\/v2\/types\/page"}],"author":[{"embeddable":true,"href":"http:\/\/latroupedesanciens.org\/tda_wp\/fr\/wp-json\/wp\/v2\/users\/1"}],"replies":[{"embeddable":true,"href":"http:\/\/latroupedesanciens.org\/tda_wp\/fr\/wp-json\/wp\/v2\/comments?post=102"}],"version-history":[{"count":9,"href":"http:\/\/latroupedesanciens.org\/tda_wp\/fr\/wp-json\/wp\/v2\/pages\/102\/revisions"}],"predecessor-version":[{"id":2123,"href":"http:\/\/latroupedesanciens.org\/tda_wp\/fr\/wp-json\/wp\/v2\/pages\/102\/revisions\/2123"}],"wp:attachment":[{"href":"http:\/\/latroupedesanciens.org\/tda_wp\/fr\/wp-json\/wp\/v2\/media?parent=102"}],"curies":[{"name":"wp","href":"https:\/\/api.w.org\/{rel}","templated":true}]}}