{"id":105,"date":"2014-03-07T20:30:23","date_gmt":"2014-03-08T01:30:23","guid":{"rendered":"http:\/\/latroupedesanciens.org\/tda_wp\/bienvenue-chez-la-troupe-des-anciens\/"},"modified":"2026-02-28T23:04:01","modified_gmt":"2026-03-01T04:04:01","slug":"bienvenue-chez-la-troupe-des-anciens","status":"publish","type":"page","link":"http:\/\/latroupedesanciens.org\/tda_wp\/fr\/","title":{"rendered":"Bienvenue \u00e0 La Troupe des Anciens"},"content":{"rendered":"\n<div class=\"wp-block-group has-light-blue-background-color has-background is-vertical is-content-justification-center is-layout-flex wp-container-core-group-is-layout-4b2eccd6 wp-block-group-is-layout-flex\">\n<h2 class=\"wp-block-heading\">Nous avons besoin de votre aide !<\/h2>\n\n\n\n<div class=\"wp-block-group is-nowrap is-layout-flex wp-container-core-group-is-layout-ad2f72ca wp-block-group-is-layout-flex\">\n<figure class=\"wp-block-image size-large\"><img decoding=\"async\" src=\"https:\/\/upload.wikimedia.org\/wikipedia\/commons\/thumb\/a\/a9\/OOjs_UI_icon_alert-constructive.svg\/250px-OOjs_UI_icon_alert-constructive.svg.png\" alt=\"\"\/><\/figure>\n\n\n\n<p>Notre Troupe serait reconnaissante et honor\u00e9e de<br\/>recevoir un don de votre part. <a href=\"http:\/\/latroupedesanciens.org\/tda_wp\/fr\/demande-de-fonds\/\">En savoir plus<\/a>.<\/p>\n<\/div>\n<\/div>\n\n<div class=\"wp-block-group\"><div class=\"wp-block-group__inner-container is-layout-constrained wp-block-group-is-layout-constrained\">\n<div class=\"wp-block-group has-yellow-background-color has-background\"><div class=\"wp-block-group__inner-container is-layout-constrained wp-block-group-is-layout-constrained\">\n<h2 class=\"wp-block-heading\">Pour notre spectacle de 2026, nous pr\u00e9sentons <em>L\u2019Avare<\/em> de notre Moli\u00e8re<\/h2>\n\n\n<div class=\"wp-block-image\">\n<figure class=\"aligncenter size-full\"><a href=\"https:\/\/i0.wp.com\/latroupedesanciens.org\/tda_wp\/wp-content\/uploads\/2026\/02\/Affichette-2026.jpg\"><img data-recalc-dims=\"1\" loading=\"lazy\" decoding=\"async\" width=\"607\" height=\"824\" src=\"https:\/\/i0.wp.com\/latroupedesanciens.org\/tda_wp\/wp-content\/uploads\/2026\/02\/Affichette-2026.jpg?resize=607%2C824\" alt=\"\" class=\"wp-image-2414\" srcset=\"https:\/\/i0.wp.com\/latroupedesanciens.org\/tda_wp\/wp-content\/uploads\/2026\/02\/Affichette-2026.jpg?w=607 607w, https:\/\/i0.wp.com\/latroupedesanciens.org\/tda_wp\/wp-content\/uploads\/2026\/02\/Affichette-2026.jpg?resize=221%2C300 221w\" sizes=\"auto, (max-width: 607px) 85vw, 607px\" \/><\/a><figcaption class=\"wp-element-caption\">Affichette 2026 JPG<\/figcaption><\/figure>\n<\/div>\n\n\n<p><br\/>Pour en savoir plus, consultez <a href=\"http:\/\/latroupedesanciens.org\/tda_wp\/fr\/spectacle-2019-lavare\/\" data-type=\"page\" data-id=\"2293\">la page du spectacle 2026<\/a>. Vous pouvez aussi <a href=\"http:\/\/latroupedesanciens.org\/tda_wp\/fr\/billets-2026\/\" data-type=\"page\" data-id=\"2308\">acheter des billets en ligne<\/a>.<\/p>\n<\/div><\/div>\n<\/div><\/div>\n\n<hr class=\"wp-block-separator has-text-color has-bright-red-color has-css-opacity has-bright-red-background-color has-background\"\/>\n\n<p>Bienvenue au site internet de la Troupe des Anciens de l\u2019Universit\u00e9 de Toronto. Notre troupe pr\u00e9sente des pi\u00e8ces de Moli\u00e8re et d\u2019autres dramaturges en fran\u00e7ais, aide \u00e0 former des milliers d\u2019\u00e9coliers et d\u2019\u00e9tudiants et donne du plaisir \u00e0 des milliers de spectateurs depuis plus de cinquante ans.<\/p>\n\n<figure class=\"wp-block-image\"><a href=\"http:\/\/latroupedesanciens.org\/tda_wp\/fr\/troupe-2019-2\/\"><img data-recalc-dims=\"1\" loading=\"lazy\" decoding=\"async\" width=\"840\" height=\"567\" src=\"https:\/\/i0.wp.com\/latroupedesanciens.org\/tda_wp\/wp-content\/uploads\/2019\/04\/Troupe-2019.jpg?resize=840%2C567\" alt=\"La distribution et l&#x2019;&#xE9;quipe de production du spectacle 2019, notre 50e anniversaire, &#xAB; L&#x2019;Avare &#xBB; de Moli&#xE8;re\" class=\"wp-image-1410\" srcset=\"https:\/\/i0.wp.com\/latroupedesanciens.org\/tda_wp\/wp-content\/uploads\/2019\/04\/Troupe-2019.jpg?resize=1024%2C691 1024w, https:\/\/i0.wp.com\/latroupedesanciens.org\/tda_wp\/wp-content\/uploads\/2019\/04\/Troupe-2019.jpg?resize=300%2C202 300w, https:\/\/i0.wp.com\/latroupedesanciens.org\/tda_wp\/wp-content\/uploads\/2019\/04\/Troupe-2019.jpg?resize=768%2C518 768w, https:\/\/i0.wp.com\/latroupedesanciens.org\/tda_wp\/wp-content\/uploads\/2019\/04\/Troupe-2019.jpg?resize=1200%2C809 1200w, https:\/\/i0.wp.com\/latroupedesanciens.org\/tda_wp\/wp-content\/uploads\/2019\/04\/Troupe-2019.jpg?w=1920 1920w, https:\/\/i0.wp.com\/latroupedesanciens.org\/tda_wp\/wp-content\/uploads\/2019\/04\/Troupe-2019.jpg?w=1680 1680w\" sizes=\"auto, (max-width: 709px) 85vw, (max-width: 909px) 67vw, (max-width: 1362px) 62vw, 840px\" \/><\/a><figcaption class=\"wp-element-caption\">La distribution et l&rsquo;\u00e9quipe de production du spectacle 2019, notre 50e anniversaire, \u00ab L&rsquo;Avare \u00bb de Moli\u00e8re<\/figcaption><\/figure>\n","protected":false},"excerpt":{"rendered":"<p>Nous avons besoin de votre aide ! Notre Troupe serait reconnaissante et honor\u00e9e derecevoir un don de votre part. En savoir plus. Pour notre spectacle de 2026, nous pr\u00e9sentons L\u2019Avare de notre Moli\u00e8re Pour en savoir plus, consultez la page du spectacle 2026. Vous pouvez aussi acheter des billets en ligne. Bienvenue au site internet &hellip; <a href=\"http:\/\/latroupedesanciens.org\/tda_wp\/fr\/\" class=\"more-link\">Continuez \u00e0 lire<span class=\"screen-reader-text\"> &laquo;&nbsp;Bienvenue \u00e0 La Troupe des Anciens&nbsp;&raquo;<\/span><\/a><\/p>\n","protected":false},"author":1,"featured_media":0,"parent":0,"menu_order":0,"comment_status":"closed","ping_status":"open","template":"","meta":{"jetpack_post_was_ever_published":false,"footnotes":""},"class_list":["post-105","page","type-page","status-publish","hentry"],"jetpack_sharing_enabled":true,"jetpack_shortlink":"https:\/\/wp.me\/P4pXBP-1H","_links":{"self":[{"href":"http:\/\/latroupedesanciens.org\/tda_wp\/fr\/wp-json\/wp\/v2\/pages\/105","targetHints":{"allow":["GET"]}}],"collection":[{"href":"http:\/\/latroupedesanciens.org\/tda_wp\/fr\/wp-json\/wp\/v2\/pages"}],"about":[{"href":"http:\/\/latroupedesanciens.org\/tda_wp\/fr\/wp-json\/wp\/v2\/types\/page"}],"author":[{"embeddable":true,"href":"http:\/\/latroupedesanciens.org\/tda_wp\/fr\/wp-json\/wp\/v2\/users\/1"}],"replies":[{"embeddable":true,"href":"http:\/\/latroupedesanciens.org\/tda_wp\/fr\/wp-json\/wp\/v2\/comments?post=105"}],"version-history":[{"count":75,"href":"http:\/\/latroupedesanciens.org\/tda_wp\/fr\/wp-json\/wp\/v2\/pages\/105\/revisions"}],"predecessor-version":[{"id":2424,"href":"http:\/\/latroupedesanciens.org\/tda_wp\/fr\/wp-json\/wp\/v2\/pages\/105\/revisions\/2424"}],"wp:attachment":[{"href":"http:\/\/latroupedesanciens.org\/tda_wp\/fr\/wp-json\/wp\/v2\/media?parent=105"}],"curies":[{"name":"wp","href":"https:\/\/api.w.org\/{rel}","templated":true}]}}