{"id":106,"date":"2014-03-07T20:41:41","date_gmt":"2014-03-08T01:41:41","guid":{"rendered":"http:\/\/latroupedesanciens.org\/tda_wp\/a-propos-de-nous\/"},"modified":"2025-03-29T20:58:54","modified_gmt":"2025-03-30T00:58:54","slug":"a-propos-de-nous","status":"publish","type":"page","link":"http:\/\/latroupedesanciens.org\/tda_wp\/fr\/a-propos-de-nous\/","title":{"rendered":"\u00c0 propos de nous"},"content":{"rendered":"\n<h2 class=\"wp-block-heading\">Les membres<\/h2>\n\n<p>La Troupe des Anciens de l\u2019Universit\u00e9 de Toronto est compos\u00e9e principalement d\u2019anciens de l\u2019Universit\u00e9 de Toronto, mais aussi des \u00e9tudiants et \u00e9coliers et membres du public<strong>.<\/strong><\/p>\n\n<h2 class=\"wp-block-heading\">Histoire de la Troupe<\/h2>\n\n<p><a title=\"Nos anciens spectacles\" href=\"http:\/\/latroupedesanciens.org\/tda_wp\/fr\/nos-anciens-spectacles\/\">Voir<\/a> nos anciens spectacles.<\/p>\n\n<p>En 2019, la Troupe des Anciens de l\u2019Universit\u00e9 de Toronto a f\u00eat\u00e9 son cinquantenaire et c\u2019est, en grande partie, gr\u00e2ce \u00e0 l\u2019appui et \u00e0 la fid\u00e9lit\u00e9 de son public qu\u2019elle doit sa survie. Pour marquer cet anniversaire si important, nous avons publi\u00e9 un beau livre, bilingue, \u00ab a coffee table book \u00bb, <em>La Troupe des Anciens de l\u2019Universit\u00e9 de Toronto: 1969\u20132019, <\/em>qui retrace bri\u00e8vement l\u2019histoire de notre groupe et est abondamment illustr\u00e9 de photos prises au cours d\u2019un demi-si\u00e8cle.<\/p>\n\n<figure class=\"wp-block-image size-full\"><a href=\"\"><img data-recalc-dims=\"1\" loading=\"lazy\" decoding=\"async\" width=\"840\" height=\"842\" src=\"https:\/\/i0.wp.com\/latroupedesanciens.org\/tda_wp\/wp-content\/uploads\/2019\/03\/BookCover50th.png?resize=840%2C842\" alt=\"\" class=\"wp-image-1292\" srcset=\"https:\/\/i0.wp.com\/latroupedesanciens.org\/tda_wp\/wp-content\/uploads\/2019\/03\/BookCover50th.png?w=908 908w, https:\/\/i0.wp.com\/latroupedesanciens.org\/tda_wp\/wp-content\/uploads\/2019\/03\/BookCover50th.png?resize=150%2C150 150w, https:\/\/i0.wp.com\/latroupedesanciens.org\/tda_wp\/wp-content\/uploads\/2019\/03\/BookCover50th.png?resize=300%2C300 300w, https:\/\/i0.wp.com\/latroupedesanciens.org\/tda_wp\/wp-content\/uploads\/2019\/03\/BookCover50th.png?resize=768%2C770 768w\" sizes=\"auto, (max-width: 709px) 85vw, (max-width: 909px) 67vw, (max-width: 1362px) 62vw, 840px\" \/><\/a><\/figure>\n\n<p>Ce livre, qui voit le jour gr\u00e2ce \u00e0 un don substantiel du D\u00e9partement d\u2019\u00c9tudes fran\u00e7aises de l\u2019Universit\u00e9 de Toronto, et disponible \u00e0 la biblioth\u00e8que John M. Kelly et aux archives du Coll\u00e8ge St-Michel<\/p>\n\n<p>Pour encore plus de renseignements au sujet de la Troupe et de notre directeur, Paulette Collet, consultez le livre <em>Quarante ans de th\u00e9\u00e2tre fran\u00e7ais \u00e0 Toronto<\/em> de l\u2019\u00e9diteur AnthropoMare (Mississauga, 2006, ISBN 9782923072111). Voir <a title=\"Troupe des Anciens chez AnthropoMare\" href=\"https:\/\/web.archive.org\/web\/20140225001521\/http:\/\/www.anthropomare.com\/troupe_des_anciens.html\">la page web<\/a> chez AnthropoMare, ou <a title=\"Trouver un livre au site web \u00ab WorldCat \u00bb\" href=\"http:\/\/www.worldcat.org\/title\/40-ans-de-theatre-francais-a-toronto\/oclc\/69183950?lang=fr\" target=\"_blank\" rel=\"noopener\">trouver le livre<\/a> dans une biblioth\u00e8que pr\u00e8s de chez vous.<\/p>\n\n<h2 class=\"wp-block-heading\">Organisme sans but lucratif et conseil d\u2019administration<\/h2>\n\n<p>La Troupe des Anciens de l\u2019Universit\u00e9 de Toronto est un organisme sans but lucratif juridiquement constitu\u00e9 en Ontario. Le conseil d\u2019administration est compos\u00e9 des administrateurs Elizabeth Bucci, Peter Carayiannis, Paulette Collet, Julie McLaughlin, Grant Weaver et Elisabeth Widner.<\/p>\n","protected":false},"excerpt":{"rendered":"<p>Les membres La Troupe des Anciens de l\u2019Universit\u00e9 de Toronto est compos\u00e9e principalement d\u2019anciens de l\u2019Universit\u00e9 de Toronto, mais aussi des \u00e9tudiants et \u00e9coliers et membres du public. Histoire de la Troupe Voir nos anciens spectacles. En 2019, la Troupe des Anciens de l\u2019Universit\u00e9 de Toronto a f\u00eat\u00e9 son cinquantenaire et c\u2019est, en grande partie, &hellip; <a href=\"http:\/\/latroupedesanciens.org\/tda_wp\/fr\/a-propos-de-nous\/\" class=\"more-link\">Continuez \u00e0 lire<span class=\"screen-reader-text\"> &laquo;&nbsp;\u00c0 propos de nous&nbsp;&raquo;<\/span><\/a><\/p>\n","protected":false},"author":1,"featured_media":0,"parent":0,"menu_order":0,"comment_status":"closed","ping_status":"closed","template":"","meta":{"jetpack_post_was_ever_published":false,"footnotes":""},"class_list":["post-106","page","type-page","status-publish","hentry"],"jetpack_sharing_enabled":true,"jetpack_shortlink":"https:\/\/wp.me\/P4pXBP-1I","_links":{"self":[{"href":"http:\/\/latroupedesanciens.org\/tda_wp\/fr\/wp-json\/wp\/v2\/pages\/106","targetHints":{"allow":["GET"]}}],"collection":[{"href":"http:\/\/latroupedesanciens.org\/tda_wp\/fr\/wp-json\/wp\/v2\/pages"}],"about":[{"href":"http:\/\/latroupedesanciens.org\/tda_wp\/fr\/wp-json\/wp\/v2\/types\/page"}],"author":[{"embeddable":true,"href":"http:\/\/latroupedesanciens.org\/tda_wp\/fr\/wp-json\/wp\/v2\/users\/1"}],"replies":[{"embeddable":true,"href":"http:\/\/latroupedesanciens.org\/tda_wp\/fr\/wp-json\/wp\/v2\/comments?post=106"}],"version-history":[{"count":8,"href":"http:\/\/latroupedesanciens.org\/tda_wp\/fr\/wp-json\/wp\/v2\/pages\/106\/revisions"}],"predecessor-version":[{"id":2183,"href":"http:\/\/latroupedesanciens.org\/tda_wp\/fr\/wp-json\/wp\/v2\/pages\/106\/revisions\/2183"}],"wp:attachment":[{"href":"http:\/\/latroupedesanciens.org\/tda_wp\/fr\/wp-json\/wp\/v2\/media?parent=106"}],"curies":[{"name":"wp","href":"https:\/\/api.w.org\/{rel}","templated":true}]}}