{"id":1107,"date":"2018-10-14T20:52:27","date_gmt":"2018-10-15T00:52:27","guid":{"rendered":"http:\/\/latroupedesanciens.org\/tda_wp\/spectacle-2019-lavare\/"},"modified":"2019-04-12T10:29:14","modified_gmt":"2019-04-12T14:29:14","slug":"spectacle-2019","status":"publish","type":"page","link":"http:\/\/latroupedesanciens.org\/tda_wp\/fr\/spectacle-2019\/","title":{"rendered":"Spectacle 2019 \u2013 L&rsquo;Avare"},"content":{"rendered":"<p>Pour notre spectacle de 2019, nous pr\u00e9sentons <em>L\u2019Avare<\/em>\u00a0de notre Moli\u00e8re.<\/p>\n<figure id=\"attachment_1097\" aria-describedby=\"caption-attachment-1097\" style=\"width: 169px\" class=\"wp-caption alignleft\"><a href=\"http:\/\/latroupedesanciens.org\/tda_wp\/fr\/spectacle-2019-lavare\/avarefrontispiece1682-2\/\"><img data-recalc-dims=\"1\" loading=\"lazy\" decoding=\"async\" class=\"size-medium wp-image-1096\" src=\"https:\/\/i0.wp.com\/latroupedesanciens.org\/tda_wp\/wp-content\/uploads\/2018\/10\/AvareFrontispiece1682.jpg?resize=169%2C300\" alt=\"Frontispice de Pierre Brissart\" width=\"169\" height=\"300\" srcset=\"https:\/\/i0.wp.com\/latroupedesanciens.org\/tda_wp\/wp-content\/uploads\/2018\/10\/AvareFrontispiece1682.jpg?resize=169%2C300 169w, https:\/\/i0.wp.com\/latroupedesanciens.org\/tda_wp\/wp-content\/uploads\/2018\/10\/AvareFrontispiece1682.jpg?w=250 250w\" sizes=\"auto, (max-width: 169px) 85vw, 169px\" \/><\/a><figcaption id=\"caption-attachment-1097\" class=\"wp-caption-text\">Frontispice de Pierre Brissart de l&rsquo;\u00e9dition de \u00ab L&rsquo;Avare \u00bb de 1682<\/figcaption><\/figure>\n<p><em>L\u2019Avare<\/em>, com\u00e9die en prose, a \u00e9t\u00e9 pr\u00e9sent\u00e9e pour la premi\u00e8re fois le 9 septembre 1668 au Palais Royal \u00e0 Paris. S\u2019inspirant de la com\u00e9die <a href=\"https:\/\/fr.wikipedia.org\/wiki\/La_Marmite\"><em>Aulularia<\/em><\/a> ( <em>La Marmite<\/em> ou <em>Le Pot d\u2019or<\/em>) de <a href=\"https:\/\/fr.wikipedia.org\/wiki\/Plaute\">Plaute<\/a>, Moli\u00e8re nous y d\u00e9peint les probl\u00e8mes auxquels doivent faire face la fille et le fils du vieil avare Harpagon, qui se m\u00eale de courtiser la m\u00eame jeune fille que son fils, mais dont le grand amour est l\u2019argent.<\/p>\n<figure id=\"attachment_1099\" aria-describedby=\"caption-attachment-1099\" style=\"width: 207px\" class=\"wp-caption alignright\"><a href=\"http:\/\/latroupedesanciens.org\/tda_wp\/fr\/spectacle-2019-lavare\/ifflandlabesdergeizige-2\/\"><img data-recalc-dims=\"1\" loading=\"lazy\" decoding=\"async\" class=\"size-medium wp-image-1098\" src=\"https:\/\/i0.wp.com\/latroupedesanciens.org\/tda_wp\/wp-content\/uploads\/2018\/10\/IfflandLabesDerGeizige.jpg?resize=207%2C300\" alt=\"Harpagon et La Fl\u00e8che\" width=\"207\" height=\"300\" srcset=\"https:\/\/i0.wp.com\/latroupedesanciens.org\/tda_wp\/wp-content\/uploads\/2018\/10\/IfflandLabesDerGeizige.jpg?resize=207%2C300 207w, https:\/\/i0.wp.com\/latroupedesanciens.org\/tda_wp\/wp-content\/uploads\/2018\/10\/IfflandLabesDerGeizige.jpg?w=531 531w\" sizes=\"auto, (max-width: 207px) 85vw, 207px\" \/><\/a><figcaption id=\"caption-attachment-1099\" class=\"wp-caption-text\">Harpagon et La Fl\u00e8che dans une production de \u00ab L&rsquo;Avare \u00bb \u00e0 Berlin de ca. 1810<\/figcaption><\/figure>\n<p>Pour plus de renseignements au sujet des pi\u00e8ces, voyez les articles de\u00a0<a href=\"https:\/\/fr.wikipedia.org\/wiki\/L%27Avare\"><em>L\u2019Avare<\/em><\/a> et de <a href=\"https:\/\/fr.wikipedia.org\/wiki\/Moli%C3%A8re\">Moli\u00e8re\u00a0<\/a>dans Wikip\u00e9dia. Nous offrerons les r\u00e9sum\u00e9s et les textes int\u00e9graux en anglais et en fran\u00e7ais de la pi\u00e8ce ci-dessous avant les spectacles ; veuillez <a href=\"http:\/\/latroupedesanciens.org\/tda_wp\/fr\/contactez-nous\/\">suivre nos comptes\u00a0m\u00e9dia social<\/a> pour d\u2019autres nouvelles.<\/p>\n<p>Il y aura deux repr\u00e9sentations : le vendredi 12 et le samedi 13 avril, 2019 \u00e0 20 h 00 au Th\u00e9\u00e2tre George Ignatieff sur le campus du centre-ville de l\u2019Universit\u00e9 de Toronto. Une projection de surtitres et un r\u00e9sum\u00e9 imprim\u00e9 en anglais (une copie du r\u00e9sum\u00e9 sous format \u00e9lectronique est disponible ci-dessous) seront disponibles pour les deux spectacles. Vous pouvez <a href=\"http:\/\/latroupedesanciens.org\/tda_wp\/fr\/billets-2019\/\">commander des billets en ligne<\/a> maintenant; le choix des places sera fait \u00e0 partir de la semaine du 4 mars, 2019 par notre \u00e9quipe de guichet. Ou, vous pouvez <a title=\"Contactez-nous\" href=\"http:\/\/latroupedesanciens.org\/tda_wp\/fr\/contactez-nous\/\">contacter notre \u00e9quipe de guichet<\/a> par t\u00e9l\u00e9phone les jours ouvrables de 11 h 00 \u00e0 17 h 00, \u00e0 partir du 1<sup>er<\/sup> avril, 2019. <em><span style=\"color: #ff0000;\"><strong>Veuillez noter le 12 avril \u00e0 10 h :<\/strong><\/span> aucune place n&rsquo;est disponible vendredi soir et samedi soir.<\/em> Vous pouvez aussi acheter des billets les soirs des spectacles s\u2019il en reste \u00e0 l\u2019entr\u00e9e du th\u00e9\u00e2tre, paiement en argent comptant seulement.<\/p>\n<h3>Renseignements<\/h3>\n<h5>Dates et l\u2019heure<\/h5>\n<p>le vendredi 12 et le samedi 13 avril, 2019 \u00e0 20 h 00<br \/>\nDes surtitres en anglais seront projet\u00e9s et un r\u00e9sum\u00e9 en anglais (une copie du r\u00e9sum\u00e9 sous format \u00e9lectronique sera disponible ci-dessous avant les spectacles) seront disponibles les deux soirs<\/p>\n<h5>Lieu<\/h5>\n<p>Th\u00e9\u00e2tre George Ignatieff<br \/>\nColl\u00e8ge Trinity<br \/>\nUniversit\u00e9 de Toronto<br \/>\n15, Devonshire Place<br \/>\nToronto (Ontario) M5S 1H8<br \/>\n<a href=\"http:\/\/fr.wikipedia.org\/wiki\/M%C3%A9tro_de_Toronto\">M\u00e9tro <\/a>: <a href=\"http:\/\/fr.wikipedia.org\/wiki\/St._George_%28m%C3%A9tro_de_Toronto%29\">St. George<\/a>; sortie chemin Bedford, ensuite 400 m \u00e0 pied<\/p>\n<h5>Cartes<\/h5>\n<ul>\n<li><a title=\"George Ignatieff Theatre - Carte U of T\" href=\"http:\/\/map.utoronto.ca\/building\/603\">Carte de l\u2019U de T<\/a><\/li>\n<li><a title=\"George Ignatieff Theatre - Carte Google\" href=\"http:\/\/goo.gl\/maps\/r1rvR\">Carte Google<\/a><\/li>\n<\/ul>\n<h5>R\u00e9sum\u00e9s et textes int\u00e9graux<\/h5>\n<ul>\n<li>R\u00e9sum\u00e9s de <em>L\u2019Avare<\/em>\u00a0<a href=\"http:\/\/latroupedesanciens.org\/tda_wp\/fr\/the-miser-summary-2019-en-rev01-2\/\">en anglais<\/a> <a href=\"http:\/\/latroupedesanciens.org\/tda_wp\/fr\/the-miser-summary-2019-fr-rev00-2\/\">en fran\u00e7ais<\/a><\/li>\n<li>Textes int\u00e9graux de <em>L\u2019Avare<\/em>\u00a0en anglais <a href=\"http:\/\/latroupedesanciens.org\/tda_wp\/fr\/avarefrrev00-2\/\">en fran\u00e7ais<\/a><\/li>\n<\/ul>\n<h5>Autres renseignements<\/h5>\n<ul>\n<li><a title=\"Plan vide\" href=\"http:\/\/latroupedesanciens.org\/tda_wp\/wp-content\/uploads\/2014\/03\/git_seatingchart_rev01.jpg\">Plan de salle<\/a>\u00a0du Th\u00e9\u00e2tre George Ignatieff<\/li>\n<li><a href=\"http:\/\/latroupedesanciens.org\/tda_wp\/wp-content\/uploads\/2019\/04\/Seats-20190407.pdf\">Disponiblit\u00e9 des places<\/a> (\u00e0 partir du 7 avril 2019)<\/li>\n<li>Affiche\n<ul>\n<li><a href=\"http:\/\/latroupedesanciens.org\/tda_wp\/fr\/avare-affiche-final-2019-2\/\">Haute qualit\u00e9 sous format PDF<\/a><\/li>\n<li><a href=\"http:\/\/latroupedesanciens.org\/tda_wp\/fr\/lavare-affiche-snip-lo-res-2\/\">Basse qualit\u00e9 sous format JPEG<\/a><\/li>\n<\/ul>\n<\/li>\n<li><a href=\"http:\/\/latroupedesanciens.org\/tda_wp\/fr\/avare-affichettes-4up-final-2019-2\/\">Affichette<\/a><\/li>\n<li>Programme<\/li>\n<\/ul>\n","protected":false},"excerpt":{"rendered":"<p>Pour notre spectacle de 2019, nous pr\u00e9sentons L\u2019Avare\u00a0de notre Moli\u00e8re. L\u2019Avare, com\u00e9die en prose, a \u00e9t\u00e9 pr\u00e9sent\u00e9e pour la premi\u00e8re fois le 9 septembre 1668 au Palais Royal \u00e0 Paris. S\u2019inspirant de la com\u00e9die Aulularia ( La Marmite ou Le Pot d\u2019or) de Plaute, Moli\u00e8re nous y d\u00e9peint les probl\u00e8mes auxquels doivent faire face la &hellip; <a href=\"http:\/\/latroupedesanciens.org\/tda_wp\/fr\/spectacle-2019\/\" class=\"more-link\">Continuez \u00e0 lire<span class=\"screen-reader-text\"> &laquo;&nbsp;Spectacle 2019 \u2013 L&rsquo;Avare&nbsp;&raquo;<\/span><\/a><\/p>\n","protected":false},"author":1,"featured_media":0,"parent":0,"menu_order":0,"comment_status":"closed","ping_status":"closed","template":"","meta":{"jetpack_post_was_ever_published":false,"footnotes":""},"class_list":["post-1107","page","type-page","status-publish","hentry"],"jetpack_sharing_enabled":true,"jetpack_shortlink":"https:\/\/wp.me\/P4pXBP-hR","_links":{"self":[{"href":"http:\/\/latroupedesanciens.org\/tda_wp\/fr\/wp-json\/wp\/v2\/pages\/1107","targetHints":{"allow":["GET"]}}],"collection":[{"href":"http:\/\/latroupedesanciens.org\/tda_wp\/fr\/wp-json\/wp\/v2\/pages"}],"about":[{"href":"http:\/\/latroupedesanciens.org\/tda_wp\/fr\/wp-json\/wp\/v2\/types\/page"}],"author":[{"embeddable":true,"href":"http:\/\/latroupedesanciens.org\/tda_wp\/fr\/wp-json\/wp\/v2\/users\/1"}],"replies":[{"embeddable":true,"href":"http:\/\/latroupedesanciens.org\/tda_wp\/fr\/wp-json\/wp\/v2\/comments?post=1107"}],"version-history":[{"count":10,"href":"http:\/\/latroupedesanciens.org\/tda_wp\/fr\/wp-json\/wp\/v2\/pages\/1107\/revisions"}],"predecessor-version":[{"id":1403,"href":"http:\/\/latroupedesanciens.org\/tda_wp\/fr\/wp-json\/wp\/v2\/pages\/1107\/revisions\/1403"}],"wp:attachment":[{"href":"http:\/\/latroupedesanciens.org\/tda_wp\/fr\/wp-json\/wp\/v2\/media?parent=1107"}],"curies":[{"name":"wp","href":"https:\/\/api.w.org\/{rel}","templated":true}]}}