{"id":1186,"date":"2019-02-25T14:58:20","date_gmt":"2019-02-25T19:58:20","guid":{"rendered":"http:\/\/latroupedesanciens.org\/tda_wp\/billets-2019\/"},"modified":"2019-04-12T10:49:54","modified_gmt":"2019-04-12T14:49:54","slug":"billets-2019","status":"publish","type":"page","link":"http:\/\/latroupedesanciens.org\/tda_wp\/fr\/billets-2019\/","title":{"rendered":"Billets 2019"},"content":{"rendered":"\n<p>Cette page vous permet\u00a0<strong>d\u2019acheter<\/strong>\u00a0des billets. Apr\u00e8s votre achat, et \u00e0 partir de la semaine du 4 mars 2019 au plus tard, notre excellente \u00e9quipe de guichet vous attribuera les meilleures places selon l\u2019ordre dans lequel les commandes auront \u00e9t\u00e9 re\u00e7ues et confirmera votre commande par courriel. Au cas o\u00f9 vous auriez des besoins sp\u00e9cifiques ou si vous d\u00e9sirez des places qui offrent une meilleure vue des surtitres en anglais, veuillez\u00a0<a href=\"http:\/\/latroupedesanciens.org\/tda_wp\/fr\/contactez-nous\/\">contacter l\u2019\u00e9quipe de guichet<\/a>\u00a0apr\u00e8s votre achat, soit d\u00e8s maintenant par courriel, soit apr\u00e8s le 1<sup>er<\/sup>avril 2019 par t\u00e9l\u00e9phone. Vous pouvez consulter le\u00a0<a href=\"http:\/\/latroupedesanciens.org\/tda_wp\/wp-content\/uploads\/2014\/git_seatingchart_rev01.jpg\">plan de la salle<\/a>, mais il se peut que les places que vois choisissez ne soient plus disponibles.\u00a0 <em><span style=\"color: #ff0000;\"><strong>Veuillez noter le 12 avril \u00e0 10 h : <\/strong><\/span>il ne reste aucun billet pour les deux spectacles. Il y aura peut-\u00eatre quelques billets au guichet \u00e0 l&rsquo;entr\u00e9e du th\u00e9\u00e2tre avant le spectacle, argent comptable seulement. <\/em>D\u2019autre part, si vous d\u00e9sirez une vue claire des surtitres en anglais, \u00e9vitez les trois premi\u00e8res rang\u00e9es. Le soir du spectacle que vous avez choisi, vos billets seront \u00e0 votre disposition \u00e0 l\u2019entr\u00e9e du th\u00e9\u00e2tre (Th\u00e9\u00e2tre George Ignatieff, 15 Devonshire Place; carte Google).<\/p>\n\n<p>Si vous avez des questions, veuillez <a href=\"http:\/\/latroupedesanciens.org\/tda_wp\/fr\/contactez-nous\/\">contacter notre \u00e9quipe de guichet<\/a>, soit d\u00e8s maintenant par courriel ou par t\u00e9l\u00e9phone \u00e0 partir du 1er avril 2019.<\/p>\n\n<h3 class=\"wp-block-heading\">M\u00e9thode de paiement<\/h3>\n\n<p>Les paiements sont trait\u00e9s par PayPal. Cependant, vous n\u2019avez pas besoin de compte PayPal. Vous pouvez payer par carte de cr\u00e9dit ; carte de d\u00e9bit avec un logo Visa ou Mastercard ; ou avec votre propre compte PayPal si vous en avez.<\/p>\n\n<figure class=\"wp-block-image\"><img decoding=\"async\" src=\"https:\/\/www.paypalobjects.com\/webstatic\/mktg\/logo\/AM_mc_vs_dc_ae.jpg\" alt=\"\"><\/figure>\n<h2 class=\"wp-block-heading\">Acheter vos billets<\/h2>\n\n<h3 class=\"wp-block-heading\">le vendredi 12 avril, 2019 \u00e0 20 h<\/h3>\n\n<p><span style=\"color: #ff0000;\"><strong>Veuillez noter :<\/strong><\/span> aucune place n&rsquo;est disponible pour vendredi soir. Il y aura peut-\u00eatre quelques billets au guichet \u00e0 l&rsquo;entr\u00e9e du th\u00e9\u00e2tre avant le spectacle, argent comptable seulement. <a href=\"http:\/\/latroupedesanciens.org\/tda_wp\/fr\/contactez-nous\/\">Contactez le guichet<\/a> pour de plus amples d\u00e9tails.<\/p>\n\n<h3 class=\"wp-block-heading\">le samedi 13 avril, 2019 \u00e0 20 h<\/h3>\n\n<p><span style=\"color: #ff0000;\"><strong>Veuillez noter :<\/strong><\/span> aucune place n&rsquo;est disponible pour samedi soir. Il y aura peut-\u00eatre quelques billets au guichet \u00e0 l&rsquo;entr\u00e9e du th\u00e9\u00e2tre avant le spectacle, argent comptable seulement. <a href=\"http:\/\/latroupedesanciens.org\/tda_wp\/fr\/contactez-nous\/\">Contactez le guichet<\/a> pour de plus amples d\u00e9tails.<\/p>\n","protected":false},"excerpt":{"rendered":"<p>Cette page vous permet\u00a0d\u2019acheter\u00a0des billets. Apr\u00e8s votre achat, et \u00e0 partir de la semaine du 4 mars 2019 au plus tard, notre excellente \u00e9quipe de guichet vous attribuera les meilleures places selon l\u2019ordre dans lequel les commandes auront \u00e9t\u00e9 re\u00e7ues et confirmera votre commande par courriel. Au cas o\u00f9 vous auriez des besoins sp\u00e9cifiques ou &hellip; <a href=\"http:\/\/latroupedesanciens.org\/tda_wp\/fr\/billets-2019\/\" class=\"more-link\">Continuez \u00e0 lire<span class=\"screen-reader-text\"> &laquo;&nbsp;Billets 2019&nbsp;&raquo;<\/span><\/a><\/p>\n","protected":false},"author":1,"featured_media":0,"parent":0,"menu_order":0,"comment_status":"closed","ping_status":"closed","template":"","meta":{"jetpack_post_was_ever_published":false,"footnotes":""},"class_list":["post-1186","page","type-page","status-publish","hentry"],"jetpack_sharing_enabled":true,"jetpack_shortlink":"https:\/\/wp.me\/P4pXBP-j8","_links":{"self":[{"href":"http:\/\/latroupedesanciens.org\/tda_wp\/fr\/wp-json\/wp\/v2\/pages\/1186","targetHints":{"allow":["GET"]}}],"collection":[{"href":"http:\/\/latroupedesanciens.org\/tda_wp\/fr\/wp-json\/wp\/v2\/pages"}],"about":[{"href":"http:\/\/latroupedesanciens.org\/tda_wp\/fr\/wp-json\/wp\/v2\/types\/page"}],"author":[{"embeddable":true,"href":"http:\/\/latroupedesanciens.org\/tda_wp\/fr\/wp-json\/wp\/v2\/users\/1"}],"replies":[{"embeddable":true,"href":"http:\/\/latroupedesanciens.org\/tda_wp\/fr\/wp-json\/wp\/v2\/comments?post=1186"}],"version-history":[{"count":23,"href":"http:\/\/latroupedesanciens.org\/tda_wp\/fr\/wp-json\/wp\/v2\/pages\/1186\/revisions"}],"predecessor-version":[{"id":1408,"href":"http:\/\/latroupedesanciens.org\/tda_wp\/fr\/wp-json\/wp\/v2\/pages\/1186\/revisions\/1408"}],"wp:attachment":[{"href":"http:\/\/latroupedesanciens.org\/tda_wp\/fr\/wp-json\/wp\/v2\/media?parent=1186"}],"curies":[{"name":"wp","href":"https:\/\/api.w.org\/{rel}","templated":true}]}}