{"id":1309,"date":"2019-03-14T21:20:13","date_gmt":"2019-03-15T01:20:13","guid":{"rendered":"http:\/\/latroupedesanciens.org\/tda_wp\/livre-du-50e-anniversaire\/"},"modified":"2019-03-15T21:41:13","modified_gmt":"2019-03-16T01:41:13","slug":"livre-du-50e-anniversaire","status":"publish","type":"page","link":"http:\/\/latroupedesanciens.org\/tda_wp\/fr\/livre-du-50e-anniversaire\/","title":{"rendered":"Livre du 50e anniversaire"},"content":{"rendered":"\n<p>En 2019, la Troupe des Anciens de l\u2019Universit\u00e9 de Toronto f\u00eate son cinquantenaire et c\u2019est, en grande partie, gr\u00e2ce \u00e0 l\u2019appui et \u00e0 la fid\u00e9lit\u00e9 de son public qu\u2019elle doit sa survie. Pour marquer cet anniversaire si important, nous avons publi\u00e9 un beau livre, bilingue, \u00ab a coffee table book \u00bb, qui retrace bri\u00e8vement l\u2019histoire de notre groupe et est abondamment illustr\u00e9 de photos prises au cours d\u2019un demi-si\u00e8cle.<\/p>\n\n<figure class=\"wp-block-image\"><a href=\"http:\/\/latroupedesanciens.org\/tda_wp\/bookcover50th\/\"><img data-recalc-dims=\"1\" loading=\"lazy\" decoding=\"async\" width=\"840\" height=\"842\" src=\"https:\/\/i0.wp.com\/latroupedesanciens.org\/tda_wp\/wp-content\/uploads\/2019\/03\/BookCover50th.png?resize=840%2C842\" alt=\"\" class=\"wp-image-1292\" srcset=\"https:\/\/i0.wp.com\/latroupedesanciens.org\/tda_wp\/wp-content\/uploads\/2019\/03\/BookCover50th.png?w=908 908w, https:\/\/i0.wp.com\/latroupedesanciens.org\/tda_wp\/wp-content\/uploads\/2019\/03\/BookCover50th.png?resize=150%2C150 150w, https:\/\/i0.wp.com\/latroupedesanciens.org\/tda_wp\/wp-content\/uploads\/2019\/03\/BookCover50th.png?resize=300%2C300 300w, https:\/\/i0.wp.com\/latroupedesanciens.org\/tda_wp\/wp-content\/uploads\/2019\/03\/BookCover50th.png?resize=768%2C770 768w\" sizes=\"auto, (max-width: 709px) 85vw, (max-width: 909px) 67vw, (max-width: 1362px) 62vw, 840px\" \/><\/a><figcaption>Couverture du livre du 50e anniversaire<\/figcaption><\/figure>\n<p>Ce livre, qui vous rappellera des souvenirs, et qui voit le jour gr\u00e2ce \u00e0 un don substantiel du D\u00e9partement d\u2019\u00c9tudes fran\u00e7aises de l\u2019Universit\u00e9 de Toronto, co\u00fbte la modique somme de 50 $, \u00e0 laquelle il nous faudra ajouter de co\u00fbt de l\u2019exp\u00e9dition si vous d\u00e9sirez que votre exemplaire vous soit envoy\u00e9.<\/p>\n\n<p>Comme il s\u2019agit d\u2019une \u00e9dition \u00e0 tirage limit\u00e9, il serait sage de vous procurer votre exemplaire le plus t\u00f4t possible. Si vous le commandez suffisamment d\u2019avance, le livre sera \u00e0 votre disposition les soirs des spectacles (le 12 et le 13 avril).<\/p>\n\n<p>Merci encore de votre appui !<\/p>\n\n<h2 class=\"wp-block-heading\"><strong>Achetez votre ou vos livres\u00a0!<\/strong><\/h2>\n\n<h3 class=\"wp-block-heading\"><strong>Modes de paiement<\/strong><\/h3>\n\n<h4 class=\"wp-block-heading\">Payez en-ligne maintenant<\/h4>\n\n<p>Vous pouvez acheter votre livre et payer en-ligne ici : veuillez cliquer le bouton ci-dessous. Les paiements sont trait\u00e9s par PayPal. Cependant, vous n\u2019avez pas besoin de compte PayPal. Vous pouvez payer par carte de cr\u00e9dit; carte de d\u00e9bit avec un logo Visa ou Mastercard ; ou avec votre propre compte PayPal si vous en avez. Veuillez utiliser le champ \u00ab instructions \u00bb chez PayPal pour pr\u00e9ciser comment vous aimeriez recevoir votre livre (voyez les options dans la section \u00ab Comment recevoir votre livre \u00bb ci-dessous).<\/p>\n<p style=\"padding-left: 30px;\"><strong>Beau livre de la Troupe 50$<\/strong>\r\n<a title=\"Buy_Book_Now\" href=\"https:\/\/www.paypal.com\/cgi-bin\/webscr?cmd=_s-xclick&amp;hosted_button_id=2CJUYZB22HMQ8\">\r\n<img data-recalc-dims=\"1\" decoding=\"async\" src=\"https:\/\/i0.wp.com\/www.paypal.com\/fr_FR\/FR\/i\/btn\/btn_buynow_LG.gif?w=840&#038;ssl=1\" alt=\"Bouton en fran\u00e7ais Acheter maintenant\" \/>\r\n<\/a><\/p>\n<p><img decoding=\"async\" src=\"https:\/\/www.paypalobjects.com\/webstatic\/mktg\/logo\/AM_mc_vs_dc_ae.jpg\" alt=\"PayPal logo\"><\/p>\n\n<h4 class=\"wp-block-heading\">Payez par ch\u00e8que par la poste<\/h4>\n\n<p>Vous pouvez aussi promptement nous envoyer un ch\u00e8que par la poste ($50\/livre), libell\u00e9 \u00e0 LA TROUPE DES ANCIENS, \u00e0 l\u2019adresse suivante\u00a0:\r\n\r\nProfessor Paulette Collet\r\nUniversity of St. Michael&rsquo;s College\r\nCasier 535\r\n81, rue Saint Mary\r\nToronto (Ontario) M5S 1J4<\/p>\n\n<h3 class=\"wp-block-heading\">Comment recevoir votre livre<\/h3>\nNous pr\u00e9f\u00e9rons vous donner votre livre les soirs des spectacles (le 12 et 13 avril 2019) ou lors d&rsquo;un autre \u00e9v\u00e8nement de La Troupe. Nous pouvons aussi envoyer votre copie, au cas o\u00f9 il nous faudra ajouter le co\u00fbt de l\u2019exp\u00e9dition.\n<h3 class=\"wp-block-heading\">Questions ?<\/h3>\n\n<p>Veuillez <a href=\"http:\/\/latroupedesanciens.org\/tda_wp\/fr\/contactez-nous\/\">nous contacter<\/a> si vous avez des questions ou des suggestions.<\/p>\n","protected":false},"excerpt":{"rendered":"<p>En 2019, la Troupe des Anciens de l\u2019Universit\u00e9 de Toronto f\u00eate son cinquantenaire et c\u2019est, en grande partie, gr\u00e2ce \u00e0 l\u2019appui et \u00e0 la fid\u00e9lit\u00e9 de son public qu\u2019elle doit sa survie. Pour marquer cet anniversaire si important, nous avons publi\u00e9 un beau livre, bilingue, \u00ab a coffee table book \u00bb, qui retrace bri\u00e8vement l\u2019histoire &hellip; <a href=\"http:\/\/latroupedesanciens.org\/tda_wp\/fr\/livre-du-50e-anniversaire\/\" class=\"more-link\">Continuez \u00e0 lire<span class=\"screen-reader-text\"> &laquo;&nbsp;Livre du 50e anniversaire&nbsp;&raquo;<\/span><\/a><\/p>\n","protected":false},"author":1,"featured_media":0,"parent":0,"menu_order":0,"comment_status":"closed","ping_status":"closed","template":"","meta":{"jetpack_post_was_ever_published":false,"footnotes":""},"class_list":["post-1309","page","type-page","status-publish","hentry"],"jetpack_sharing_enabled":true,"jetpack_shortlink":"https:\/\/wp.me\/P4pXBP-l7","_links":{"self":[{"href":"http:\/\/latroupedesanciens.org\/tda_wp\/fr\/wp-json\/wp\/v2\/pages\/1309","targetHints":{"allow":["GET"]}}],"collection":[{"href":"http:\/\/latroupedesanciens.org\/tda_wp\/fr\/wp-json\/wp\/v2\/pages"}],"about":[{"href":"http:\/\/latroupedesanciens.org\/tda_wp\/fr\/wp-json\/wp\/v2\/types\/page"}],"author":[{"embeddable":true,"href":"http:\/\/latroupedesanciens.org\/tda_wp\/fr\/wp-json\/wp\/v2\/users\/1"}],"replies":[{"embeddable":true,"href":"http:\/\/latroupedesanciens.org\/tda_wp\/fr\/wp-json\/wp\/v2\/comments?post=1309"}],"version-history":[{"count":10,"href":"http:\/\/latroupedesanciens.org\/tda_wp\/fr\/wp-json\/wp\/v2\/pages\/1309\/revisions"}],"predecessor-version":[{"id":1350,"href":"http:\/\/latroupedesanciens.org\/tda_wp\/fr\/wp-json\/wp\/v2\/pages\/1309\/revisions\/1350"}],"wp:attachment":[{"href":"http:\/\/latroupedesanciens.org\/tda_wp\/fr\/wp-json\/wp\/v2\/media?parent=1309"}],"curies":[{"name":"wp","href":"https:\/\/api.w.org\/{rel}","templated":true}]}}