{"id":1529,"date":"2020-02-04T00:17:35","date_gmt":"2020-02-04T05:17:35","guid":{"rendered":"http:\/\/latroupedesanciens.org\/tda_wp\/?page_id=1529"},"modified":"2020-03-17T15:57:45","modified_gmt":"2020-03-17T19:57:45","slug":"billets-2020","status":"publish","type":"page","link":"http:\/\/latroupedesanciens.org\/tda_wp\/fr\/billets-2020\/","title":{"rendered":"Billets 2020"},"content":{"rendered":"\n<figure class=\"wp-block-pullquote\" style=\"border-color:#ff675f\"><blockquote class=\"has-text-color has-dark-red-color\">\n<p><strong>Les representations du <em>Tartuffe<\/em> de cette ann\u00e9e sont remises \u00e0 cause de la pand\u00e9mie COVID-19. La vente de billets est suspendue. <a href=\"http:\/\/latroupedesanciens.org\/tda_wp\/fr\/2020\/03\/representations-de-tartuffe-remises-a-2021\/\">Veuillez lire le message<\/a> de notre directrice artisique.\r\n<\/strong><\/p>\n<cite>Votre webmestre<\/cite>\n<\/blockquote><\/figure>\n<p>Cette page vous permet\u00a0<strong>d\u2019acheter<\/strong> des billets. Apr\u00e8s votre achat, et \u00e0 partir de la semaine du 16 mars 2020 au plus tard, notre excellente \u00e9quipe de guichet vous attribuera les meilleures places selon l\u2019ordre dans lequel les commandes auront \u00e9t\u00e9 re\u00e7ues et confirmera votre commande par courriel. Au cas o\u00f9 vous auriez des besoins sp\u00e9cifiques ou si vous d\u00e9sirez des places qui offrent une meilleure vue des surtitres en anglais, veuillez <a href=\"http:\/\/latroupedesanciens.org\/tda_wp\/fr\/contactez-nous\/\">contacter l\u2019\u00e9quipe de guichet<\/a> apr\u00e8s votre achat, soit d\u00e8s maintenant par courriel, soit apr\u00e8s le 13 avril 2020 par t\u00e9l\u00e9phone. Vous pouvez consulter le\u00a0<a href=\"http:\/\/latroupedesanciens.org\/tda_wp\/wp-content\/uploads\/2014\/git_seatingchart_rev01.jpg\">plan de la salle<\/a>, mais il se peut que les places que vois choisissez ne soient plus disponibles. D\u2019autre part, si vous d\u00e9sirez une vue claire des surtitres en anglais, \u00e9vitez les trois premi\u00e8res rang\u00e9es. Le soir du spectacle que vous avez choisi, vos billets seront \u00e0 votre disposition \u00e0 l\u2019entr\u00e9e du th\u00e9\u00e2tre jusqu\u2019\u00e0 votre arriv\u00e9e (Th\u00e9\u00e2tre George Ignatieff, 15 Devonshire Place; <a href=\"http:\/\/g.co\/maps\/79byt\">carte Google<\/a>).<\/p>\n\n<p>Si vous avez des questions, veuillez <a href=\"http:\/\/latroupedesanciens.org\/tda_wp\/fr\/contactez-nous\/\">contacter notre \u00e9quipe de guichet<\/a>, soit d\u00e8s maintenant par courriel ou par t\u00e9l\u00e9phone \u00e0 partir du 13 avril 2020.<\/p>\n\n<h3 class=\"wp-block-heading\">M\u00e9thode de paiement<\/h3>\n\n<p>Les paiements sont trait\u00e9s par PayPal. Cependant, vous n\u2019avez pas besoin de compte PayPal. Vous pouvez payer par carte de cr\u00e9dit ; carte de d\u00e9bit avec un logo Visa ou Mastercard ; ou avec votre propre compte PayPal si vous en avez.<\/p>\n\n<figure class=\"wp-block-image\"><img decoding=\"async\" src=\"https:\/\/www.paypalobjects.com\/webstatic\/mktg\/logo\/AM_mc_vs_dc_ae.jpg\" alt=\"\"><\/figure>\n<h2 class=\"wp-block-heading\">Acheter vos billets<\/h2>\n\n<h3 class=\"wp-block-heading\">le vendredi 24 avril 2020 \u00e0 19 h 30<\/h3>\n\n<p><strong>Billet adulte 25$<\/strong>\r\n<!-- <a title=\"Acheter billets adultes vendredi 24 avril 2020\" href=\"https:\/\/www.paypal.com\/cgi-bin\/webscr?cmd=_s-xclick&amp;hosted_button_id=2NRYH5VVBG8PE\"><img decoding=\"async\" src=\"https:\/\/www.paypalobjects.com\/webstatic\/en_US\/i\/btn\/png\/btn_buynow_cc_171x47.png\" alt=\"Bouton payer maintenant avec cartes de cr&eacute;dit et cartes bancaires\"><\/a> --><\/p>\n\n<p><p><strong>Billet \u00e9tudiant\/\u00e9colier 15$<\/strong><br><!-- <a title=\"Acheter billets &eacute;tudiant\/&eacute;colier vendredi 24 avril 2020\" href=\"https:\/\/www.paypal.com\/cgi-bin\/webscr?cmd=_s-xclick&amp;hosted_button_id=Z5DBA39YMW2DW\"><img decoding=\"async\" src=\"https:\/\/www.paypalobjects.com\/webstatic\/en_US\/i\/btn\/png\/btn_buynow_cc_171x47.png\" alt=\"Bouton payer maintenant avec cartes de cr&eacute;dit et cartes bancaires\"><\/a> --><\/p><\/p>\n\n<h3 class=\"wp-block-heading\">le samedi 25 avril 2020 \u00e0 19 h 30<\/h3>\n\n<p><p><strong>Billet adulte 25$<\/strong><br><!-- <a title=\"Acheter billets adultes samedi 25 avril 2020\" href=\"https:\/\/www.paypal.com\/cgi-bin\/webscr?cmd=_s-xclick&amp;hosted_button_id=N34CS4UAFJ6C2\"><img decoding=\"async\" src=\"https:\/\/www.paypalobjects.com\/webstatic\/en_US\/i\/btn\/png\/btn_buynow_cc_171x47.png\" alt=\"Bouton payer maintenant avec cartes de cr&eacute;dit et cartes bancaires\"><\/a> --><\/p>\r\n<\/p>\n\n<p><p><strong>Billet \u00e9tudiant\/\u00e9colier 15$<\/strong><br><!-- <a title=\"Acheter billets &eacute;tudiant\/&eacute;colier samedi 25 avril 2020\" href=\"https:\/\/www.paypal.com\/cgi-bin\/webscr?cmd=_s-xclick&amp;hosted_button_id=7CZS8STV3WE38\"><img decoding=\"async\" src=\"https:\/\/www.paypalobjects.com\/webstatic\/en_US\/i\/btn\/png\/btn_buynow_cc_171x47.png\" alt=\"Bouton payer maintenant avec cartes de cr&eacute;dit et cartes bancaires\"><\/a> --><\/p><\/p>\n","protected":false},"excerpt":{"rendered":"<p>Les representations du Tartuffe de cette ann\u00e9e sont remises \u00e0 cause de la pand\u00e9mie COVID-19. La vente de billets est suspendue. Veuillez lire le message de notre directrice artisique. Votre webmestre Cette page vous permet\u00a0d\u2019acheter des billets. Apr\u00e8s votre achat, et \u00e0 partir de la semaine du 16 mars 2020 au plus tard, notre excellente &hellip; <a href=\"http:\/\/latroupedesanciens.org\/tda_wp\/fr\/billets-2020\/\" class=\"more-link\">Continuez \u00e0 lire<span class=\"screen-reader-text\"> &laquo;&nbsp;Billets 2020&nbsp;&raquo;<\/span><\/a><\/p>\n","protected":false},"author":1,"featured_media":0,"parent":0,"menu_order":0,"comment_status":"closed","ping_status":"closed","template":"","meta":{"jetpack_post_was_ever_published":false,"footnotes":""},"class_list":["post-1529","page","type-page","status-publish","hentry"],"jetpack_sharing_enabled":true,"jetpack_shortlink":"https:\/\/wp.me\/P4pXBP-oF","_links":{"self":[{"href":"http:\/\/latroupedesanciens.org\/tda_wp\/fr\/wp-json\/wp\/v2\/pages\/1529","targetHints":{"allow":["GET"]}}],"collection":[{"href":"http:\/\/latroupedesanciens.org\/tda_wp\/fr\/wp-json\/wp\/v2\/pages"}],"about":[{"href":"http:\/\/latroupedesanciens.org\/tda_wp\/fr\/wp-json\/wp\/v2\/types\/page"}],"author":[{"embeddable":true,"href":"http:\/\/latroupedesanciens.org\/tda_wp\/fr\/wp-json\/wp\/v2\/users\/1"}],"replies":[{"embeddable":true,"href":"http:\/\/latroupedesanciens.org\/tda_wp\/fr\/wp-json\/wp\/v2\/comments?post=1529"}],"version-history":[{"count":12,"href":"http:\/\/latroupedesanciens.org\/tda_wp\/fr\/wp-json\/wp\/v2\/pages\/1529\/revisions"}],"predecessor-version":[{"id":1638,"href":"http:\/\/latroupedesanciens.org\/tda_wp\/fr\/wp-json\/wp\/v2\/pages\/1529\/revisions\/1638"}],"wp:attachment":[{"href":"http:\/\/latroupedesanciens.org\/tda_wp\/fr\/wp-json\/wp\/v2\/media?parent=1529"}],"curies":[{"name":"wp","href":"https:\/\/api.w.org\/{rel}","templated":true}]}}