{"id":1957,"date":"2023-04-10T01:21:42","date_gmt":"2023-04-10T05:21:42","guid":{"rendered":"http:\/\/latroupedesanciens.org\/tda_wp\/billets-2023\/"},"modified":"2024-02-14T22:52:25","modified_gmt":"2024-02-15T03:52:25","slug":"billets-2023","status":"publish","type":"page","link":"http:\/\/latroupedesanciens.org\/tda_wp\/fr\/billets-2023\/","title":{"rendered":"Billets 2023"},"content":{"rendered":"\n<p>Cette page vous permet\u00a0<strong>d\u2019acheter<\/strong> des billets. Apr\u00e8s votre achat, et \u00e0 partir de la semaine du 10 avril 2023 au plus tard, notre excellente \u00e9quipe de guichet vous attribuera les meilleures places selon l\u2019ordre dans lequel les commandes auront \u00e9t\u00e9 re\u00e7ues et confirmera votre commande par courriel.<\/p>\n\n<p>Au cas o\u00f9 vous auriez des besoins sp\u00e9cifiques ou si vous d\u00e9sirez des places qui offrent une meilleure vue des surtitres en anglais, veuillez <a href=\"http:\/\/latroupedesanciens.org\/tda_wp\/fr\/contactez-nous\/\">contacter l\u2019\u00e9quipe de guichet<\/a> apr\u00e8s votre achat, soit d\u00e8s maintenant par courriel, soit apr\u00e8s le 10 avril 2023 par t\u00e9l\u00e9phone. Vous pouvez consulter le <a href=\"http:\/\/latroupedesanciens.org\/tda_wp\/wp-content\/uploads\/2014\/git_seatingchart_rev01.jpg\">plan de la salle<\/a>, mais il se peut que les places que vois choisissez ne soient plus disponibles. D\u2019autre part, si vous d\u00e9sirez une vue claire des surtitres en anglais, \u00e9vitez les trois premi\u00e8res rang\u00e9es.<\/p>\n\n<p>Le soir du spectacle que vous avez choisi, vos billets seront \u00e0 votre disposition \u00e0 l\u2019entr\u00e9e du th\u00e9\u00e2tre jusqu\u2019\u00e0 votre arriv\u00e9e (Th\u00e9\u00e2tre George Ignatieff, 15 Devonshire Place; <a href=\"https:\/\/goo.gl\/maps\/m7tasLD7LscsTD7t6\">carte Google<\/a>).<\/p>\n\n<p>Si vous avez des questions, veuillez <a href=\"http:\/\/latroupedesanciens.org\/tda_wp\/fr\/contactez-nous\/\">contacter notre \u00e9quipe de guichet<\/a>, soit d\u00e8s maintenant par courriel ou par t\u00e9l\u00e9phone \u00e0 partir du 10 avril 2023.<\/p>\n\n<h3 class=\"wp-block-heading\">M\u00e9thode de paiement<\/h3>\n\n<p class=\"has-yellow-background-color has-background\">Les paiements sont trait\u00e9s par PayPal \u00e0 partir de leur site web. Cependant, vous n\u2019avez pas besoin de compte PayPal. Vous pouvez payer par carte de cr\u00e9dit ; carte de d\u00e9bit avec un logo Visa ou Mastercard ; ou avec votre propre compte PayPal si vous en avez.<\/p>\n\n<figure class=\"wp-block-image\"><img decoding=\"async\" src=\"https:\/\/www.paypalobjects.com\/webstatic\/mktg\/logo\/AM_mc_vs_dc_ae.jpg\" alt=\"\"><\/figure>\n\n<h2 class=\"wp-block-heading\">Acheter vos billets<\/h2>\n\n<h3 class=\"wp-block-heading\">le vendredi 21 avril 2023 \u00e0 19 h 30<\/h3>\n\n<p><strong>Billet adulte 25$<\/strong><br><a title=\"Acheter billets adultes vendredi 21 avril 2023\" href=\"https:\/\/www.paypal.com\/cgi-bin\/webscr?cmd=_s-xclick&amp;hosted_button_id=7N87YXPXPZCHG\"><img decoding=\"async\" src=\"https:\/\/www.paypalobjects.com\/webstatic\/en_US\/i\/btn\/png\/btn_buynow_cc_171x47.png\" alt=\"Bouton payer maintenant avec cartes de cr\u00e9dit et cartes bancaires\"><\/a>\r\n<\/p>\n\n<p><strong>Student Ticket $15<\/strong><br><a title=\"Buy Student ticket Friday April 21 2023\" href=\"https:\/\/www.paypal.com\/cgi-bin\/webscr?cmd=_s-xclick&amp;hosted_button_id=6WFRXGZJ7K8AQ\"><img decoding=\"async\" src=\"https:\/\/www.paypalobjects.com\/webstatic\/en_US\/i\/btn\/png\/btn_buynow_cc_171x47.png\" alt=\"Buy Now Button with Credit and Debit Cards\"><\/a><\/p>\n\n<h3 class=\"wp-block-heading\">le samedi 22 avril 2023 \u00e0 19 h 30<\/h3>\n\n<p><strong>Billet adulte 25$<\/strong>\r\n<a title=\"Acheter billets adultes samedi 22 avril 2023\" href=\"https:\/\/www.paypal.com\/cgi-bin\/webscr?cmd=_s-xclick&amp;hosted_button_id=LDXB5AFL83QPL\"><img decoding=\"async\" src=\"https:\/\/www.paypalobjects.com\/webstatic\/en_US\/i\/btn\/png\/btn_buynow_cc_171x47.png\" alt=\"Bouton payer maintenant avec cartes de cr\u00e9dit et cartes bancaires\"><\/a><\/p>\n\n<p><strong>Billet \u00e9tudiant\/\u00e9colier 15$<\/strong>\r\n<a title=\"Acheter billets \u00e9tudiant\/\u00e9colier samedi 22 avril 2023\" href=\"https:\/\/www.paypal.com\/cgi-bin\/webscr?cmd=_s-xclick&amp;hosted_button_id=X4G63HENY8D3U\"><img decoding=\"async\" src=\"https:\/\/www.paypalobjects.com\/webstatic\/en_US\/i\/btn\/png\/btn_buynow_cc_171x47.png\" alt=\"Bouton payer maintenant avec cartes de cr\u00e9dit et cartes bancaires\"><\/a><\/p>\n","protected":false},"excerpt":{"rendered":"<p>Cette page vous permet\u00a0d\u2019acheter des billets. Apr\u00e8s votre achat, et \u00e0 partir de la semaine du 10 avril 2023 au plus tard, notre excellente \u00e9quipe de guichet vous attribuera les meilleures places selon l\u2019ordre dans lequel les commandes auront \u00e9t\u00e9 re\u00e7ues et confirmera votre commande par courriel. Au cas o\u00f9 vous auriez des besoins sp\u00e9cifiques &hellip; <a href=\"http:\/\/latroupedesanciens.org\/tda_wp\/fr\/billets-2023\/\" class=\"more-link\">Continuez \u00e0 lire<span class=\"screen-reader-text\"> &laquo;&nbsp;Billets 2023&nbsp;&raquo;<\/span><\/a><\/p>\n","protected":false},"author":1,"featured_media":0,"parent":0,"menu_order":0,"comment_status":"closed","ping_status":"closed","template":"","meta":{"jetpack_post_was_ever_published":false,"footnotes":""},"class_list":["post-1957","page","type-page","status-publish","hentry"],"jetpack_sharing_enabled":true,"jetpack_shortlink":"https:\/\/wp.me\/P4pXBP-vz","_links":{"self":[{"href":"http:\/\/latroupedesanciens.org\/tda_wp\/fr\/wp-json\/wp\/v2\/pages\/1957","targetHints":{"allow":["GET"]}}],"collection":[{"href":"http:\/\/latroupedesanciens.org\/tda_wp\/fr\/wp-json\/wp\/v2\/pages"}],"about":[{"href":"http:\/\/latroupedesanciens.org\/tda_wp\/fr\/wp-json\/wp\/v2\/types\/page"}],"author":[{"embeddable":true,"href":"http:\/\/latroupedesanciens.org\/tda_wp\/fr\/wp-json\/wp\/v2\/users\/1"}],"replies":[{"embeddable":true,"href":"http:\/\/latroupedesanciens.org\/tda_wp\/fr\/wp-json\/wp\/v2\/comments?post=1957"}],"version-history":[{"count":4,"href":"http:\/\/latroupedesanciens.org\/tda_wp\/fr\/wp-json\/wp\/v2\/pages\/1957\/revisions"}],"predecessor-version":[{"id":2060,"href":"http:\/\/latroupedesanciens.org\/tda_wp\/fr\/wp-json\/wp\/v2\/pages\/1957\/revisions\/2060"}],"wp:attachment":[{"href":"http:\/\/latroupedesanciens.org\/tda_wp\/fr\/wp-json\/wp\/v2\/media?parent=1957"}],"curies":[{"name":"wp","href":"https:\/\/api.w.org\/{rel}","templated":true}]}}