{"id":2062,"date":"2024-02-14T23:46:16","date_gmt":"2024-02-15T04:46:16","guid":{"rendered":"http:\/\/latroupedesanciens.org\/tda_wp\/billets-2024\/"},"modified":"2024-04-20T19:32:34","modified_gmt":"2024-04-20T23:32:34","slug":"billets-2024","status":"publish","type":"page","link":"http:\/\/latroupedesanciens.org\/tda_wp\/fr\/billets-2024\/","title":{"rendered":"Billets 2024"},"content":{"rendered":"\n<p>Cette page vous permet d\u2019acheter des billets. Apr\u00e8s votre achat, et \u00e0 partir de la semaine du 15 avril 2024 au plus tard, notre excellente \u00e9quipe de guichet vous attribuera les meilleures places selon l\u2019ordre dans lequel les commandes auront \u00e9t\u00e9 re\u00e7ues et confirmera votre commande par courriel.<\/p>\n\n<p>Au cas o\u00f9 vous auriez des besoins sp\u00e9cifiques ou si vous d\u00e9sirez des places qui offrent une meilleure vue des surtitres en anglais, veuillez <a href=\"http:\/\/latroupedesanciens.org\/tda_wp\/fr\/contactez-nous\/\">contacter l\u2019\u00e9quipe de guichet<\/a> apr\u00e8s votre achat, soit d\u00e8s maintenant par courriel, soit apr\u00e8s le 15 avril 2024 par t\u00e9l\u00e9phone. Vous pouvez consulter le <a href=\"http:\/\/latroupedesanciens.org\/tda_wp\/fr\/artslettersseatingplan-2\/\">plan de la salle<\/a>, mais il se peut que les places que vois choisissez ne soient plus disponibles. D\u2019autre part, si vous d\u00e9sirez une vue claire des surtitres en anglais, \u00e9vitez les premi\u00e8res rang\u00e9es.<\/p>\n\n<p>Le soir du spectacle que vous avez choisi, vos billets seront \u00e0 votre disposition \u00e0 l\u2019entr\u00e9e du th\u00e9\u00e2tre jusqu\u2019\u00e0 votre arriv\u00e9e (The Arts and Letters Club, 14, rue Elm; <a href=\"https:\/\/maps.app.goo.gl\/WejPbTtYwzr9k5sn8\">carte Google<\/a>).<\/p>\n\n<p>Si vous avez des questions, veuillez contacter notre \u00e9quipe de guichet, soit d\u00e8s maintenant par courriel ou par t\u00e9l\u00e9phone \u00e0 partir du 15 avril 2024.<\/p>\n\n<h2 class=\"wp-block-heading\">M\u00e9thodes de paiement<\/h2>\n\n<p>Les paiements sont trait\u00e9s par PayPal \u00e0 partir de leur site web. Cependant, vous n\u2019avez pas besoin de compte PayPal. Vous pouvez payer par carte de cr\u00e9dit ; carte de d\u00e9bit avec un logo Visa ou Mastercard ; ou avec votre propre compte PayPal si vous en avez.<\/p>\n<figure class=\"wp-block-image\"><img decoding=\"async\" src=\"https:\/\/www.paypalobjects.com\/webstatic\/mktg\/logo\/AM_mc_vs_dc_ae.jpg\" alt=\"\"\/><\/figure>\n<h2 class=\"wp-block-heading\">Acheter vos billets<\/h2>\n\n<h3 class=\"wp-block-heading\">le vendredi 26 avril 2024 \u00e0 19 h 30<\/h3>\n\n<p class=\"has-yellow-background-color has-background\"><strong>Le nombre de billets est limit\u00e9.<\/strong> Nous vous conseillons fortement de <a href=\"http:\/\/latroupedesanciens.org\/tda_wp\/fr\/contactez-nous\">contacter le guichet<\/a> avant d&rsquo;effectuer un achat.<\/p>\n<p><strong>Billet adulte 30 $<\/strong><br\/><a title=\"Acheter billets adultes vendredi 26 avril 2024\" href=\"https:\/\/www.paypal.com\/cgi-bin\/webscr?cmd=_s-xclick&#038;hosted_button_id=LAAUTDE9VSFK6\"><img decoding=\"async\" src=\"https:\/\/www.paypalobjects.com\/webstatic\/en_US\/i\/btn\/png\/btn_buynow_cc_171x47.png\" alt=\"Bouton payer maintenant avec cartes de cr\u00e9dit et cartes bancaires\"><\/a><\/p><p><strong>Billet \u00e9tudiant\/\u00e9colier 18 $<\/strong><br\/><a title=\"Acheter billets \u00e9tudiant\/\u00e9colier vendredi 26 2024\" href=\"https:\/\/www.paypal.com\/cgi-bin\/webscr?cmd=_s-xclick&#038;hosted_button_id=VVYXBS4L7GCKA\"><img decoding=\"async\" src=\"https:\/\/www.paypalobjects.com\/webstatic\/en_US\/i\/btn\/png\/btn_buynow_cc_171x47.png\" alt=\"Bouton payer maintenant avec cartes de cr\u00e9dit et cartes bancaires\"><\/a><\/p>\n<h3 class=\"wp-block-heading\">le samedi 27 avril 2024 \u00e0 19 h 30<\/h3>\n\n<p class=\"has-yellow-background-color has-background\"><strong>Le nombre de billets est limit\u00e9.<\/strong> Nous vous conseillons fortement de <a href=\"http:\/\/latroupedesanciens.org\/tda_wp\/fr\/contactez-nous\">contacter le guichet<\/a> avant d&rsquo;effectuer un achat.<\/p>\n<p><strong>Billet adulte 30 $<\/strong><br\/><a title=\"Acheter billets adultes samedi 27 avril 2024\" href=\"https:\/\/www.paypal.com\/cgi-bin\/webscr?cmd=_s-xclick&#038;hosted_button_id=ACBDZH48V2YW2\"><img decoding=\"async\" src=\"https:\/\/www.paypalobjects.com\/webstatic\/en_US\/i\/btn\/png\/btn_buynow_cc_171x47.png\" alt=\"Bouton payer maintenant avec cartes de cr\u00e9dit et cartes bancaires\"><\/a><\/p><p><strong>Billet \u00e9tudiant\/\u00e9colier 18 $<\/strong><br\/>\r\n\r\n<a title=\"Acheter billets \u00e9tudiant\/\u00e9colier samedi 27 2024\" href=\"https:\/\/www.paypal.com\/cgi-bin\/webscr?cmd=_s-xclick&#038;hosted_button_id=W95K5DPPZHVAQ\"><img decoding=\"async\" src=\"https:\/\/www.paypalobjects.com\/webstatic\/en_US\/i\/btn\/png\/btn_buynow_cc_171x47.png\" alt=\"Bouton payer maintenant avec cartes de cr\u00e9dit et cartes bancaires\"><\/a><\/p>","protected":false},"excerpt":{"rendered":"<p>Cette page vous permet d\u2019acheter des billets. Apr\u00e8s votre achat, et \u00e0 partir de la semaine du 15 avril 2024 au plus tard, notre excellente \u00e9quipe de guichet vous attribuera les meilleures places selon l\u2019ordre dans lequel les commandes auront \u00e9t\u00e9 re\u00e7ues et confirmera votre commande par courriel. Au cas o\u00f9 vous auriez des besoins &hellip; <a href=\"http:\/\/latroupedesanciens.org\/tda_wp\/fr\/billets-2024\/\" class=\"more-link\">Continuez \u00e0 lire<span class=\"screen-reader-text\"> &laquo;&nbsp;Billets 2024&nbsp;&raquo;<\/span><\/a><\/p>\n","protected":false},"author":1,"featured_media":0,"parent":0,"menu_order":0,"comment_status":"closed","ping_status":"closed","template":"","meta":{"jetpack_post_was_ever_published":false,"footnotes":""},"class_list":["post-2062","page","type-page","status-publish","hentry"],"jetpack_sharing_enabled":true,"jetpack_shortlink":"https:\/\/wp.me\/P4pXBP-xg","_links":{"self":[{"href":"http:\/\/latroupedesanciens.org\/tda_wp\/fr\/wp-json\/wp\/v2\/pages\/2062","targetHints":{"allow":["GET"]}}],"collection":[{"href":"http:\/\/latroupedesanciens.org\/tda_wp\/fr\/wp-json\/wp\/v2\/pages"}],"about":[{"href":"http:\/\/latroupedesanciens.org\/tda_wp\/fr\/wp-json\/wp\/v2\/types\/page"}],"author":[{"embeddable":true,"href":"http:\/\/latroupedesanciens.org\/tda_wp\/fr\/wp-json\/wp\/v2\/users\/1"}],"replies":[{"embeddable":true,"href":"http:\/\/latroupedesanciens.org\/tda_wp\/fr\/wp-json\/wp\/v2\/comments?post=2062"}],"version-history":[{"count":3,"href":"http:\/\/latroupedesanciens.org\/tda_wp\/fr\/wp-json\/wp\/v2\/pages\/2062\/revisions"}],"predecessor-version":[{"id":2092,"href":"http:\/\/latroupedesanciens.org\/tda_wp\/fr\/wp-json\/wp\/v2\/pages\/2062\/revisions\/2092"}],"wp:attachment":[{"href":"http:\/\/latroupedesanciens.org\/tda_wp\/fr\/wp-json\/wp\/v2\/media?parent=2062"}],"curies":[{"name":"wp","href":"https:\/\/api.w.org\/{rel}","templated":true}]}}