{"id":2188,"date":"2025-03-30T22:24:50","date_gmt":"2025-03-31T02:24:50","guid":{"rendered":"http:\/\/latroupedesanciens.org\/tda_wp\/spectacle-2025-le-bourgeois-gentilhomme\/"},"modified":"2025-04-23T14:09:22","modified_gmt":"2025-04-23T18:09:22","slug":"spectacle-2025","status":"publish","type":"page","link":"http:\/\/latroupedesanciens.org\/tda_wp\/fr\/spectacle-2025\/","title":{"rendered":"Spectacle 2025 \u2013 Le Bourgeois gentilhomme"},"content":{"rendered":"<div class=\"wp-block-image\">\n<figure class=\"alignleft size-medium\"><a href=\"\"><img data-recalc-dims=\"1\" loading=\"lazy\" decoding=\"async\" width=\"300\" height=\"237\" src=\"https:\/\/i0.wp.com\/latroupedesanciens.org\/tda_wp\/wp-content\/uploads\/2016\/08\/BourgeoisGentilhommeFrontispiece1688.jpg?resize=300%2C237\" alt=\"Frontispice et page de titre d\u2019une \u00e9dition du Bourgeois gentilhomme de 1688\" class=\"wp-image-581\" srcset=\"https:\/\/i0.wp.com\/latroupedesanciens.org\/tda_wp\/wp-content\/uploads\/2016\/08\/BourgeoisGentilhommeFrontispiece1688.jpg?resize=300%2C237 300w, https:\/\/i0.wp.com\/latroupedesanciens.org\/tda_wp\/wp-content\/uploads\/2016\/08\/BourgeoisGentilhommeFrontispiece1688.jpg?resize=768%2C607 768w, https:\/\/i0.wp.com\/latroupedesanciens.org\/tda_wp\/wp-content\/uploads\/2016\/08\/BourgeoisGentilhommeFrontispiece1688.jpg?w=983 983w\" sizes=\"auto, (max-width: 300px) 85vw, 300px\" \/><\/a><figcaption class=\"wp-element-caption\">Frontispice et page de titre d\u2019une \u00e9dition du Bourgeois gentilhomme de 1688<\/figcaption><\/figure>\n<\/div>\n<p>Nous pr\u00e9sentons en mai 2025 la c\u00e9l\u00e8bre com\u00e9die de Moli\u00e8re <em>Le Bourgeois gentilhomme<\/em>.<\/p>\n\n<p><em>Le Bourgeois gentilhomme<\/em> est\u00a0une com\u00e9die-ballet en prose en cinq actes, avec musique compos\u00e9e\u00a0par le surintendant de la musique royal\u00a0<a href=\"https:\/\/fr.wikipedia.org\/wiki\/Jean-Baptiste_Lully\">Jean-Baptiste Lully<\/a>, qui a \u00e9t\u00e9 jou\u00e9e pour la premi\u00e8re fois le 14 octobre 1670 au <a href=\"https:\/\/fr.wikipedia.org\/wiki\/Ch%C3%A2teau_de_Chambord\">Ch\u00e2teau de Chambord<\/a>, ensuite\u00a0au <a href=\"https:\/\/fr.wikipedia.org\/wiki\/Th%C3%A9%C3%A2tre_du_Palais-Royal\">Th\u00e9\u00e2tre du Palais-Royal<\/a> \u00e0 Paris \u00e0 partir du 23 novembre 1670. Elle a connu un grand succ\u00e8s et se moque \u00e9galement de la bourgeoisie pr\u00e9tentieuse et de la noblesse en France au 17<sup>me<\/sup> si\u00e8cle.<\/p>\n<div class=\"wp-block-image\">\n<figure class=\"alignright size-medium\"><a href=\"\"><img data-recalc-dims=\"1\" loading=\"lazy\" decoding=\"async\" width=\"174\" height=\"300\" src=\"https:\/\/i0.wp.com\/latroupedesanciens.org\/tda_wp\/wp-content\/uploads\/2016\/08\/Monsieur-Jourdain-crop-20160512.jpg?resize=174%2C300\" alt=\"Costume de 19me si\u00e8cle pour M. Jourdain, r\u00f4le principal du Bourgeois gentillehomme\" class=\"wp-image-583\" srcset=\"https:\/\/i0.wp.com\/latroupedesanciens.org\/tda_wp\/wp-content\/uploads\/2016\/08\/Monsieur-Jourdain-crop-20160512.jpg?resize=174%2C300 174w, https:\/\/i0.wp.com\/latroupedesanciens.org\/tda_wp\/wp-content\/uploads\/2016\/08\/Monsieur-Jourdain-crop-20160512.jpg?w=435 435w\" sizes=\"auto, (max-width: 174px) 85vw, 174px\" \/><\/a><figcaption class=\"wp-element-caption\">Costume de 19me si\u00e8cle pour M. Jourdain, r\u00f4le principal du Bourgeois gentillehomme<\/figcaption><\/figure>\n<\/div>\n<p>Pour plus de renseignements au sujet des pi\u00e8ces, voyez les articles <a href=\"https:\/\/fr.wikipedia.org\/wiki\/Le_Bourgeois_gentilhomme\"><em>Le Bourgeois gentilhomme<\/em><\/a>\u00a0et <a href=\"https:\/\/fr.wikipedia.org\/wiki\/Moli%C3%A8re\">Moli\u00e8re <\/a>dans Wikip\u00e9dia. Vous pouvez \u00e9galement <a href=\"https:\/\/theatrecentre.org\/event\/moliere-le-bourgeois-gentilhomme\/\">voir notre page au Toronto Theatre Centre<\/a>. Nous offrons le r\u00e9sum\u00e9 et le texte int\u00e9gral en anglais et en fran\u00e7ais ci-dessous; veuillez suivre nos comptes m\u00e9dia sociaux pour d\u2019autres nouvelles.<\/p>\n\n<p>Il y aura deux repr\u00e9sentations : le vendredi 2 et le samedi 3 mai 2025 \u00e0 20 h 00 au Th\u00e9\u00e2tre Franco Boni au Theatre Centre, 1115, rue Queen ouest. Des copies imprim\u00e9es du r\u00e8sum\u00e9 en anglais ainsi qu&rsquo;une projection de surtitres en anglais seront disponibles pour les deux spectacles. Veuillez voir ci-dessous pour acheter les billets.<\/p>\n\n<h2 class=\"wp-block-heading\">Renseignements<\/h2>\n\n<h3 class=\"wp-block-heading\">Dates et l\u2019heure<\/h3>\n\n<p>Vendredi 2 et le samedi 3 mai 2025 \u00e0 20 h 00\r\nDes surtitres en anglais seront projet\u00e9s les deux soirs<\/p>\n\n<h3 class=\"wp-block-heading\">Lieu<\/h3>\n\n<p>The Theatre Centre\r\nFranco Boni Theatre\r\n1115, rue Queen ouest\r\nToronto (ON) M6J 1J1<\/p>\n\n<h3 class=\"wp-block-heading\">Billets<\/h3>\n\n<ul class=\"wp-block-list\">\n\n\n\n<li>Adultes 35$, \u00e9tudiants\/\u00e9coliers 20$<\/li>\n\n<li><a href=\"https:\/\/theatrecentre.org\/tickets\/?eid=151703\">Acheter en-ligne<\/a><\/li>\n\n<li>Aide par courriel ou par t\u00e9l\u00e9phone \u2013 <a href=\"https:\/\/theatrecentre.org\/contact\/\" target=\"_blank\" rel=\"noreferrer noopener\">The Theatre Centre Box office<\/a> (seulement en anglais)<\/li>\n\n<li>Vous pouvez aussi acheter des billets les soirs des spectacles s\u2019il en reste \u00e0 l\u2019entr\u00e9e du th\u00e9\u00e2tre.<\/li>\n\n\n\n<\/ul>\n\n<h3 class=\"wp-block-heading\">Transport en commun<\/h3>\n\n<p>Tramway rue Queen jusqu&rsquo;au chemin Dovercourt ou \u00e0 la rue Abell<\/p>\n\n<p>Bus direction sud aux stations de m\u00e9tro Ossington ou Dufferin.<\/p>\n\n<h3 class=\"wp-block-heading\">Cartes<\/h3>\n\n<p>Carte Google<\/p>\n\n<h3 class=\"wp-block-heading\">R\u00e9sum\u00e9s et textes int\u00e9graux<\/h3>\n\n<ul class=\"wp-block-list\">\n\n<li>R\u00e9sum\u00e9s <a href=\"http:\/\/latroupedesanciens.org\/tda_wp\/fr\/resume-bourgeois-2017-en-rev01-2\/\">en anglais<\/a> <a href=\"http:\/\/latroupedesanciens.org\/tda_wp\/fr\/resume-bourgeois-2017-fr-rev01-2\/\">en fran\u00e7ais<\/a><\/li>\n\n<li>Textes int\u00e9graux <a href=\"http:\/\/latroupedesanciens.org\/tda_wp\/2017\/03\/resumes-and-full-texts-now-available-for-the-bourgeois-gentilhomme__trashed\/bourgeois-2017-en-rev00\/\">en anglais<\/a> <a href=\"http:\/\/latroupedesanciens.org\/tda_wp\/2017\/03\/resumes-and-full-texts-now-available-for-the-bourgeois-gentilhomme__trashed\/bourgeois-2017-fr-rev00\/\">en fran\u00e7ais<\/a><\/li>\n\n<\/ul>\n\n<h3 class=\"wp-block-heading\">Affiches<\/h3>\n\n<figure class=\"wp-block-image size-medium is-resized\"><a href=\"https:\/\/i0.wp.com\/latroupedesanciens.org\/tda_wp\/wp-content\/uploads\/2025\/03\/LBGAffichette2025.png\"><img data-recalc-dims=\"1\" loading=\"lazy\" decoding=\"async\" width=\"212\" height=\"300\" src=\"https:\/\/i0.wp.com\/latroupedesanciens.org\/tda_wp\/wp-content\/uploads\/2025\/03\/LBGAffichette2025.png?resize=212%2C300\" alt=\"\" class=\"wp-image-2168\" style=\"width:241px;height:auto\" srcset=\"https:\/\/i0.wp.com\/latroupedesanciens.org\/tda_wp\/wp-content\/uploads\/2025\/03\/LBGAffichette2025.png?resize=212%2C300 212w, https:\/\/i0.wp.com\/latroupedesanciens.org\/tda_wp\/wp-content\/uploads\/2025\/03\/LBGAffichette2025.png?resize=724%2C1024 724w, https:\/\/i0.wp.com\/latroupedesanciens.org\/tda_wp\/wp-content\/uploads\/2025\/03\/LBGAffichette2025.png?resize=768%2C1086 768w, https:\/\/i0.wp.com\/latroupedesanciens.org\/tda_wp\/wp-content\/uploads\/2025\/03\/LBGAffichette2025.png?resize=1086%2C1536 1086w, https:\/\/i0.wp.com\/latroupedesanciens.org\/tda_wp\/wp-content\/uploads\/2025\/03\/LBGAffichette2025.png?resize=1200%2C1697 1200w, https:\/\/i0.wp.com\/latroupedesanciens.org\/tda_wp\/wp-content\/uploads\/2025\/03\/LBGAffichette2025.png?w=1414 1414w\" sizes=\"auto, (max-width: 212px) 85vw, 212px\" \/><\/a><figcaption class=\"wp-element-caption\">Affichette pour Le Bourgeois gentilhomme de 2025<\/figcaption><\/figure>\n\n<h2 class=\"wp-block-heading\">Autres renseignements<\/h2>\n\n<ul class=\"wp-block-list\">\n<li>Programme (disponible sous peu)<\/li>\n<\/ul>\n","protected":false},"excerpt":{"rendered":"<p>Nous pr\u00e9sentons en mai 2025 la c\u00e9l\u00e8bre com\u00e9die de Moli\u00e8re Le Bourgeois gentilhomme. Le Bourgeois gentilhomme est\u00a0une com\u00e9die-ballet en prose en cinq actes, avec musique compos\u00e9e\u00a0par le surintendant de la musique royal\u00a0Jean-Baptiste Lully, qui a \u00e9t\u00e9 jou\u00e9e pour la premi\u00e8re fois le 14 octobre 1670 au Ch\u00e2teau de Chambord, ensuite\u00a0au Th\u00e9\u00e2tre du Palais-Royal \u00e0 Paris &hellip; <a href=\"http:\/\/latroupedesanciens.org\/tda_wp\/fr\/spectacle-2025\/\" class=\"more-link\">Continuez \u00e0 lire<span class=\"screen-reader-text\"> &laquo;&nbsp;Spectacle 2025 \u2013 Le Bourgeois gentilhomme&nbsp;&raquo;<\/span><\/a><\/p>\n","protected":false},"author":1,"featured_media":0,"parent":0,"menu_order":0,"comment_status":"closed","ping_status":"closed","template":"","meta":{"footnotes":""},"class_list":["post-2188","page","type-page","status-publish","hentry"],"jetpack_sharing_enabled":true,"jetpack_shortlink":"https:\/\/wp.me\/P4pXBP-zi","_links":{"self":[{"href":"http:\/\/latroupedesanciens.org\/tda_wp\/fr\/wp-json\/wp\/v2\/pages\/2188","targetHints":{"allow":["GET"]}}],"collection":[{"href":"http:\/\/latroupedesanciens.org\/tda_wp\/fr\/wp-json\/wp\/v2\/pages"}],"about":[{"href":"http:\/\/latroupedesanciens.org\/tda_wp\/fr\/wp-json\/wp\/v2\/types\/page"}],"author":[{"embeddable":true,"href":"http:\/\/latroupedesanciens.org\/tda_wp\/fr\/wp-json\/wp\/v2\/users\/1"}],"replies":[{"embeddable":true,"href":"http:\/\/latroupedesanciens.org\/tda_wp\/fr\/wp-json\/wp\/v2\/comments?post=2188"}],"version-history":[{"count":22,"href":"http:\/\/latroupedesanciens.org\/tda_wp\/fr\/wp-json\/wp\/v2\/pages\/2188\/revisions"}],"predecessor-version":[{"id":2231,"href":"http:\/\/latroupedesanciens.org\/tda_wp\/fr\/wp-json\/wp\/v2\/pages\/2188\/revisions\/2231"}],"wp:attachment":[{"href":"http:\/\/latroupedesanciens.org\/tda_wp\/fr\/wp-json\/wp\/v2\/media?parent=2188"}],"curies":[{"name":"wp","href":"https:\/\/api.w.org\/{rel}","templated":true}]}}