{"id":2325,"date":"2026-02-05T22:05:52","date_gmt":"2026-02-06T03:05:52","guid":{"rendered":"http:\/\/latroupedesanciens.org\/tda_wp\/billets-2026\/"},"modified":"2026-02-10T23:12:10","modified_gmt":"2026-02-11T04:12:10","slug":"billets-2026","status":"publish","type":"page","link":"http:\/\/latroupedesanciens.org\/tda_wp\/fr\/billets-2026\/","title":{"rendered":"Billets 2026"},"content":{"rendered":"\n<div class=\"wp-block-group has-light-blue-background-color has-background is-vertical is-layout-flex wp-container-core-group-is-layout-8cf370e7 wp-block-group-is-layout-flex\">\n<h2 class=\"wp-block-heading\">Nous avons besoin de votre aide !<\/h2>\n\n\n\n<div class=\"wp-block-group is-nowrap is-layout-flex wp-container-core-group-is-layout-ad2f72ca wp-block-group-is-layout-flex\">\n<figure class=\"wp-block-image size-large\"><img decoding=\"async\" src=\"https:\/\/upload.wikimedia.org\/wikipedia\/commons\/thumb\/a\/a9\/OOjs_UI_icon_alert-constructive.svg\/250px-OOjs_UI_icon_alert-constructive.svg.png\" alt=\"\"\/><\/figure>\n\n\n\n<p>Notre Troupe serait reconnaissante et honor\u00e9e de<br\/>recevoir un don de votre part. <a href=\"http:\/\/latroupedesanciens.org\/tda_wp\/fr\/demande-de-fonds\/\">En savoir plus<\/a>.<\/p>\n<\/div>\n<\/div>\n\n<p>Cette page vous permet d\u2019acheter des billets. Apr\u00e8s votre achat, et \u00e0 partir de la semaine du 9 mars 2026 au plus tard, notre excellente \u00e9quipe de guichet vous attribuera les meilleures places selon l\u2019ordre dans lequel les commandes auront \u00e9t\u00e9 re\u00e7ues et confirmera votre commande par courriel.<\/p>\n\n<p>Au cas o\u00f9 vous auriez des besoins sp\u00e9cifiques ou si vous d\u00e9sirez des places qui offrent une meilleure vue des surtitres en anglais, veuillez <a href=\"http:\/\/latroupedesanciens.org\/tda_wp\/fr\/contactez-nous\/\">contacter l\u2019\u00e9quipe de guichet<\/a>, soit d\u00e8s maintenant par courriel, soit apr\u00e8s le 9 mars 2026 par t\u00e9l\u00e9phone. Il se peut que les places que vous choisissez ne soient plus disponibles. D\u2019autre part, si vous d\u00e9sirez une vue claire des surtitres en anglais, \u00e9vitez les premi\u00e8res rang\u00e9es.<\/p>\n\n<p>Le soir du spectacle que vous avez choisi, vos billets seront \u00e0 votre disposition \u00e0 l\u2019entr\u00e9e du th\u00e9\u00e2tre (Th\u00e9\u00e2tre Isabel Bader, 93, rue Charles O; <a href=\"https:\/\/maps.app.goo.gl\/vCEVRf5u8SqD2CBSA\" target=\"_blank\" rel=\"noreferrer noopener\">carte Google<\/a>).<\/p>\n\n<p>Si vous avez des questions, veuillez contacter notre \u00e9quipe de guichet, soit d\u00e8s maintenant par courriel ou par t\u00e9l\u00e9phone \u00e0 partir du 9 mars 2026.<\/p>\n\n<h2 class=\"wp-block-heading\">M\u00e9thodes de paiement<\/h2>\n\n<p>Les paiements sont trait\u00e9s par PayPal \u00e0 partir de leur site web. Cependant, vous n\u2019avez pas besoin de compte PayPal. Vous pouvez payer par carte de cr\u00e9dit ; carte de d\u00e9bit avec un logo Visa ou Mastercard ; ou avec votre propre compte PayPal si vous en avez.<\/p>\n\n<figure class=\"wp-block-image size-large\"><img decoding=\"async\" src=\"https:\/\/www.paypalobjects.com\/webstatic\/mktg\/logo\/AM_mc_vs_dc_ae.jpg\" alt=\"\"\/><\/figure>\n\n<h2 class=\"wp-block-heading\">Acheter vos billets<\/h2>\n\n<h3 class=\"wp-block-heading\">le jeudi 16 avril 2026 \u00e0 19 h 30<\/h3>\n\n<p><strong>Billet adulte 40 $<br\/><\/strong><a title=\"acheter billets adultes le 16 avril 2026\" href=\"https:\/\/www.paypal.com\/cgi-bin\/webscr?cmd=_s-xclick&amp;hosted_button_id=WAMG3L2MWXTBY\"><img decoding=\"async\" src=\"https:\/\/www.paypalobjects.com\/webstatic\/en_US\/i\/btn\/png\/btn_buynow_cc_171x47.png\" alt=\"Acheter maintenant avec carte de cr&#xE9;dit ou carte de d&#xE9;bit\"\/><\/a><\/p>\n\n<p><strong>Billet \u00e9tudiant\/\u00e9colier 20 $<\/strong><br\/><a title=\"acheter billets &#xE9;coliers \/ &#xE9;tudiants le 16 avril 2026\" href=\"https:\/\/www.paypal.com\/cgi-bin\/webscr?cmd=_s-xclick&amp;hosted_button_id=S58LB63U9ZXK4\"><img decoding=\"async\" src=\"https:\/\/www.paypalobjects.com\/webstatic\/en_US\/i\/btn\/png\/btn_buynow_cc_171x47.png\" alt=\"Acheter maintenant avec carte de cr&#xE9;dit ou carte de d&#xE9;bit\"\/><\/a><\/p>\n\n<h3 class=\"wp-block-heading\">le vendredi 17 avril 2026 \u00e0 19 h 30<\/h3>\n\n<p><strong>Billet adulte 40 $<br\/><\/strong><a title=\"acheter billets adultes le 17 avril 2026\" href=\"https:\/\/www.paypal.com\/cgi-bin\/webscr?cmd=_s-xclick&amp;hosted_button_id=VM8DU8SGUXNXS\"><img decoding=\"async\" src=\"https:\/\/www.paypalobjects.com\/webstatic\/en_US\/i\/btn\/png\/btn_buynow_cc_171x47.png\" alt=\"Acheter maintenant avec carte de cr&#xE9;dit ou carte de d&#xE9;bit\"\/><\/a><\/p>\n\n<p><strong>Billet \u00e9tudiant\/\u00e9colier 20 $<\/strong><br\/><a title=\"acheter billets &#xE9;coliers \/ &#xE9;tudiants le 17 avril 2026\" href=\"https:\/\/www.paypal.com\/cgi-bin\/webscr?cmd=_s-xclick&amp;hosted_button_id=6CGMMJPTKTLWJ\"><img decoding=\"async\" src=\"https:\/\/www.paypalobjects.com\/webstatic\/en_US\/i\/btn\/png\/btn_buynow_cc_171x47.png\" alt=\"Acheter maintenant avec carte de cr&#xE9;dit ou carte de d&#xE9;bit\"\/><\/a><\/p>\n","protected":false},"excerpt":{"rendered":"<p>Nous avons besoin de votre aide ! Notre Troupe serait reconnaissante et honor\u00e9e derecevoir un don de votre part. En savoir plus. Cette page vous permet d\u2019acheter des billets. Apr\u00e8s votre achat, et \u00e0 partir de la semaine du 9 mars 2026 au plus tard, notre excellente \u00e9quipe de guichet vous attribuera les meilleures places &hellip; <a href=\"http:\/\/latroupedesanciens.org\/tda_wp\/fr\/billets-2026\/\" class=\"more-link\">Continuez \u00e0 lire<span class=\"screen-reader-text\"> &laquo;&nbsp;Billets 2026&nbsp;&raquo;<\/span><\/a><\/p>\n","protected":false},"author":1,"featured_media":0,"parent":0,"menu_order":0,"comment_status":"closed","ping_status":"closed","template":"","meta":{"jetpack_post_was_ever_published":false,"footnotes":""},"class_list":["post-2325","page","type-page","status-publish","hentry"],"jetpack_sharing_enabled":true,"jetpack_shortlink":"https:\/\/wp.me\/P4pXBP-Bv","_links":{"self":[{"href":"http:\/\/latroupedesanciens.org\/tda_wp\/fr\/wp-json\/wp\/v2\/pages\/2325","targetHints":{"allow":["GET"]}}],"collection":[{"href":"http:\/\/latroupedesanciens.org\/tda_wp\/fr\/wp-json\/wp\/v2\/pages"}],"about":[{"href":"http:\/\/latroupedesanciens.org\/tda_wp\/fr\/wp-json\/wp\/v2\/types\/page"}],"author":[{"embeddable":true,"href":"http:\/\/latroupedesanciens.org\/tda_wp\/fr\/wp-json\/wp\/v2\/users\/1"}],"replies":[{"embeddable":true,"href":"http:\/\/latroupedesanciens.org\/tda_wp\/fr\/wp-json\/wp\/v2\/comments?post=2325"}],"version-history":[{"count":3,"href":"http:\/\/latroupedesanciens.org\/tda_wp\/fr\/wp-json\/wp\/v2\/pages\/2325\/revisions"}],"predecessor-version":[{"id":2380,"href":"http:\/\/latroupedesanciens.org\/tda_wp\/fr\/wp-json\/wp\/v2\/pages\/2325\/revisions\/2380"}],"wp:attachment":[{"href":"http:\/\/latroupedesanciens.org\/tda_wp\/fr\/wp-json\/wp\/v2\/media?parent=2325"}],"curies":[{"name":"wp","href":"https:\/\/api.w.org\/{rel}","templated":true}]}}