{"id":2329,"date":"2026-02-05T23:14:12","date_gmt":"2026-02-06T04:14:12","guid":{"rendered":"http:\/\/latroupedesanciens.org\/tda_wp\/spectacle-2019-lavare\/"},"modified":"2026-03-19T23:20:32","modified_gmt":"2026-03-20T03:20:32","slug":"spectacle-2019-lavare","status":"publish","type":"page","link":"http:\/\/latroupedesanciens.org\/tda_wp\/fr\/spectacle-2019-lavare\/","title":{"rendered":"Spectacle 2026 \u2013 L\u2019Avare"},"content":{"rendered":"\n<div class=\"wp-block-group has-light-blue-background-color has-background is-vertical is-layout-flex wp-container-core-group-is-layout-8cf370e7 wp-block-group-is-layout-flex\">\n<h2 class=\"wp-block-heading\">Nous avons besoin de votre aide !<\/h2>\n\n\n\n<div class=\"wp-block-group is-nowrap is-layout-flex wp-container-core-group-is-layout-ad2f72ca wp-block-group-is-layout-flex\">\n<figure class=\"wp-block-image size-large\"><img decoding=\"async\" src=\"https:\/\/upload.wikimedia.org\/wikipedia\/commons\/thumb\/a\/a9\/OOjs_UI_icon_alert-constructive.svg\/250px-OOjs_UI_icon_alert-constructive.svg.png\" alt=\"\"\/><\/figure>\n\n\n\n<p>Notre Troupe serait reconnaissante et honor\u00e9e de<br\/>recevoir un don de votre part. <a href=\"http:\/\/latroupedesanciens.org\/tda_wp\/fr\/demande-de-fonds\/\">En savoir plus<\/a>.<\/p>\n<\/div>\n<\/div>\n<div class=\"wp-block-image\">\n<figure class=\"alignleft size-full\"><a href=\"https:\/\/i0.wp.com\/latroupedesanciens.org\/tda_wp\/wp-content\/uploads\/2018\/10\/AvareFrontispiece1682.jpg\"><img data-recalc-dims=\"1\" loading=\"lazy\" decoding=\"async\" width=\"250\" height=\"443\" src=\"https:\/\/i0.wp.com\/latroupedesanciens.org\/tda_wp\/wp-content\/uploads\/2018\/10\/AvareFrontispiece1682.jpg?resize=250%2C443\" alt=\"Frontispice par Pierre Brissart\" class=\"wp-image-1096\" srcset=\"https:\/\/i0.wp.com\/latroupedesanciens.org\/tda_wp\/wp-content\/uploads\/2018\/10\/AvareFrontispiece1682.jpg?w=250 250w, https:\/\/i0.wp.com\/latroupedesanciens.org\/tda_wp\/wp-content\/uploads\/2018\/10\/AvareFrontispiece1682.jpg?resize=169%2C300 169w\" sizes=\"auto, (max-width: 250px) 85vw, 250px\" \/><\/a><figcaption class=\"wp-element-caption\">Frontispice de Pierre Brissart de l\u2019\u00e9dition de \u00ab L\u2019Avare \u00bb de 1682<\/figcaption><\/figure>\n<\/div>\n<p>Pour notre spectacle de 2026, nous pr\u00e9sentons <em>L\u2019Avare<\/em> de notre Moli\u00e8re.<\/p>\n\n<p><em>L\u2019Avare<\/em>, com\u00e9die en prose, a \u00e9t\u00e9 pr\u00e9sent\u00e9e pour la premi\u00e8re fois le 9 septembre 1668 au <a href=\"https:\/\/fr.wikipedia.org\/wiki\/Th%C3%A9%C3%A2tre_du_Palais-Royal_(1641%E2%80%931781)\">Palais Royal \u00e0 Paris<\/a>. S\u2019inspirant de la com\u00e9die <em><a href=\"https:\/\/fr.wikipedia.org\/wiki\/La_Marmite\">Aulularia<\/a><\/em> ( \u00ab La Marmite \u00bb ou \u00ab Le Pot d\u2019or\u00bb) de <a href=\"https:\/\/fr.wikipedia.org\/wiki\/Plaute\">Plaute<\/a>, Moli\u00e8re nous y d\u00e9peint les probl\u00e8mes auxquels doivent faire face la fille et le fils du vieil avare Harpagon, qui se m\u00eale de courtiser la m\u00eame jeune fille que son fils, mais dont le grand amour est l\u2019argent. <\/p>\n\n<p>Pour plus de renseignements au sujet des pi\u00e8ces, voyez les articles de <em><a href=\"https:\/\/fr.wikipedia.org\/wiki\/L%27Avare\">L\u2019Avare<\/a><\/em> et de <a href=\"https:\/\/fr.wikipedia.org\/wiki\/Moli%C3%A8re\">Moli\u00e8re<\/a> dans Wikip\u00e9dia. Nous offrerons les r\u00e9sum\u00e9s et les textes int\u00e9graux en anglais et en fran\u00e7ais de la pi\u00e8ce ci-dessous avant les spectacles ; veuillez <a href=\"http:\/\/latroupedesanciens.org\/tda_wp\/fr\/contactez-nous\/\">suivre nos comptes m\u00e9dia social<\/a> pour d\u2019autres nouvelles. <\/p>\n<div class=\"wp-block-image\">\n<figure class=\"alignright size-medium\"><a href=\"https:\/\/i0.wp.com\/latroupedesanciens.org\/tda_wp\/wp-content\/uploads\/2018\/10\/IfflandLabesDerGeizige-207x300.jpg\"><img data-recalc-dims=\"1\" loading=\"lazy\" decoding=\"async\" width=\"207\" height=\"300\" src=\"https:\/\/i0.wp.com\/latroupedesanciens.org\/tda_wp\/wp-content\/uploads\/2018\/10\/IfflandLabesDerGeizige.jpg?resize=207%2C300\" alt=\"Harpagon et La Fl&#xE8;che\" class=\"wp-image-1098\" srcset=\"https:\/\/i0.wp.com\/latroupedesanciens.org\/tda_wp\/wp-content\/uploads\/2018\/10\/IfflandLabesDerGeizige.jpg?resize=207%2C300 207w, https:\/\/i0.wp.com\/latroupedesanciens.org\/tda_wp\/wp-content\/uploads\/2018\/10\/IfflandLabesDerGeizige.jpg?w=531 531w\" sizes=\"auto, (max-width: 207px) 85vw, 207px\" \/><\/a><figcaption class=\"wp-element-caption\">Harpagon et La Fl\u00e8che dans une production de \u00ab L\u2019Avare \u00bb \u00e0 Berlin de ca. 1810 <\/figcaption><\/figure>\n<\/div>\n<p>Il y aura deux repr\u00e9sentations : le jeudi 16 et le vendredi 17 avril 2026 \u00e0 19 h 30 au Th\u00e9\u00e2tre Isabel Bader au Coll\u00e8ge Victoria sur le campus du centre-ville de l\u2019Universit\u00e9 de Toronto. <\/p>\n\n<h2 class=\"wp-block-heading\">Billets<\/h2>\n\n<h3 class=\"wp-block-heading\">Prix<\/h3>\n\n<p>Adultes 40 $, \u00e9coliers \/ \u00e9tudiants 20 $<\/p>\n\n<h3 class=\"wp-block-heading\">En ligne<\/h3>\n\n<p>Vous pouvez commander (r\u00e9server et payer pour) des billets imm\u00e9diatement <a href=\"http:\/\/latroupedesanciens.org\/tda_wp\/fr\/billets-2026\/\">en ligne<\/a>. Le choix des places sera fait \u00e0 partir du 9 avril 2026 au plus tard par notre \u00e9quipe de guichet ; les commandes seront trait\u00e9es dans l\u2019ordre re\u00e7ues. Nous garderons vos billets \u00e0 l\u2019entr\u00e9e du th\u00e9\u00e2tre le soir de votre spectacle jusqu\u2019\u00e0 votre arriv\u00e9e.  <\/p>\n\n<h3 class=\"wp-block-heading\">Par courriel<\/h3>\n\n<p>Vous pouvez r\u00e9server des billets <a href=\"mailto:tickets@latroupedesanciens.org\">par courriel<\/a> \u00e0 partir du 26 f\u00e9vrier, 2024. Le choix des places sera fait \u00e0 partir du 9 mars 2026 au plus tard par notre \u00e9quipe de guichet ; les commandes seront trait\u00e9es dans l\u2019ordre re\u00e7ues. Nous garderons vos billets \u00e0 l\u2019entr\u00e9e du th\u00e9\u00e2tre le soir de votre spectacle jusqu\u2019\u00e0 30 minutes avant le commencement du spectacle (les spectacles commencent \u00e0 19 h 30, donc jusqu\u2019\u00e0 19 h 00), paiement en argent comptant ou par ch\u00e8que.  <\/p>\n\n<h3 class=\"wp-block-heading\">Par t\u00e9l\u00e9phone<\/h3>\n\n<p>Vous pouvez <a href=\"http:\/\/latroupedesanciens.org\/tda_wp\/fr\/contactez-nous\/\">r\u00e9server des billets par t\u00e9l\u00e9phone<\/a> \u00e0 partir du 9 mars 2026. Nous garderons vos billets \u00e0 l\u2019entr\u00e9e du th\u00e9\u00e2tre le soir de votre spectacle jusqu\u2019\u00e0 30 minutes avant le commencement du spectacle (les spectacles commencent \u00e0 19 h 30, donc jusqu\u2019\u00e0 19 h 00), paiement en argent comptant ou par ch\u00e8que. <\/p>\n\n<h3 class=\"wp-block-heading\">\u00c0 l\u2019entr\u00e9e<\/h3>\n\n<p>Vous pouvez aussi acheter des billets les soirs des spectacles s\u2019il en reste \u00e0 l\u2019entr\u00e9e du th\u00e9\u00e2tre, paiement en argent comptant seulement.<\/p>\n\n<h2 class=\"wp-block-heading\">Renseignements<\/h2>\n\n<h3 class=\"wp-block-heading\">Dates et l\u2019heure<\/h3>\n\n<p>le jeudi 16 et le vendredi 17 2026 \u00e0 19 h 30<\/p>\n\n<p>Des surtitres en anglais seront projet\u00e9s et un r\u00e9sum\u00e9 en anglais (une copie du r\u00e9sum\u00e9 sous format \u00e9lectronique est disponible ci-dessous) seront disponibles les deux soirs<\/p>\n\n<h3 class=\"wp-block-heading\">Lieu<\/h3>\n\n<p>Th\u00e9\u00e2tre Isabel Bader<br\/>Coll\u00e8ge Victoria<br\/>Universit\u00e9 de Toronto<br\/>93, rue Charles O<br\/>Toronto, ON M5S 2C7<\/p>\n\n<p>M\u00e9tro: <a href=\"https:\/\/www.ttc.ca\/subway-stations\/museum-station\" target=\"_blank\" rel=\"noreferrer noopener\">Museum<\/a> (N.B. La station Museum n&rsquo;est pas une station accessible ; les stations accessibles les plus proches sont celles de Bay, de St. George et de Wellesley)<\/p>\n\n<h3 class=\"wp-block-heading\">Carte<\/h3>\n\n<p><a href=\"https:\/\/maps.app.goo.gl\/HmFVbyicC3JJN6MQA\" target=\"_blank\" rel=\"noreferrer noopener\">Carte Google<\/a><\/p>\n\n<h3 class=\"wp-block-heading\">Plan de salle<\/h3>\n\n<p><a href=\"http:\/\/latroupedesanciens.org\/tda_wp\/fr\/ibt-orchestra-2026-2\/\">Plan de salle du Th\u00e9\u00e2tre Isabel Bader &#8211; niveau parterre<\/a><\/p>\n\n<h3 class=\"wp-block-heading\">R\u00e9sum\u00e9s et textes int\u00e9graux<\/h3>\n\n<p>Textes int\u00e9graux de <em>L\u2019Avare<\/em> <a href=\"http:\/\/latroupedesanciens.org\/tda_wp\/fr\/avare-en-rev00-2\/\">en anglais<\/a> <a href=\"http:\/\/latroupedesanciens.org\/tda_wp\/fr\/avarefrrev00-2\/\">en fran\u00e7ais<\/a><\/p>\n\n<p>R\u00e9sum\u00e9s de <em>L\u2019Avare<\/em> <a href=\"http:\/\/latroupedesanciens.org\/tda_wp\/fr\/the-miser-summary-2019-en-rev01-2\/\">en anglais<\/a> <a href=\"http:\/\/latroupedesanciens.org\/tda_wp\/fr\/the-miser-summary-2019-fr-rev00-2\/\">en fran\u00e7ais<\/a><\/p>\n\n<h3 class=\"wp-block-heading\">Affiches<\/h3>\n\n<figure class=\"wp-block-gallery has-nested-images columns-default is-cropped wp-block-gallery-1 is-layout-flex wp-block-gallery-is-layout-flex\">\n<figure class=\"wp-block-image size-large\"><a href=\"https:\/\/i0.wp.com\/latroupedesanciens.org\/tda_wp\/wp-content\/uploads\/2026\/02\/Affichette-2026.jpg\"><img data-recalc-dims=\"1\" loading=\"lazy\" decoding=\"async\" width=\"607\" height=\"824\" data-id=\"2414\" src=\"https:\/\/i0.wp.com\/latroupedesanciens.org\/tda_wp\/wp-content\/uploads\/2026\/02\/Affichette-2026.jpg?resize=607%2C824\" alt=\"\" class=\"wp-image-2414\" srcset=\"https:\/\/i0.wp.com\/latroupedesanciens.org\/tda_wp\/wp-content\/uploads\/2026\/02\/Affichette-2026.jpg?w=607 607w, https:\/\/i0.wp.com\/latroupedesanciens.org\/tda_wp\/wp-content\/uploads\/2026\/02\/Affichette-2026.jpg?resize=221%2C300 221w\" sizes=\"auto, (max-width: 607px) 85vw, 607px\" \/><\/a><figcaption class=\"wp-element-caption\">Affichette 2026 JPG<\/figcaption><\/figure>\n\n\n\n<figure class=\"wp-block-image size-full\"><a href=\"http:\/\/latroupedesanciens.org\/tda_wp\/wp-content\/uploads\/2026\/02\/Affichette-2026.pdf\"><img data-recalc-dims=\"1\" loading=\"lazy\" decoding=\"async\" width=\"607\" height=\"824\" data-id=\"2414\" src=\"https:\/\/i0.wp.com\/latroupedesanciens.org\/tda_wp\/wp-content\/uploads\/2026\/02\/Affichette-2026.jpg?resize=607%2C824\" alt=\"\" class=\"wp-image-2414\" srcset=\"https:\/\/i0.wp.com\/latroupedesanciens.org\/tda_wp\/wp-content\/uploads\/2026\/02\/Affichette-2026.jpg?w=607 607w, https:\/\/i0.wp.com\/latroupedesanciens.org\/tda_wp\/wp-content\/uploads\/2026\/02\/Affichette-2026.jpg?resize=221%2C300 221w\" sizes=\"auto, (max-width: 607px) 85vw, 607px\" \/><\/a><figcaption class=\"wp-element-caption\">Affichette 2026 PDF<\/figcaption><\/figure>\n<\/figure>\n\n<ul class=\"wp-block-list\"><\/ul>\n\n<h3 class=\"wp-block-heading\">Autres renseignements<\/h3>\n\n<ul class=\"wp-block-list\">\n<li>Programme<\/li>\n<\/ul>\n","protected":false},"excerpt":{"rendered":"<p>Nous avons besoin de votre aide ! Notre Troupe serait reconnaissante et honor\u00e9e derecevoir un don de votre part. En savoir plus. Pour notre spectacle de 2026, nous pr\u00e9sentons L\u2019Avare de notre Moli\u00e8re. L\u2019Avare, com\u00e9die en prose, a \u00e9t\u00e9 pr\u00e9sent\u00e9e pour la premi\u00e8re fois le 9 septembre 1668 au Palais Royal \u00e0 Paris. S\u2019inspirant de &hellip; <a href=\"http:\/\/latroupedesanciens.org\/tda_wp\/fr\/spectacle-2019-lavare\/\" class=\"more-link\">Continuez \u00e0 lire<span class=\"screen-reader-text\"> &laquo;&nbsp;Spectacle 2026 \u2013 L\u2019Avare&nbsp;&raquo;<\/span><\/a><\/p>\n","protected":false},"author":1,"featured_media":0,"parent":0,"menu_order":0,"comment_status":"closed","ping_status":"closed","template":"","meta":{"jetpack_post_was_ever_published":false,"footnotes":""},"class_list":["post-2329","page","type-page","status-publish","hentry"],"jetpack_sharing_enabled":true,"jetpack_shortlink":"https:\/\/wp.me\/P4pXBP-Bz","_links":{"self":[{"href":"http:\/\/latroupedesanciens.org\/tda_wp\/fr\/wp-json\/wp\/v2\/pages\/2329","targetHints":{"allow":["GET"]}}],"collection":[{"href":"http:\/\/latroupedesanciens.org\/tda_wp\/fr\/wp-json\/wp\/v2\/pages"}],"about":[{"href":"http:\/\/latroupedesanciens.org\/tda_wp\/fr\/wp-json\/wp\/v2\/types\/page"}],"author":[{"embeddable":true,"href":"http:\/\/latroupedesanciens.org\/tda_wp\/fr\/wp-json\/wp\/v2\/users\/1"}],"replies":[{"embeddable":true,"href":"http:\/\/latroupedesanciens.org\/tda_wp\/fr\/wp-json\/wp\/v2\/comments?post=2329"}],"version-history":[{"count":11,"href":"http:\/\/latroupedesanciens.org\/tda_wp\/fr\/wp-json\/wp\/v2\/pages\/2329\/revisions"}],"predecessor-version":[{"id":2431,"href":"http:\/\/latroupedesanciens.org\/tda_wp\/fr\/wp-json\/wp\/v2\/pages\/2329\/revisions\/2431"}],"wp:attachment":[{"href":"http:\/\/latroupedesanciens.org\/tda_wp\/fr\/wp-json\/wp\/v2\/media?parent=2329"}],"curies":[{"name":"wp","href":"https:\/\/api.w.org\/{rel}","templated":true}]}}