{"id":2358,"date":"2026-02-06T15:29:40","date_gmt":"2026-02-06T20:29:40","guid":{"rendered":"http:\/\/latroupedesanciens.org\/tda_wp\/demande-de-fonds\/"},"modified":"2026-02-18T22:52:53","modified_gmt":"2026-02-19T03:52:53","slug":"demande-de-fonds","status":"publish","type":"page","link":"http:\/\/latroupedesanciens.org\/tda_wp\/fr\/demande-de-fonds\/","title":{"rendered":"Demande de fonds"},"content":{"rendered":"\n<p>Nous avons besoin de votre aide !<\/p>\n\n<p>Notre Troupe serait reconnaissante et honor\u00e9e de recevoir un don de votre part. Malheureusement, bien que nous soyons un groupe \u00e0 but non lucratif, nos re\u00e7us ne vous donnent pas le droit de d\u00e9duire votre don de l\u2019imp\u00f4t, ce que nous regrettons profond\u00e9ment.<\/p>\n\n<p>Veuillez lire la lettre de notre directrice artistique, Paulette Collet, <a href=\"http:\/\/latroupedesanciens.org\/tda_wp\/fr\/demande-de-fonds-en-rev03-2\/\">en anglais<\/a> ou <a href=\"http:\/\/latroupedesanciens.org\/tda_wp\/fr\/demande-de-fonds-fr-rev01-2\/\">en fran\u00e7ais<\/a>. [Ndlr : Veuillez noter l&rsquo;adresse corrig\u00e9e pour les ch\u00e8ques en-dessous.]<\/p>\n\n<p>Encore une fois, merci de votre soutien et de votre fid\u00e9lit\u00e9 \u00e0 travers ces longues ann\u00e9es.<\/p>\n\n<h2 class=\"wp-block-heading\">Par ch\u00e8que<\/h2>\n\n<p>Vous pouvez envoyer votre don par ch\u00e8que \u00e0 :<\/p>\n\n<p>La Troupe des Anciens de l\u2019Universit\u00e9 de Toronto<br\/>598, avenue Pape<br\/>Toronto (Ontario)<br\/>M4K 3R8<\/p>\n\n<h2 class=\"wp-block-heading\">Par virement bancaire<\/h2>\n\n<p>Vous pouvez \u00e9galement faire un virement bancaire \u00e0 alexandra.eshelman \u00c0 gmail.com.<\/p>\n\n<h2 class=\"wp-block-heading\">En ligne<\/h2>\n\n<p>Les paiements sont trait\u00e9s par PayPal \u00e0 partir de leur site web. Cependant, vous n\u2019avez pas besoin de compte PayPal. Vous pouvez payer par carte de cr\u00e9dit ; carte de d\u00e9bit avec un logo Visa ou Mastercard ; ou avec votre propre compte PayPal si vous en avez.<\/p>\n\n<figure class=\"wp-block-image size-large\"><img decoding=\"async\" src=\"https:\/\/www.paypalobjects.com\/webstatic\/mktg\/logo\/AM_mc_vs_dc_ae.jpg\" alt=\"\"\/><\/figure>\n\n<div class=\"wp-block-buttons is-layout-flex wp-block-buttons-is-layout-flex\">\n<div class=\"wp-block-button\"><a class=\"wp-block-button__link wp-element-button\" href=\"https:\/\/www.paypal.com\/donate\/?hosted_button_id=RQQY4QJLGZC5U\">Faire un don<\/a><\/div>\n<\/div>\n","protected":false},"excerpt":{"rendered":"<p>Nous avons besoin de votre aide ! Notre Troupe serait reconnaissante et honor\u00e9e de recevoir un don de votre part. Malheureusement, bien que nous soyons un groupe \u00e0 but non lucratif, nos re\u00e7us ne vous donnent pas le droit de d\u00e9duire votre don de l\u2019imp\u00f4t, ce que nous regrettons profond\u00e9ment. Veuillez lire la lettre de &hellip; <a href=\"http:\/\/latroupedesanciens.org\/tda_wp\/fr\/demande-de-fonds\/\" class=\"more-link\">Continuez \u00e0 lire<span class=\"screen-reader-text\"> &laquo;&nbsp;Demande de fonds&nbsp;&raquo;<\/span><\/a><\/p>\n","protected":false},"author":1,"featured_media":0,"parent":0,"menu_order":0,"comment_status":"closed","ping_status":"closed","template":"","meta":{"jetpack_post_was_ever_published":false,"footnotes":""},"class_list":["post-2358","page","type-page","status-publish","hentry"],"jetpack_sharing_enabled":true,"jetpack_shortlink":"https:\/\/wp.me\/P4pXBP-C2","_links":{"self":[{"href":"http:\/\/latroupedesanciens.org\/tda_wp\/fr\/wp-json\/wp\/v2\/pages\/2358","targetHints":{"allow":["GET"]}}],"collection":[{"href":"http:\/\/latroupedesanciens.org\/tda_wp\/fr\/wp-json\/wp\/v2\/pages"}],"about":[{"href":"http:\/\/latroupedesanciens.org\/tda_wp\/fr\/wp-json\/wp\/v2\/types\/page"}],"author":[{"embeddable":true,"href":"http:\/\/latroupedesanciens.org\/tda_wp\/fr\/wp-json\/wp\/v2\/users\/1"}],"replies":[{"embeddable":true,"href":"http:\/\/latroupedesanciens.org\/tda_wp\/fr\/wp-json\/wp\/v2\/comments?post=2358"}],"version-history":[{"count":6,"href":"http:\/\/latroupedesanciens.org\/tda_wp\/fr\/wp-json\/wp\/v2\/pages\/2358\/revisions"}],"predecessor-version":[{"id":2402,"href":"http:\/\/latroupedesanciens.org\/tda_wp\/fr\/wp-json\/wp\/v2\/pages\/2358\/revisions\/2402"}],"wp:attachment":[{"href":"http:\/\/latroupedesanciens.org\/tda_wp\/fr\/wp-json\/wp\/v2\/media?parent=2358"}],"curies":[{"name":"wp","href":"https:\/\/api.w.org\/{rel}","templated":true}]}}