{"id":446,"date":"2016-02-11T13:21:56","date_gmt":"2016-02-11T18:21:56","guid":{"rendered":"http:\/\/latroupedesanciens.org\/tda_wp\/fr\/?page_id=446"},"modified":"2016-08-16T13:17:33","modified_gmt":"2016-08-16T17:17:33","slug":"spectacle-2016","status":"publish","type":"page","link":"http:\/\/latroupedesanciens.org\/tda_wp\/fr\/spectacle-2016\/","title":{"rendered":"Spectacle 2016 &#8211; Le M\u00e9decin malgr\u00e9 lui et La Cantatrice chauve"},"content":{"rendered":"<figure id=\"attachment_424\" aria-describedby=\"caption-attachment-424\" style=\"width: 150px\" class=\"wp-caption alignleft\"><a href=\"https:\/\/i0.wp.com\/latroupedesanciens.org\/tda_wp\/wp-content\/uploads\/2015\/11\/Moli%C3%A8re_le_M%C3%A9decin_malgr%C3%A9_lui.jpg\"><img data-recalc-dims=\"1\" loading=\"lazy\" decoding=\"async\" class=\"wp-image-424 size-thumbnail\" src=\"https:\/\/i0.wp.com\/latroupedesanciens.org\/tda_wp\/wp-content\/uploads\/2015\/11\/Moli%C3%A8re_le_M%C3%A9decin_malgr%C3%A9_lui.jpg?resize=150%2C150\" alt=\"The Doctor in spite of Himself illustration\" width=\"150\" height=\"150\" srcset=\"https:\/\/i0.wp.com\/latroupedesanciens.org\/tda_wp\/wp-content\/uploads\/2015\/11\/Moli%C3%A8re_le_M%C3%A9decin_malgr%C3%A9_lui.jpg?resize=150%2C150 150w, https:\/\/i0.wp.com\/latroupedesanciens.org\/tda_wp\/wp-content\/uploads\/2015\/11\/Moli%C3%A8re_le_M%C3%A9decin_malgr%C3%A9_lui.jpg?zoom=2&amp;resize=150%2C150 300w, https:\/\/i0.wp.com\/latroupedesanciens.org\/tda_wp\/wp-content\/uploads\/2015\/11\/Moli%C3%A8re_le_M%C3%A9decin_malgr%C3%A9_lui.jpg?zoom=3&amp;resize=150%2C150 450w\" sizes=\"auto, (max-width: 150px) 85vw, 150px\" \/><\/a><figcaption id=\"caption-attachment-424\" class=\"wp-caption-text\">Dessin de Pierre Brissart d\u2019une \u00e9dition de 1682 du M\u00e9decin malgr\u00e9 lui<\/figcaption><\/figure>\n<p>Nous pr\u00e9sentons en avril 2016 un programme double de <em>Le M\u00e9decin malgr\u00e9 lui<\/em>,\u00a0 et de la pi\u00e8ce absurde\u00a0<em>La Cantatrice chauve<\/em> de Eug\u00e8ne Ionesco.<\/p>\n<p style=\"text-align: left;\"><em>Le M\u00e9decin malgr\u00e9 lui <\/em>est une com\u00e9die en prose en trois actes qui a \u00e9t\u00e9 jou\u00e9e pour la premi\u00e8re fois le 6 ao\u00fbt 1666 au <a href=\"https:\/\/fr.wikipedia.org\/wiki\/Th%C3%A9%C3%A2tre_du_Palais-Royal\">Th\u00e9\u00e2tre du Palais-Royal<\/a> \u00e0 Paris. Elle a connu un grand succ\u00e8s et se moque de la medicine en France au 17me si\u00e8cle.<\/p>\n<p><em>La Cantatrice chauve<\/em>\u00a0est une com\u00e9die en un acte de Eug\u00e8ne Ionesco qui a \u00e9t\u00e9 jou\u00e9e pour la premi\u00e8re fois le 11 mai 1950 au <a href=\"https:\/\/fr.wikipedia.org\/wiki\/Th%C3%A9%C3%A2tre_des_Noctambules\">Th\u00e9\u00e2tre des Noctambules<\/a> \u00e0 Paris, son premier oeuvre. Elle est parmis les pi\u00e8ces en fran\u00e7ais les plus jou\u00e9es ; on la joue au <a href=\"https:\/\/fr.wikipedia.org\/wiki\/Th%C3%A9%C3%A2tre_de_la_Huchette\">Th\u00e9\u00e1tre de la Huchette<\/a> \u00e0 Paris depuis 1957.<\/p>\n<figure id=\"attachment_434\" aria-describedby=\"caption-attachment-434\" style=\"width: 150px\" class=\"wp-caption alignright\"><a href=\"http:\/\/latroupedesanciens.org\/tda_wp\/cantatrice-poster-at-huchette-2\/\"><img data-recalc-dims=\"1\" loading=\"lazy\" decoding=\"async\" class=\"wp-image-434 size-thumbnail\" src=\"https:\/\/i0.wp.com\/latroupedesanciens.org\/tda_wp\/wp-content\/uploads\/2016\/02\/Cantatrice-Poster-at-Huchette.jpg?resize=150%2C150\" alt=\"\" width=\"150\" height=\"150\" srcset=\"https:\/\/i0.wp.com\/latroupedesanciens.org\/tda_wp\/wp-content\/uploads\/2016\/02\/Cantatrice-Poster-at-Huchette.jpg?resize=150%2C150 150w, https:\/\/i0.wp.com\/latroupedesanciens.org\/tda_wp\/wp-content\/uploads\/2016\/02\/Cantatrice-Poster-at-Huchette.jpg?zoom=2&amp;resize=150%2C150 300w, https:\/\/i0.wp.com\/latroupedesanciens.org\/tda_wp\/wp-content\/uploads\/2016\/02\/Cantatrice-Poster-at-Huchette.jpg?zoom=3&amp;resize=150%2C150 450w\" sizes=\"auto, (max-width: 150px) 85vw, 150px\" \/><\/a><figcaption id=\"caption-attachment-434\" class=\"wp-caption-text\">Affiche de La Cantatrice chauve devant le Th\u00e9\u00e2tre de la Huchette. Foto de Philippe Al\u00e8s CC-BY-SA<\/figcaption><\/figure>\n<p>Pour plus de renseignements au sujet des pi\u00e8ces, voyez les articles <a href=\"https:\/\/fr.wikipedia.org\/wiki\/Le_M%C3%A9decin_malgr%C3%A9_lui\"><em>Le M\u00e9decin malgr\u00e9 lui<\/em><\/a> et <a href=\"https:\/\/fr.wikipedia.org\/wiki\/La_Cantatrice_chauve\"><em>La Cantatrice chauve<\/em><\/a> dans Wikip\u00e9dia.\u00a0Il y a aussi des articles sur <a href=\"https:\/\/fr.wikipedia.org\/wiki\/Moli%C3%A8re\">Moli\u00e8re <\/a>et sur <a href=\"https:\/\/fr.wikipedia.org\/wiki\/Eug%C3%A8ne_Ionesco\">Eug\u00e8ne Ionesco<\/a>. Nous avons offert\u00a0les r\u00e9sum\u00e9s des pi\u00e8ces et le texte int\u00e9gral du <em>M\u00e9decin <\/em>en anglais et en fran\u00e7ais, (voir au-dessous). Le texte de <em>La Cantatrice chauve<\/em> est soumis au droit d\u2019auteur.<\/p>\n<p>Il y avait\u00a0deux repr\u00e9sentations : le vendredi 15 et le samedi 16 avril 2016 \u00e0 20 h 00 au Th\u00e9\u00e2tre George Ignatieff sur le campus du centre-ville de l\u2019Universit\u00e9 de Toronto. Une projection de surtitres en anglais \u00e9tait\u00a0disponible pour les deux spectacles. On a pu\u00a0commander des billets en ligne ; le choix des places \u00e9tait\u00a0effectu\u00e9 suite \u00e0 une conversation avec notre \u00e9quipe de guichet \u00e0 partir du 1 avril, 2016. Ou, on a pu\u00a0<a title=\"Contactez-nous\" href=\"http:\/\/latroupedesanciens.org\/tda_wp\/fr\/contactez-nous\/\">contacter notre \u00e9quipe de guichet<\/a> les jours ouvrables de 11 h 00 \u00e0 17 h 00, \u00e0 partir du 1 avril, 2016. On a pu\u00a0aussi acheter des billets les soirs des spectacles s\u2019il en restait \u00e0 l\u2019entr\u00e9e du th\u00e9\u00e2tre, paiement en argent comptant seulement.<\/p>\n<h3>Renseignements<\/h3>\n<h5>Dates et l\u2019heure<\/h5>\n<p>le vendredi 15 et le samedi 16 avril 2016 \u00e0 20 h 00<br \/>\nDes surtitres en anglais seront projet\u00e9s les deux soirs<\/p>\n<h5>Lieu<\/h5>\n<p>Th\u00e9\u00e2tre George Ignatieff<br \/>\nColl\u00e8ge Trinity<br \/>\nUniversit\u00e9 de Toronto<br \/>\n15, Devonshire Place<br \/>\nToronto (Ontario) M5S 1H8<br \/>\n<a href=\"http:\/\/fr.wikipedia.org\/wiki\/M%C3%A9tro_de_Toronto\">M\u00e9tro <\/a>: <a href=\"http:\/\/fr.wikipedia.org\/wiki\/St._George_%28m%C3%A9tro_de_Toronto%29\">St. George<\/a>; sortie chemin Bedford, ensuite 400 m \u00e0 pied<\/p>\n<h5>Cartes<\/h5>\n<ul>\n<li><a title=\"George Ignatieff Theatre - Carte U of T\" href=\"http:\/\/map.utoronto.ca\/building\/603\">Carte de l\u2019U de T<\/a><\/li>\n<li><a title=\"George Ignatieff Theatre - Carte Google\" href=\"http:\/\/goo.gl\/maps\/r1rvR\">Carte Google<\/a><\/li>\n<\/ul>\n<h5>Textes int\u00e9graux<\/h5>\n<ul>\n<li><em>Le M\u00e9decin malgr\u00e9 lui<\/em> <a title=\"Texte Le M\u00e9decin malgr\u00e9 lui anglais PDF\" href=\"http:\/\/latroupedesanciens.org\/tda_wp\/le-medecin-malgre-lui-2016-en-rev00-2\/\">en anglais<\/a> <a title=\"Texte Le M\u00e9decin malgr\u00e9 lui fran\u00e7ais PDF\" href=\"http:\/\/latroupedesanciens.org\/tda_wp\/le-medecin-malgre-lui-2016-fr-rev01-2\/\">en fran\u00e7ais<\/a><\/li>\n<li><em>La Cantatrice chauve <\/em>soumis au droit d\u2019auteur<\/li>\n<\/ul>\n<h5>R\u00e9sum\u00e9s<\/h5>\n<ul>\n<li><em>Le M\u00e9decin malgr\u00e9 lui<\/em>\u00a0<a title=\"Le M\u00e9decin malgr\u00e9 lui r\u00e9sum\u00e9 en anglais\" href=\"http:\/\/latroupedesanciens.org\/tda_wp\/resume-lmml-2016-en-rev00-2\/\">en anglais<\/a> <a title=\"Le M\u00e9decin malgr\u00e9 lui r\u00e9sum\u00e9 en fran\u00e7ais\" href=\"http:\/\/latroupedesanciens.org\/tda_wp\/resume-lmml-2016-fr-rev01-2\/\">en fran\u00e7ais<\/a><\/li>\n<li><em>La Cantatrice chauve<\/em> <a title=\"La Cantatrice chauve r\u00e9sum\u00e9 en anglais\" href=\"http:\/\/latroupedesanciens.org\/tda_wp\/resume-la-cantatrice-chauve-2016-en-rev01-2\/\">en anglais<\/a> <a title=\"La Cantatrice chauve r\u00e9sum\u00e9 en fran\u00e7ais\" href=\"http:\/\/latroupedesanciens.org\/tda_wp\/resume-la-cantatrice-chauve-2016-fr-rev01-2\/\">en fran\u00e7ais<\/a><\/li>\n<\/ul>\n<h5>Autres renseignements<\/h5>\n<ul>\n<li><a title=\"Plan de location du Th\u00e9\u00e2tre George Ignatieff\" href=\"http:\/\/latroupedesanciens.org\/tda_wp\/wp-content\/uploads\/2014\/03\/git_seatingchart_rev01.jpg\">Plan de location<\/a> du th\u00e9\u00e2tre George Igantieff<\/li>\n<li>Affiche\u00a0<a title=\"Affiche 2016\" href=\"http:\/\/latroupedesanciens.org\/tda_wp\/lmml-lcc-affiche-fnl-2016\/\">Qualit\u00e9 sup\u00e9rieure<\/a> (format PDF, 4 Mo) <a href=\"http:\/\/latroupedesanciens.org\/tda_wp\/fr\/2016\/03\/affiche-2016\/affiche-2016-low-res-rev00-2\/\">Qualit\u00e9 inf\u00e9rieure<\/a> (format JPEG)<\/li>\n<li><a href=\"http:\/\/latroupedesanciens.org\/tda_wp\/fr\/spectacle-2016\/lmml-lcc-prgm-fnl-2\/\">Programme<\/a> (format PDF, 700 ko)<\/li>\n<\/ul>\n","protected":false},"excerpt":{"rendered":"<p>Nous pr\u00e9sentons en avril 2016 un programme double de Le M\u00e9decin malgr\u00e9 lui,\u00a0 et de la pi\u00e8ce absurde\u00a0La Cantatrice chauve de Eug\u00e8ne Ionesco. Le M\u00e9decin malgr\u00e9 lui est une com\u00e9die en prose en trois actes qui a \u00e9t\u00e9 jou\u00e9e pour la premi\u00e8re fois le 6 ao\u00fbt 1666 au Th\u00e9\u00e2tre du Palais-Royal \u00e0 Paris. Elle a &hellip; <a href=\"http:\/\/latroupedesanciens.org\/tda_wp\/fr\/spectacle-2016\/\" class=\"more-link\">Continuez \u00e0 lire<span class=\"screen-reader-text\"> &laquo;&nbsp;Spectacle 2016 &#8211; Le M\u00e9decin malgr\u00e9 lui et La Cantatrice chauve&nbsp;&raquo;<\/span><\/a><\/p>\n","protected":false},"author":1,"featured_media":0,"parent":0,"menu_order":0,"comment_status":"closed","ping_status":"closed","template":"","meta":{"jetpack_post_was_ever_published":false,"footnotes":""},"class_list":["post-446","page","type-page","status-publish","hentry"],"jetpack_sharing_enabled":true,"jetpack_shortlink":"https:\/\/wp.me\/P4pXBP-7c","_links":{"self":[{"href":"http:\/\/latroupedesanciens.org\/tda_wp\/fr\/wp-json\/wp\/v2\/pages\/446","targetHints":{"allow":["GET"]}}],"collection":[{"href":"http:\/\/latroupedesanciens.org\/tda_wp\/fr\/wp-json\/wp\/v2\/pages"}],"about":[{"href":"http:\/\/latroupedesanciens.org\/tda_wp\/fr\/wp-json\/wp\/v2\/types\/page"}],"author":[{"embeddable":true,"href":"http:\/\/latroupedesanciens.org\/tda_wp\/fr\/wp-json\/wp\/v2\/users\/1"}],"replies":[{"embeddable":true,"href":"http:\/\/latroupedesanciens.org\/tda_wp\/fr\/wp-json\/wp\/v2\/comments?post=446"}],"version-history":[{"count":13,"href":"http:\/\/latroupedesanciens.org\/tda_wp\/fr\/wp-json\/wp\/v2\/pages\/446\/revisions"}],"predecessor-version":[{"id":607,"href":"http:\/\/latroupedesanciens.org\/tda_wp\/fr\/wp-json\/wp\/v2\/pages\/446\/revisions\/607"}],"wp:attachment":[{"href":"http:\/\/latroupedesanciens.org\/tda_wp\/fr\/wp-json\/wp\/v2\/media?parent=446"}],"curies":[{"name":"wp","href":"https:\/\/api.w.org\/{rel}","templated":true}]}}