{"id":455,"date":"2016-02-11T15:05:07","date_gmt":"2016-02-11T20:05:07","guid":{"rendered":"http:\/\/latroupedesanciens.org\/tda_wp\/fr\/?page_id=455"},"modified":"2016-02-11T15:05:07","modified_gmt":"2016-02-11T20:05:07","slug":"billets-2016","status":"publish","type":"page","link":"http:\/\/latroupedesanciens.org\/tda_wp\/fr\/billets-2016\/","title":{"rendered":"Billets 2016"},"content":{"rendered":"<p>Cette page vous permet <strong>d\u2019acheter<\/strong> des billets. Apr\u00e8s votre achat, un membre de notre \u00e9quipe de guichet vous contactera \u00e0 partir du 1 avril 2016 pour la s\u00e9lection de vos si\u00e8ges; l&rsquo;\u00e9quipe de guichet contactera les clients dans l\u2019ordre chronologique (date et heure) d&rsquo;achat. Vous pouvez consulter le <a title=\"Plan de location du Th\u00e9\u00e2tre George Ignatieff\" href=\"http:\/\/latroupedesanciens.org\/tda_wp\/wp-content\/uploads\/2014\/git_seatingchart_rev01.jpg\">plan de location<\/a> du th\u00e9\u00e2tre; veuillez noter qu\u2019il se peut que votre premier choix de si\u00e8ges ne sera plus disponible. <strong>Conseil<\/strong> : pour une meilleure visualisation des surtitres projet\u00e9s en anglais, choisissez un si\u00e8ge plus loin de la sc\u00e8ne. Apr\u00e8s avoir confirm\u00e9 vos si\u00e8ges, nous garderons vos billets en papier \u00e0 l\u2019entr\u00e9e du th\u00e9\u00e2tre le soir de votre spectacle. Si vous avez des questions, veuillez <a title=\"Contactez-nous\" href=\"http:\/\/latroupedesanciens.org\/tda_wp\/fr\/contactez-nous\/\">contacter notre \u00e9quipe de guichet<\/a>.<\/p>\n<h3>M\u00e9thode de paiement<\/h3>\n<p>Les paiements sont trait\u00e9s par PayPal. Cependent, vous n\u2019avez pas besoin de compte PayPal. Vous pouvez payer par carte de cr\u00e9dit ; carte de d\u00e9bit avec un logo Visa ou Mastercard ; ou avec votre propre compte Paypal si vous en avez.<br \/>\n<img decoding=\"async\" src=\"https:\/\/www.paypalobjects.com\/webstatic\/mktg\/logo\/AM_mc_vs_dc_ae.jpg\" alt=\"PayPal logo\" \/><\/p>\n<h2>Acheter vos billets<\/h2>\n<h3>le vendredi 15 avril, 2016 \u00e0 20 h<\/h3>\n<p style=\"padding-left: 30px;\"><strong>Billet adulte 20$<\/strong><br \/>\n<a title=\"Acheter des billets adultes vendredi 15 avril 2015\" href=\"https:\/\/www.paypal.com\/cgi-bin\/webscr?cmd=_s-xclick&amp;hosted_button_id=VNJL8VZHA2UQU\"><img data-recalc-dims=\"1\" decoding=\"async\" src=\"https:\/\/i0.wp.com\/www.paypal.com\/fr_FR\/FR\/i\/btn\/btn_buynow_LG.gif?w=840&#038;ssl=1\" alt=\"Buy Now Button in French\" \/><\/a><\/p>\n<p style=\"padding-left: 30px;\"><strong>Billet \u00e9tudiant\/\u00e9colier 15$<\/strong><br \/>\n<a title=\"Acheter des billets \u00e9tudiant\/\u00e9colier vendredi 15 avril 2015\" href=\"https:\/\/www.paypal.com\/cgi-bin\/webscr?cmd=_s-xclick&amp;hosted_button_id=2D6U32P3M33X2\"><img data-recalc-dims=\"1\" decoding=\"async\" src=\"https:\/\/i0.wp.com\/www.paypal.com\/fr_FR\/FR\/i\/btn\/btn_buynow_LG.gif?w=840&#038;ssl=1\" alt=\"Buy Now Button in French\" \/><\/a><\/p>\n<h3>le samedi 16 avril, 2016 \u00e0 20 h<\/h3>\n<p style=\"padding-left: 30px;\"><strong>Billet adulte 20$<\/strong><br \/>\n<a title=\"Acheter des billets adultes samedi 16 avril 2015\" href=\"https:\/\/www.paypal.com\/cgi-bin\/webscr?cmd=_s-xclick&amp;hosted_button_id=9D66W4C7V8NTQ\"><img data-recalc-dims=\"1\" decoding=\"async\" src=\"https:\/\/i0.wp.com\/www.paypal.com\/fr_FR\/FR\/i\/btn\/btn_buynow_LG.gif?w=840&#038;ssl=1\" alt=\"Buy Now Button in French\" \/><\/a><\/p>\n<p style=\"padding-left: 30px;\"><strong>Billet \u00e9tudiant\/\u00e9colier 15$<\/strong><br \/>\n<a title=\"Acheter des billets \u00e9tudiant\/\u00e9colier samedi 16 avril 2015\" href=\"https:\/\/www.paypal.com\/cgi-bin\/webscr?cmd=_s-xclick&amp;hosted_button_id=CDYHV5WCA2HGG\"><img data-recalc-dims=\"1\" decoding=\"async\" src=\"https:\/\/i0.wp.com\/www.paypal.com\/fr_FR\/FR\/i\/btn\/btn_buynow_LG.gif?w=840&#038;ssl=1\" alt=\"Buy Now Button in French\" \/><\/a><\/p>\n","protected":false},"excerpt":{"rendered":"<p>Cette page vous permet d\u2019acheter des billets. Apr\u00e8s votre achat, un membre de notre \u00e9quipe de guichet vous contactera \u00e0 partir du 1 avril 2016 pour la s\u00e9lection de vos si\u00e8ges; l&rsquo;\u00e9quipe de guichet contactera les clients dans l\u2019ordre chronologique (date et heure) d&rsquo;achat. Vous pouvez consulter le plan de location du th\u00e9\u00e2tre; veuillez noter &hellip; <a href=\"http:\/\/latroupedesanciens.org\/tda_wp\/fr\/billets-2016\/\" class=\"more-link\">Continuez \u00e0 lire<span class=\"screen-reader-text\"> &laquo;&nbsp;Billets 2016&nbsp;&raquo;<\/span><\/a><\/p>\n","protected":false},"author":1,"featured_media":0,"parent":0,"menu_order":0,"comment_status":"closed","ping_status":"closed","template":"","meta":{"jetpack_post_was_ever_published":false,"footnotes":""},"class_list":["post-455","page","type-page","status-publish","hentry"],"jetpack_sharing_enabled":true,"jetpack_shortlink":"https:\/\/wp.me\/P4pXBP-7l","_links":{"self":[{"href":"http:\/\/latroupedesanciens.org\/tda_wp\/fr\/wp-json\/wp\/v2\/pages\/455","targetHints":{"allow":["GET"]}}],"collection":[{"href":"http:\/\/latroupedesanciens.org\/tda_wp\/fr\/wp-json\/wp\/v2\/pages"}],"about":[{"href":"http:\/\/latroupedesanciens.org\/tda_wp\/fr\/wp-json\/wp\/v2\/types\/page"}],"author":[{"embeddable":true,"href":"http:\/\/latroupedesanciens.org\/tda_wp\/fr\/wp-json\/wp\/v2\/users\/1"}],"replies":[{"embeddable":true,"href":"http:\/\/latroupedesanciens.org\/tda_wp\/fr\/wp-json\/wp\/v2\/comments?post=455"}],"version-history":[{"count":2,"href":"http:\/\/latroupedesanciens.org\/tda_wp\/fr\/wp-json\/wp\/v2\/pages\/455\/revisions"}],"predecessor-version":[{"id":472,"href":"http:\/\/latroupedesanciens.org\/tda_wp\/fr\/wp-json\/wp\/v2\/pages\/455\/revisions\/472"}],"wp:attachment":[{"href":"http:\/\/latroupedesanciens.org\/tda_wp\/fr\/wp-json\/wp\/v2\/media?parent=455"}],"curies":[{"name":"wp","href":"https:\/\/api.w.org\/{rel}","templated":true}]}}