{"id":586,"date":"2016-08-15T21:48:41","date_gmt":"2016-08-16T01:48:41","guid":{"rendered":"http:\/\/latroupedesanciens.org\/tda_wp\/fr\/?page_id=586"},"modified":"2017-04-21T12:31:09","modified_gmt":"2017-04-21T16:31:09","slug":"spectacle-2017","status":"publish","type":"page","link":"http:\/\/latroupedesanciens.org\/tda_wp\/fr\/spectacle-2017\/","title":{"rendered":"Spectacle 2017 \u2013 Le Bourgeois gentilhomme"},"content":{"rendered":"<figure id=\"attachment_582\" aria-describedby=\"caption-attachment-582\" style=\"width: 150px\" class=\"wp-caption alignleft\"><img data-recalc-dims=\"1\" loading=\"lazy\" decoding=\"async\" class=\"size-thumbnail wp-image-582\" src=\"https:\/\/i0.wp.com\/latroupedesanciens.org\/tda_wp\/wp-content\/uploads\/2016\/08\/BourgeoisGentilhommeFrontispiece1688.jpg?resize=150%2C150\" alt=\"Frontispice et page de titre d'une \u00e9dition du Bourgeois gentilhomme de 1688\" width=\"150\" height=\"150\" srcset=\"https:\/\/i0.wp.com\/latroupedesanciens.org\/tda_wp\/wp-content\/uploads\/2016\/08\/BourgeoisGentilhommeFrontispiece1688.jpg?resize=150%2C150 150w, https:\/\/i0.wp.com\/latroupedesanciens.org\/tda_wp\/wp-content\/uploads\/2016\/08\/BourgeoisGentilhommeFrontispiece1688.jpg?zoom=2&amp;resize=150%2C150 300w, https:\/\/i0.wp.com\/latroupedesanciens.org\/tda_wp\/wp-content\/uploads\/2016\/08\/BourgeoisGentilhommeFrontispiece1688.jpg?zoom=3&amp;resize=150%2C150 450w\" sizes=\"auto, (max-width: 150px) 85vw, 150px\" \/><figcaption id=\"caption-attachment-582\" class=\"wp-caption-text\">Frontispice et page de titre d&rsquo;une \u00e9dition du Bourgeois gentilhomme de 1688<\/figcaption><\/figure>\n<p>Nous pr\u00e9sentons en avril 2017\u00a0la c\u00e9l\u00e8bre com\u00e9die de Moli\u00e8re\u00a0L<em>e Bourgeois gentilhomme<\/em>.<\/p>\n<p>Elle est\u00a0une com\u00e9die-ballet en prose en cinq actes, avec musique compos\u00e9e\u00a0par le surintendant de la musique royal\u00a0<a href=\"https:\/\/fr.wikipedia.org\/wiki\/Jean-Baptiste_Lully\">Jean-Baptiste Lully<\/a>, qui a \u00e9t\u00e9 jou\u00e9e pour la premi\u00e8re fois le 14 octobre 1670 au <a href=\"https:\/\/fr.wikipedia.org\/wiki\/Ch%C3%A2teau_de_Chambord\">Ch\u00e2teau de Chambord<\/a>, ensuite\u00a0au <a href=\"https:\/\/fr.wikipedia.org\/wiki\/Th%C3%A9%C3%A2tre_du_Palais-Royal\">Th\u00e9\u00e2tre du Palais-Royal<\/a> \u00e0 Paris \u00e0 partir du 23 novembre 1670. Elle a connu un grand succ\u00e8s et se moque \u00e9galement de la bourgeoisie pr\u00e9tentieuse et de la noblesse snob\u00a0en France au 17<sup>me<\/sup> si\u00e8cle.<\/p>\n<p>Pour plus de renseignements au sujet des pi\u00e8ces, voyez les articles <a href=\"https:\/\/fr.wikipedia.org\/wiki\/Le_Bourgeois_gentilhomme\"><em>Le Bourgeois gentilhomme<\/em><\/a>\u00a0et <a href=\"https:\/\/fr.wikipedia.org\/wiki\/Moli%C3%A8re\">Moli\u00e8re <\/a>dans Wikip\u00e9dia. Nous offrons\u00a0le r\u00e9sum\u00e9 et le texte int\u00e9gral en anglais et en fran\u00e7ais ci-dessous; veuillez suivre nos comptes\u00a0m\u00e9dia social pour d\u2019autres nouvelles.<\/p>\n<figure id=\"attachment_584\" aria-describedby=\"caption-attachment-584\" style=\"width: 174px\" class=\"wp-caption alignright\"><img data-recalc-dims=\"1\" loading=\"lazy\" decoding=\"async\" class=\"size-medium wp-image-584\" src=\"https:\/\/i0.wp.com\/latroupedesanciens.org\/tda_wp\/wp-content\/uploads\/2016\/08\/Monsieur-Jourdain-crop-20160512.jpg?resize=174%2C300\" alt=\"Costume du 19me si\u00e8cle pour M. Jourdain, r\u00f4le principal du Bourgeois gentillehomme\" width=\"174\" height=\"300\" srcset=\"https:\/\/i0.wp.com\/latroupedesanciens.org\/tda_wp\/wp-content\/uploads\/2016\/08\/Monsieur-Jourdain-crop-20160512.jpg?resize=174%2C300 174w, https:\/\/i0.wp.com\/latroupedesanciens.org\/tda_wp\/wp-content\/uploads\/2016\/08\/Monsieur-Jourdain-crop-20160512.jpg?w=435 435w\" sizes=\"auto, (max-width: 174px) 85vw, 174px\" \/><figcaption id=\"caption-attachment-584\" class=\"wp-caption-text\">Costume du 19<sup>me<\/sup> si\u00e8cle pour M. Jourdain, r\u00f4le principal du Bourgeois gentillehomme<\/figcaption><\/figure>\n<p>Il y aura\u00a0deux repr\u00e9sentations : le vendredi 21\u00a0et le samedi 22\u00a0avril 2017 \u00e0 20\u00a0h\u00a000 au Th\u00e9\u00e2tre George Ignatieff sur le campus du centre-ville de l\u2019Universit\u00e9 de Toronto. Une projection de surtitres en anglais sera\u00a0disponible pour les deux spectacles. Vous pouvez\u00a0<a href=\"http:\/\/latroupedesanciens.org\/tda_wp\/fr\/billets-2017\/\">commander des billets en ligne<\/a> maintenant; le choix des places sera\u00a0effectu\u00e9 suite \u00e0 une conversation avec notre \u00e9quipe de guichet \u00e0 partir du 10 avril, 2017. Ou, vous pouvez\u00a0<a title=\"Contactez-nous\" href=\"http:\/\/latroupedesanciens.org\/tda_wp\/fr\/contactez-nous\/\">contacter notre \u00e9quipe de guichet<\/a> les jours ouvrables de 11\u00a0h\u00a000 \u00e0 17\u00a0h\u00a000, \u00e0 partir du 10 avril, 2017. Vous pouvez\u00a0aussi acheter des billets les soirs des spectacles s\u2019il en reste \u00e0 l\u2019entr\u00e9e du th\u00e9\u00e2tre, paiement en argent comptant seulement.<\/p>\n<h3>Renseignements<\/h3>\n<h5>Dates et l\u2019heure<\/h5>\n<p>le vendredi 21\u00a0et le samedi 22\u00a0avril 2017 \u00e0 20 h 00<br \/>\n<span style=\"color: #ff0000;\"><strong>La salle est comble pour le spectacle du vendredi soir.<\/strong><\/span><br \/>\nDes surtitres en anglais seront projet\u00e9s les deux soirs<\/p>\n<h5>Lieu<\/h5>\n<p>Th\u00e9\u00e2tre George Ignatieff<br \/>\nColl\u00e8ge Trinity<br \/>\nUniversit\u00e9 de Toronto<br \/>\n15, Devonshire Place<br \/>\nToronto (Ontario) M5S 1H8<br \/>\n<a href=\"http:\/\/fr.wikipedia.org\/wiki\/M%C3%A9tro_de_Toronto\">M\u00e9tro <\/a>: <a href=\"http:\/\/fr.wikipedia.org\/wiki\/St._George_%28m%C3%A9tro_de_Toronto%29\">St. George<\/a>; sortie chemin Bedford, ensuite 400 m \u00e0 pied<\/p>\n<h5>Cartes<\/h5>\n<ul>\n<li><a title=\"George Ignatieff Theatre - Carte U of T\" href=\"http:\/\/map.utoronto.ca\/building\/603\">Carte de l\u2019U de T<\/a><\/li>\n<li><a title=\"George Ignatieff Theatre - Carte Google\" href=\"http:\/\/goo.gl\/maps\/r1rvR\">Carte Google<\/a><\/li>\n<\/ul>\n<h5>R\u00e9sum\u00e9s et textes int\u00e9graux<\/h5>\n<ul>\n<li>R\u00e9sum\u00e9s\n<ul>\n<li>en anglais <a href=\"http:\/\/latroupedesanciens.org\/tda_wp\/resume-bourgeois-2017-en-rev01\/\">R\u00e9sum\u00e9 Bourgeois 2017 EN rev01<\/a><\/li>\n<li>en fran\u00e7ais <a href=\"http:\/\/latroupedesanciens.org\/tda_wp\/resume-bourgeois-2017-fr-rev01\/\">R\u00e9sum\u00e9 Bourgeois 2017 FR rev01<\/a><\/li>\n<\/ul>\n<\/li>\n<li>Textes int\u00e9graux\n<ul>\n<li>en anglais <a href=\"http:\/\/latroupedesanciens.org\/tda_wp\/2017\/03\/resumes-and-full-texts-now-available-for-the-bourgeois-gentilhomme__trashed\/bourgeois-2017-en-rev00\/\" rel=\"attachment wp-att-707\">Bourgeois 2017 EN rev00<\/a><\/li>\n<li>en fran\u00e7ais <a href=\"http:\/\/latroupedesanciens.org\/tda_wp\/2017\/03\/resumes-and-full-texts-now-available-for-the-bourgeois-gentilhomme__trashed\/bourgeois-2017-fr-rev00\/\" rel=\"attachment wp-att-711\">Bourgeois 2017 FR rev00<\/a><\/li>\n<\/ul>\n<\/li>\n<\/ul>\n<h5>Autres renseignements<\/h5>\n<ul>\n<li><a title=\"Plan de location du Th\u00e9\u00e2tre George Ignatieff\" href=\"http:\/\/latroupedesanciens.org\/tda_wp\/wp-content\/uploads\/2014\/03\/git_seatingchart_rev01.jpg\">Plan de location<\/a> du th\u00e9\u00e2tre George Igantieff<\/li>\n<li><a href=\"http:\/\/latroupedesanciens.org\/tda_wp\/fr\/2017\/03\/laffiche-2017-est-maintenant-disponible\/lbg2017-affiche-final-2\/\">Affiche<\/a> (format PDF, qualit\u00e9 sup\u00e9rieure)\u00a0<!-- <a title=\"Affiche 2016\" href=\"http:\/\/latroupedesanciens.org\/tda_wp\/lmml-lcc-affiche-fnl-2016\/\">Qualit\u00e9 sup\u00e9rieure<\/a> (format PDF, 4 Mo) <a href=\"http:\/\/latroupedesanciens.org\/tda_wp\/fr\/2016\/03\/affiche-2016\/affiche-2016-low-res-rev00-2\/\">Qualit\u00e9 inf\u00e9rieure<\/a> (format JPEG) --><\/li>\n<li>Programme (disponible en avril 2017)<\/li>\n<\/ul>\n","protected":false},"excerpt":{"rendered":"<p>Nous pr\u00e9sentons en avril 2017\u00a0la c\u00e9l\u00e8bre com\u00e9die de Moli\u00e8re\u00a0Le Bourgeois gentilhomme. Elle est\u00a0une com\u00e9die-ballet en prose en cinq actes, avec musique compos\u00e9e\u00a0par le surintendant de la musique royal\u00a0Jean-Baptiste Lully, qui a \u00e9t\u00e9 jou\u00e9e pour la premi\u00e8re fois le 14 octobre 1670 au Ch\u00e2teau de Chambord, ensuite\u00a0au Th\u00e9\u00e2tre du Palais-Royal \u00e0 Paris \u00e0 partir du 23 &hellip; <a href=\"http:\/\/latroupedesanciens.org\/tda_wp\/fr\/spectacle-2017\/\" class=\"more-link\">Continuez \u00e0 lire<span class=\"screen-reader-text\"> &laquo;&nbsp;Spectacle 2017 \u2013 Le Bourgeois gentilhomme&nbsp;&raquo;<\/span><\/a><\/p>\n","protected":false},"author":1,"featured_media":0,"parent":0,"menu_order":0,"comment_status":"closed","ping_status":"closed","template":"","meta":{"jetpack_post_was_ever_published":false,"footnotes":""},"class_list":["post-586","page","type-page","status-publish","hentry"],"jetpack_sharing_enabled":true,"jetpack_shortlink":"https:\/\/wp.me\/P4pXBP-9s","_links":{"self":[{"href":"http:\/\/latroupedesanciens.org\/tda_wp\/fr\/wp-json\/wp\/v2\/pages\/586","targetHints":{"allow":["GET"]}}],"collection":[{"href":"http:\/\/latroupedesanciens.org\/tda_wp\/fr\/wp-json\/wp\/v2\/pages"}],"about":[{"href":"http:\/\/latroupedesanciens.org\/tda_wp\/fr\/wp-json\/wp\/v2\/types\/page"}],"author":[{"embeddable":true,"href":"http:\/\/latroupedesanciens.org\/tda_wp\/fr\/wp-json\/wp\/v2\/users\/1"}],"replies":[{"embeddable":true,"href":"http:\/\/latroupedesanciens.org\/tda_wp\/fr\/wp-json\/wp\/v2\/comments?post=586"}],"version-history":[{"count":10,"href":"http:\/\/latroupedesanciens.org\/tda_wp\/fr\/wp-json\/wp\/v2\/pages\/586\/revisions"}],"predecessor-version":[{"id":765,"href":"http:\/\/latroupedesanciens.org\/tda_wp\/fr\/wp-json\/wp\/v2\/pages\/586\/revisions\/765"}],"wp:attachment":[{"href":"http:\/\/latroupedesanciens.org\/tda_wp\/fr\/wp-json\/wp\/v2\/media?parent=586"}],"curies":[{"name":"wp","href":"https:\/\/api.w.org\/{rel}","templated":true}]}}