{"id":678,"date":"2017-03-25T00:14:06","date_gmt":"2017-03-25T04:14:06","guid":{"rendered":"http:\/\/latroupedesanciens.org\/tda_wp\/billets-2017\/"},"modified":"2017-04-22T02:07:09","modified_gmt":"2017-04-22T06:07:09","slug":"billets-2017","status":"publish","type":"page","link":"http:\/\/latroupedesanciens.org\/tda_wp\/fr\/billets-2017\/","title":{"rendered":"Billets 2017"},"content":{"rendered":"<p>Cette page vous permet <strong>d\u2019acheter<\/strong> des billets. Apr\u00e8s votre achat, un membre de notre \u00e9quipe de guichet vous contactera \u00e0 partir du 10 avril 2017 pour la s\u00e9lection de vos si\u00e8ges; l&rsquo;\u00e9quipe de guichet contactera les clients dans l\u2019ordre chronologique (date et heure) d&rsquo;achat. Vous pouvez consulter le <a title=\"Plan de location du Th\u00e9\u00e2tre George Ignatieff\" href=\"http:\/\/latroupedesanciens.org\/tda_wp\/wp-content\/uploads\/2014\/git_seatingchart_rev01.jpg\">plan de location<\/a> du th\u00e9\u00e2tre; veuillez noter qu\u2019il se peut que votre premier choix de si\u00e8ges ne sera plus disponible. <strong>Conseil<\/strong> : pour une meilleure visualisation des surtitres projet\u00e9s en anglais, choisissez un si\u00e8ge plus loin de la sc\u00e8ne. Apr\u00e8s avoir confirm\u00e9 vos si\u00e8ges, nous garderons vos billets en papier \u00e0 l\u2019entr\u00e9e du th\u00e9\u00e2tre le soir de votre spectacle. Si vous avez des questions, veuillez <a title=\"Contactez-nous\" href=\"http:\/\/latroupedesanciens.org\/tda_wp\/fr\/contactez-nous\/\">contacter notre \u00e9quipe de guichet<\/a>.<\/p>\n<h3>M\u00e9thode de paiement<\/h3>\n<p>Les paiements sont trait\u00e9s par PayPal. Cependant, vous n\u2019avez pas besoin de compte PayPal. Vous pouvez payer par carte de cr\u00e9dit ; carte de d\u00e9bit avec un logo Visa ou Mastercard ; ou avec votre propre compte PayPal si vous en avez.<br \/>\n<img decoding=\"async\" src=\"https:\/\/www.paypalobjects.com\/webstatic\/mktg\/logo\/AM_mc_vs_dc_ae.jpg\" alt=\"PayPal logo\" \/><\/p>\n<h2>Acheter vos billets<\/h2>\n<h3>le vendredi 21 avril, 2017 \u00e0 20 h<\/h3>\n<p><span style=\"color: #ff0000;\"><strong>Avis ! La salle est comble\u00a0pour le vendredi soir.<\/strong><\/span><\/p>\n<p style=\"padding-left: 30px;\"><del><strong>Billet adulte 20$<\/strong><\/del><br \/>\n<a title=\"Acheter des billets adultes vendredi 21 avril 2017\" href=\"https:\/\/www.paypal.com\/cgi-bin\/webscr?cmd=_s-xclick&amp;hosted_button_id=HH4LWL27XEJX2\"><img data-recalc-dims=\"1\" decoding=\"async\" src=\"https:\/\/i0.wp.com\/www.paypal.com\/fr_FR\/FR\/i\/btn\/btn_buynow_LG.gif?w=840&#038;ssl=1\" alt=\"Buy Now Button in French\" \/><\/a><\/p>\n<p style=\"padding-left: 30px;\"><del><strong>Billet \u00e9tudiant\/\u00e9colier 15$<\/strong><\/del><br \/>\n<a title=\"Acheter des billets \u00e9tudiant\/\u00e9colier vendredi 21 avril 2017\" href=\"https:\/\/www.paypal.com\/cgi-bin\/webscr?cmd=_s-xclick&amp;hosted_button_id=8MVJPG25E78RQ\"><img data-recalc-dims=\"1\" decoding=\"async\" src=\"https:\/\/i0.wp.com\/www.paypal.com\/fr_FR\/FR\/i\/btn\/btn_buynow_LG.gif?w=840&#038;ssl=1\" alt=\"Buy Now Button in French\" \/><\/a><\/p>\n<h3>le samedi 22 avril, 2017 \u00e0 20 h<\/h3>\n<p><span style=\"color: #ff0000;\"><strong>Avis !<\/strong><\/span>\u00a0I<strong>l reste peu de billets pour le samedi soir, donc nous n\u2019acceptons plus de paiments par internet ; les boutons ci-dessous ne fonctionnent plus. Cependant, vous pouvez contacter le guichet par t\u00e9l\u00e9phone (m\u00eame samedi ; la m\u00e9thode pr\u00e9f\u00e9r\u00e9e) ou par courriel pour la disponibilit\u00e9 actuelle et pour faire votre achat. Vous trouverez les coordonn\u00e9es du guichet <a href=\"http:\/\/latroupedesanciens.org\/tda_wp\/fr\/contactez-nous\/\">ici<\/a>.<\/strong><\/p>\n<p style=\"padding-left: 30px;\"><del><strong>Billet adulte 20$<\/strong><\/del><br \/>\n<a title=\"Acheter des billets adultes samedi 22 avril 2017\" href=\"https:\/\/www.paypal.com\/cgi-bin\/webscr?cmd=_s-xclick&amp;hosted_button_id=JMCJT88FLRDK2\"><img data-recalc-dims=\"1\" decoding=\"async\" src=\"https:\/\/i0.wp.com\/www.paypal.com\/fr_FR\/FR\/i\/btn\/btn_buynow_LG.gif?w=840&#038;ssl=1\" alt=\"Buy Now Button in French\" \/><\/a><\/p>\n<p style=\"padding-left: 30px;\"><del><strong>Billet \u00e9tudiant\/\u00e9colier 15$<\/strong><\/del><br \/>\n<a title=\"Acheter des billets \u00e9tudiant\/\u00e9colier samedi 22 avril 2017\" href=\"https:\/\/www.paypal.com\/cgi-bin\/webscr?cmd=_s-xclick&amp;hosted_button_id=BTHVBRXRJ6PRY\"><img data-recalc-dims=\"1\" decoding=\"async\" src=\"https:\/\/i0.wp.com\/www.paypal.com\/fr_FR\/FR\/i\/btn\/btn_buynow_LG.gif?w=840&#038;ssl=1\" alt=\"Buy Now Button in French\" \/><\/a><\/p>\n","protected":false},"excerpt":{"rendered":"<p>Cette page vous permet d\u2019acheter des billets. Apr\u00e8s votre achat, un membre de notre \u00e9quipe de guichet vous contactera \u00e0 partir du 10 avril 2017 pour la s\u00e9lection de vos si\u00e8ges; l&rsquo;\u00e9quipe de guichet contactera les clients dans l\u2019ordre chronologique (date et heure) d&rsquo;achat. Vous pouvez consulter le plan de location du th\u00e9\u00e2tre; veuillez noter &hellip; <a href=\"http:\/\/latroupedesanciens.org\/tda_wp\/fr\/billets-2017\/\" class=\"more-link\">Continuez \u00e0 lire<span class=\"screen-reader-text\"> &laquo;&nbsp;Billets 2017&nbsp;&raquo;<\/span><\/a><\/p>\n","protected":false},"author":1,"featured_media":0,"parent":0,"menu_order":0,"comment_status":"closed","ping_status":"closed","template":"","meta":{"jetpack_post_was_ever_published":false,"footnotes":""},"class_list":["post-678","page","type-page","status-publish","hentry"],"jetpack_sharing_enabled":true,"jetpack_shortlink":"https:\/\/wp.me\/P4pXBP-aW","_links":{"self":[{"href":"http:\/\/latroupedesanciens.org\/tda_wp\/fr\/wp-json\/wp\/v2\/pages\/678","targetHints":{"allow":["GET"]}}],"collection":[{"href":"http:\/\/latroupedesanciens.org\/tda_wp\/fr\/wp-json\/wp\/v2\/pages"}],"about":[{"href":"http:\/\/latroupedesanciens.org\/tda_wp\/fr\/wp-json\/wp\/v2\/types\/page"}],"author":[{"embeddable":true,"href":"http:\/\/latroupedesanciens.org\/tda_wp\/fr\/wp-json\/wp\/v2\/users\/1"}],"replies":[{"embeddable":true,"href":"http:\/\/latroupedesanciens.org\/tda_wp\/fr\/wp-json\/wp\/v2\/comments?post=678"}],"version-history":[{"count":7,"href":"http:\/\/latroupedesanciens.org\/tda_wp\/fr\/wp-json\/wp\/v2\/pages\/678\/revisions"}],"predecessor-version":[{"id":773,"href":"http:\/\/latroupedesanciens.org\/tda_wp\/fr\/wp-json\/wp\/v2\/pages\/678\/revisions\/773"}],"wp:attachment":[{"href":"http:\/\/latroupedesanciens.org\/tda_wp\/fr\/wp-json\/wp\/v2\/media?parent=678"}],"curies":[{"name":"wp","href":"https:\/\/api.w.org\/{rel}","templated":true}]}}