{"id":864,"date":"2018-02-23T00:05:52","date_gmt":"2018-02-23T05:05:52","guid":{"rendered":"http:\/\/latroupedesanciens.org\/tda_wp\/billets-2018\/"},"modified":"2018-04-19T18:12:12","modified_gmt":"2018-04-19T22:12:12","slug":"billets-2018","status":"publish","type":"page","link":"http:\/\/latroupedesanciens.org\/tda_wp\/fr\/billets-2018\/","title":{"rendered":"Billets 2018"},"content":{"rendered":"<p>Cette page vous permet <strong>d\u2019acheter<\/strong> des billets. Apr\u00e8s votre achat,\u00a0notre excellente \u00e9quipe de guichet choisira les meilleures places parmi celles qui restent pour r\u00e9pondre \u00e0 votre demande, et vous contactera par courriel peu de temps apr\u00e8s avec une confirmation. Si vous voulez avoir des places qui offrent une meilleure visualisation des surtites en anglais, ou vous avez une autre demande sp\u00e9ciale, veuillez\u00a0<a href=\"http:\/\/latroupedesanciens.org\/tda_wp\/fr\/contactez-nous\/\">contacter l\u2019\u00e9quipe de guichet<\/a> apr\u00e8s votre achat. Vous pouvez le faire par courriel en tout temps ou par t\u00e9l\u00e9phone \u00e0 partir du 9 avril 2018. Vous pouvez consulter le <a title=\"Plan de location du Th\u00e9\u00e2tre George Ignatieff\" href=\"http:\/\/latroupedesanciens.org\/tda_wp\/wp-content\/uploads\/2014\/git_seatingchart_rev01.jpg\">plan de location du th\u00e9\u00e2tre<\/a>; veuillez noter qu\u2019il se peut que votre premier choix de si\u00e8ges ne sera plus disponible. <strong>(Avis du 19 avril 2018\u00a0:<\/strong> consultez le plan avec les places d\u00e9j\u00e0 prises, \u00e0 jour en date du 19 avril, pour le spectacle <a href=\"http:\/\/latroupedesanciens.org\/tda_wp\/fr\/2018\/04\/peu-de-places-pour-le-vendredi-encore-plus-pour-le-samedi\/friday-seats-taken-20180419-2\/\">du vendredi soir<\/a> <a href=\"http:\/\/latroupedesanciens.org\/tda_wp\/fr\/2018\/04\/peu-de-places-pour-le-vendredi-encore-plus-pour-le-samedi\/saturday-seats-taken-20180419-2\/\">du samedi soir<\/a><strong>)<\/strong> Autre avis : les si\u00e8ges avec une meilleure visualisation des surtitres projet\u00e9s en anglais se trouvent\u00a0plus loin de la sc\u00e8ne. Finalement,\u00a0nous garderons vos billets en papier \u00e0 l\u2019entr\u00e9e du th\u00e9\u00e2tre le soir de votre spectacle. Si vous avez des questions, veuillez <a title=\"Contactez-nous\" href=\"http:\/\/latroupedesanciens.org\/tda_wp\/fr\/contactez-nous\/\">contacter notre \u00e9quipe de guichet<\/a>.<\/p>\n<h3>M\u00e9thode de paiement<\/h3>\n<p>Les paiements sont trait\u00e9s par PayPal. Cependant, vous n\u2019avez pas besoin de compte PayPal. Vous pouvez payer par carte de cr\u00e9dit ; carte de d\u00e9bit avec un logo Visa ou Mastercard ; ou avec votre propre compte PayPal si vous en avez.<br \/>\n<img decoding=\"async\" src=\"https:\/\/www.paypalobjects.com\/webstatic\/mktg\/logo\/AM_mc_vs_dc_ae.jpg\" alt=\"PayPal logo\" \/><\/p>\n<h2>Acheter vos billets<\/h2>\n<h3>le vendredi 20 avril, 2018 \u00e0 20 h<\/h3>\n<p style=\"padding-left: 30px;\"><strong>Billet adulte 20$<\/strong><br \/>\n<a title=\"Acheter des billets adultes vendredi 20 avril 2018\" href=\"https:\/\/www.paypal.com\/cgi-bin\/webscr?cmd=_s-xclick&amp;hosted_button_id=P535PA3BS2LEU\"><img data-recalc-dims=\"1\" decoding=\"async\" src=\"https:\/\/i0.wp.com\/www.paypal.com\/fr_FR\/FR\/i\/btn\/btn_buynow_LG.gif?w=840&#038;ssl=1\" alt=\"Buy Now Button in French\" \/><\/a><\/p>\n<p style=\"padding-left: 30px;\"><strong>Billet \u00e9tudiant\/\u00e9colier 15$<\/strong><br \/>\n<a title=\"Acheter des billets \u00e9tudiant\/\u00e9colier vendredi 20 avril 2018\" href=\"https:\/\/www.paypal.com\/cgi-bin\/webscr?cmd=_s-xclick&amp;hosted_button_id=SGBAD5FG6PZQE\"><img data-recalc-dims=\"1\" decoding=\"async\" src=\"https:\/\/i0.wp.com\/www.paypal.com\/fr_FR\/FR\/i\/btn\/btn_buynow_LG.gif?w=840&#038;ssl=1\" alt=\"Buy Now Button in French\" \/><\/a><\/p>\n<h3>le samedi 21 avril, 2018 \u00e0 20 h<\/h3>\n<p style=\"padding-left: 30px;\"><strong>Billet adulte 20$<\/strong><br \/>\n<a title=\"Acheter des billets adultes samedi 21 avril 2018\" href=\"https:\/\/www.paypal.com\/cgi-bin\/webscr?cmd=_s-xclick&amp;hosted_button_id=LA72SCF6VPEEJ\"><img data-recalc-dims=\"1\" decoding=\"async\" src=\"https:\/\/i0.wp.com\/www.paypal.com\/fr_FR\/FR\/i\/btn\/btn_buynow_LG.gif?w=840&#038;ssl=1\" alt=\"Buy Now Button in French\" \/><\/a><\/p>\n<p style=\"padding-left: 30px;\"><strong>Billet \u00e9tudiant\/\u00e9colier 15$<\/strong><br \/>\n<a title=\"Acheter des billets \u00e9tudiant\/\u00e9colier samedi 21 avril 2018\" href=\"https:\/\/www.paypal.com\/cgi-bin\/webscr?cmd=_s-xclick&amp;hosted_button_id=D5ZYL6SYD2ZYQ\"><img data-recalc-dims=\"1\" decoding=\"async\" src=\"https:\/\/i0.wp.com\/www.paypal.com\/fr_FR\/FR\/i\/btn\/btn_buynow_LG.gif?w=840&#038;ssl=1\" alt=\"Buy Now Button in French\" \/><\/a><\/p>\n","protected":false},"excerpt":{"rendered":"<p>Cette page vous permet d\u2019acheter des billets. Apr\u00e8s votre achat,\u00a0notre excellente \u00e9quipe de guichet choisira les meilleures places parmi celles qui restent pour r\u00e9pondre \u00e0 votre demande, et vous contactera par courriel peu de temps apr\u00e8s avec une confirmation. Si vous voulez avoir des places qui offrent une meilleure visualisation des surtites en anglais, ou &hellip; <a href=\"http:\/\/latroupedesanciens.org\/tda_wp\/fr\/billets-2018\/\" class=\"more-link\">Continuez \u00e0 lire<span class=\"screen-reader-text\"> &laquo;&nbsp;Billets 2018&nbsp;&raquo;<\/span><\/a><\/p>\n","protected":false},"author":1,"featured_media":0,"parent":0,"menu_order":0,"comment_status":"closed","ping_status":"closed","template":"","meta":{"jetpack_post_was_ever_published":false,"footnotes":""},"class_list":["post-864","page","type-page","status-publish","hentry"],"jetpack_sharing_enabled":true,"jetpack_shortlink":"https:\/\/wp.me\/P4pXBP-dW","_links":{"self":[{"href":"http:\/\/latroupedesanciens.org\/tda_wp\/fr\/wp-json\/wp\/v2\/pages\/864","targetHints":{"allow":["GET"]}}],"collection":[{"href":"http:\/\/latroupedesanciens.org\/tda_wp\/fr\/wp-json\/wp\/v2\/pages"}],"about":[{"href":"http:\/\/latroupedesanciens.org\/tda_wp\/fr\/wp-json\/wp\/v2\/types\/page"}],"author":[{"embeddable":true,"href":"http:\/\/latroupedesanciens.org\/tda_wp\/fr\/wp-json\/wp\/v2\/users\/1"}],"replies":[{"embeddable":true,"href":"http:\/\/latroupedesanciens.org\/tda_wp\/fr\/wp-json\/wp\/v2\/comments?post=864"}],"version-history":[{"count":4,"href":"http:\/\/latroupedesanciens.org\/tda_wp\/fr\/wp-json\/wp\/v2\/pages\/864\/revisions"}],"predecessor-version":[{"id":1002,"href":"http:\/\/latroupedesanciens.org\/tda_wp\/fr\/wp-json\/wp\/v2\/pages\/864\/revisions\/1002"}],"wp:attachment":[{"href":"http:\/\/latroupedesanciens.org\/tda_wp\/fr\/wp-json\/wp\/v2\/media?parent=864"}],"curies":[{"name":"wp","href":"https:\/\/api.w.org\/{rel}","templated":true}]}}