{"id":870,"date":"2018-02-23T12:21:03","date_gmt":"2018-02-23T17:21:03","guid":{"rendered":"http:\/\/latroupedesanciens.org\/tda_wp\/?page_id=870"},"modified":"2018-10-14T20:51:42","modified_gmt":"2018-10-15T00:51:42","slug":"spectacle-2018","status":"publish","type":"page","link":"http:\/\/latroupedesanciens.org\/tda_wp\/fr\/spectacle-2018\/","title":{"rendered":"Spectacle 2018 \u2013 Les Fourberies de Scapin et Huit jours \u00e0 la campagne"},"content":{"rendered":"<div class=\"mceTemp\"><\/div>\n<p><a href=\"http:\/\/latroupedesanciens.org\/tda_wp\/2018\/03\/our-beautiful-2018-poster-and-postcard-are-now-available\/affiche-2018-snip\/\" rel=\"attachment wp-att-935\"><img data-recalc-dims=\"1\" loading=\"lazy\" decoding=\"async\" class=\"aligncenter wp-image-935 size-full\" src=\"https:\/\/i0.wp.com\/latroupedesanciens.org\/tda_wp\/wp-content\/uploads\/2018\/03\/Affiche-2018-Snip.png?resize=622%2C808\" alt=\"\" width=\"622\" height=\"808\" srcset=\"https:\/\/i0.wp.com\/latroupedesanciens.org\/tda_wp\/wp-content\/uploads\/2018\/03\/Affiche-2018-Snip.png?w=622 622w, https:\/\/i0.wp.com\/latroupedesanciens.org\/tda_wp\/wp-content\/uploads\/2018\/03\/Affiche-2018-Snip.png?resize=231%2C300 231w\" sizes=\"auto, (max-width: 622px) 85vw, 622px\" \/><\/a><\/p>\n<p>Pour notre spectacle de 2018, nous pr\u00e9sentons deux pi\u00e8ces\u00a0: <em>Les Fourberies de Scapin<\/em> de notre Moli\u00e8re, et <em>Huit jours \u00e0 la campagne, <\/em>pi\u00e8ce en un acte de Jules Renard, dramaturge et romancier du d\u00e9but du vingti\u00e8me si\u00e8cle.<\/p>\n<figure id=\"attachment_789\" aria-describedby=\"caption-attachment-789\" style=\"width: 183px\" class=\"wp-caption alignleft\"><a href=\"http:\/\/latroupedesanciens.org\/tda_wp\/les-fourberies-de-scapin-frontispice\/\"><img data-recalc-dims=\"1\" loading=\"lazy\" decoding=\"async\" class=\"size-medium wp-image-788\" src=\"https:\/\/i0.wp.com\/latroupedesanciens.org\/tda_wp\/wp-content\/uploads\/2017\/08\/Les-Fourberies-de-Scapin-frontispice.jpg?resize=183%2C300\" alt=\"Frontispiece from a 1682 edition of \u201cScapin\u2019s Deceits\u201d by Pierre Brissart\" width=\"183\" height=\"300\" srcset=\"https:\/\/i0.wp.com\/latroupedesanciens.org\/tda_wp\/wp-content\/uploads\/2017\/08\/Les-Fourberies-de-Scapin-frontispice.jpg?resize=183%2C300 183w, https:\/\/i0.wp.com\/latroupedesanciens.org\/tda_wp\/wp-content\/uploads\/2017\/08\/Les-Fourberies-de-Scapin-frontispice.jpg?w=300 300w\" sizes=\"auto, (max-width: 183px) 85vw, 183px\" \/><\/a><figcaption id=\"caption-attachment-789\" class=\"wp-caption-text\">Frontispice d\u2019une \u00e9dition des \u00abFourberies de Scapin \u00bb de\u00a0Pierre Brissart de 1682<\/figcaption><\/figure>\n<p><em>Les Fourberies de Scapin,<\/em> farce en trois actes, a \u00e9t\u00e9 jou\u00e9e pour la premi\u00e8re fois le 24 mai 1674 au th\u00e9\u00e2tre du Palais Royal \u00e0 Paris. Elle ne connut qu\u2019un mince succ\u00e8s \u00e0 ses d\u00e9buts et ne fut repr\u00e9sent\u00e9e que 18 fois du vivant de son auteur. Toutefois, elle est graduellement devenue une des pi\u00e8ces fran\u00e7aises les plus populaires. L\u2019action a lieu \u00e0 Naples; le personnage principal, Scapin, est un fourbe arrogant qui ne manque cependant ni d\u2019intelligence ni de charme. Gr\u00e2ce \u00e0 ses \u00ab fourberies \u00bb, tout finit bien.<\/p>\n<p>Les \u00e9v\u00e9nements de <em>Huit jours \u00e0 la campagne<\/em> (1912), comme le titre l\u2019indique, ont lieu en milieu rural. Georges, Parisien quelque peu pr\u00e9tentieux, arrive chez son ami Maurice, dans l\u2019intention d\u2019y passer une semaine. Malheureusement, par suite d\u2019un malentendu, Maurice est absent et Georges n\u2019est pas re\u00e7u par les dames de la famille aussi chaleureusement qu\u2019il s\u2019y attendait.<\/p>\n<p>Pour plus de renseignements au sujet des pi\u00e8ces, voyez les articles <a href=\"https:\/\/fr.wikipedia.org\/wiki\/Les_Fourberies_de_Scapin\"><em>Les Fourberies de Scapin<\/em><\/a>, de <a href=\"https:\/\/fr.wikipedia.org\/wiki\/Moli%C3%A8re\">Moli\u00e8re<\/a>, et de <a href=\"https:\/\/fr.wikipedia.org\/wiki\/Jules_Renard\">Jules Renard<\/a> dans Wikip\u00e9dia. Nous offrons\u00a0les r\u00e9sum\u00e9s\u00a0et les textes int\u00e9graux en anglais et en fran\u00e7ais des deux pi\u00e8ces ci-dessous; veuillez <a href=\"http:\/\/latroupedesanciens.org\/tda_wp\/fr\/contactez-nous\/\">suivre nos comptes\u00a0m\u00e9dia social<\/a> pour d\u2019autres nouvelles.<\/p>\n<figure id=\"attachment_791\" aria-describedby=\"caption-attachment-791\" style=\"width: 185px\" class=\"wp-caption alignright\"><a href=\"http:\/\/latroupedesanciens.org\/tda_wp\/fr\/2017\/08\/nous-avons-choisi-nos-pieces-pour-avril-2018\/jules-renard-photo-2\/\"><img data-recalc-dims=\"1\" loading=\"lazy\" decoding=\"async\" class=\"size-medium wp-image-790\" src=\"https:\/\/i0.wp.com\/latroupedesanciens.org\/tda_wp\/wp-content\/uploads\/2017\/08\/Jules-Renard-Photo.jpg?resize=185%2C300\" alt=\"Photo of Jules Renard\" width=\"185\" height=\"300\" srcset=\"https:\/\/i0.wp.com\/latroupedesanciens.org\/tda_wp\/wp-content\/uploads\/2017\/08\/Jules-Renard-Photo.jpg?resize=185%2C300 185w, https:\/\/i0.wp.com\/latroupedesanciens.org\/tda_wp\/wp-content\/uploads\/2017\/08\/Jules-Renard-Photo.jpg?resize=768%2C1243 768w, https:\/\/i0.wp.com\/latroupedesanciens.org\/tda_wp\/wp-content\/uploads\/2017\/08\/Jules-Renard-Photo.jpg?resize=633%2C1024 633w, https:\/\/i0.wp.com\/latroupedesanciens.org\/tda_wp\/wp-content\/uploads\/2017\/08\/Jules-Renard-Photo.jpg?w=834 834w\" sizes=\"auto, (max-width: 185px) 85vw, 185px\" \/><\/a><figcaption id=\"caption-attachment-791\" class=\"wp-caption-text\">Photo de Jules Renard<\/figcaption><\/figure>\n<p>Il y aura\u00a0deux repr\u00e9sentations : le vendredi 20\u00a0et le samedi 22\u00a0avril 2018 \u00e0 20\u00a0h\u00a000 au Th\u00e9\u00e2tre George Ignatieff sur le campus du centre-ville de l\u2019Universit\u00e9 de Toronto. Une projection de surtitres et des r\u00e9sum\u00e9s imprim\u00e9s en anglais (copies sous format \u00e9lectronique disponibles ci-dessous) seront disponibles pour les deux spectacles. Vous pouvez\u00a0<a href=\"http:\/\/latroupedesanciens.org\/tda_wp\/fr\/billets-2018\/\">commander des billets en ligne<\/a> maintenant; le choix des places sera fait toute suite par notre \u00e9quipe de guichet. Ou, vous pouvez\u00a0<a title=\"Contactez-nous\" href=\"http:\/\/latroupedesanciens.org\/tda_wp\/fr\/contactez-nous\/\">contacter notre \u00e9quipe de guichet<\/a> les jours ouvrables de 11\u00a0h\u00a000 \u00e0 17\u00a0h\u00a000, \u00e0 partir du 9 avril, 2018. Vous pouvez\u00a0aussi acheter des billets les soirs des spectacles s\u2019il en reste \u00e0 l\u2019entr\u00e9e du th\u00e9\u00e2tre, paiement en argent comptant seulement.<\/p>\n<h3>Renseignements<\/h3>\n<h5>Dates et l\u2019heure<\/h5>\n<p>le vendredi 20\u00a0et le samedi 21\u00a0avril 2018 \u00e0 20 h 00<br \/>\nDes surtitres en anglais seront projet\u00e9s et des r\u00e9sum\u00e9s en anglais (copies sous format \u00e9lectronique disponibles ci-dessous) seront disponibles les deux soirs<\/p>\n<h5>Lieu<\/h5>\n<p>Th\u00e9\u00e2tre George Ignatieff<br \/>\nColl\u00e8ge Trinity<br \/>\nUniversit\u00e9 de Toronto<br \/>\n15, Devonshire Place<br \/>\nToronto (Ontario) M5S 1H8<br \/>\n<a href=\"http:\/\/fr.wikipedia.org\/wiki\/M%C3%A9tro_de_Toronto\">M\u00e9tro <\/a>: <a href=\"http:\/\/fr.wikipedia.org\/wiki\/St._George_%28m%C3%A9tro_de_Toronto%29\">St. George<\/a>; sortie chemin Bedford, ensuite 400 m \u00e0 pied<\/p>\n<h5>Cartes<\/h5>\n<ul>\n<li><a title=\"George Ignatieff Theatre - Carte U of T\" href=\"http:\/\/map.utoronto.ca\/building\/603\">Carte de l\u2019U de T<\/a><\/li>\n<li><a title=\"George Ignatieff Theatre - Carte Google\" href=\"http:\/\/goo.gl\/maps\/r1rvR\">Carte Google<\/a><\/li>\n<\/ul>\n<h5>R\u00e9sum\u00e9s et textes int\u00e9graux<\/h5>\n<ul>\n<li>R\u00e9sum\u00e9s\n<ul>\n<li><em>Les Fourberies de Scapin<\/em> <a href=\"http:\/\/latroupedesanciens.org\/tda_wp\/resume-fds-2018-rev00-2-2\/\">en anglais<\/a> <a href=\"http:\/\/latroupedesanciens.org\/tda_wp\/resume-fds-2018-fr-rev00-2\/\">en fran\u00e7ais<\/a><\/li>\n<li><em>Huit jours \u00e0 la campagne<\/em>\u00a0<a href=\"http:\/\/latroupedesanciens.org\/tda_wp\/resume-huit-jours-2018-en-rev00-2\/\">en anglais<\/a> <a href=\"http:\/\/latroupedesanciens.org\/tda_wp\/resume-huit-jours-2018-fr-rev00-2\/\">en fran\u00e7ais<\/a><\/li>\n<\/ul>\n<\/li>\n<li>Textes int\u00e9graux\n<ul>\n<li><em>Les Fourberies de Scapin<\/em> <a href=\"http:\/\/latroupedesanciens.org\/tda_wp\/fr\/?attachment_id=828\">en anglais<\/a> <a href=\"http:\/\/latroupedesanciens.org\/tda_wp\/fds-fr-rev03-2\/\">en fran\u00e7ais<\/a><\/li>\n<li><em>Huit jours \u00e0 la campagne<\/em>\u00a0<a href=\"http:\/\/latroupedesanciens.org\/tda_wp\/huitjours-en-rev08-2\/\">en anglais<\/a> <a href=\"http:\/\/latroupedesanciens.org\/tda_wp\/huitjours-fr-rev00\/\">en fran\u00e7ais<\/a><\/li>\n<\/ul>\n<\/li>\n<\/ul>\n<h5>Autres renseignements<\/h5>\n<ul>\n<li>Plan de location du Th\u00e9\u00e2tre George Ignatieff\n<ul>\n<li><a title=\"Plan vide\" href=\"http:\/\/latroupedesanciens.org\/tda_wp\/wp-content\/uploads\/2014\/03\/git_seatingchart_rev01.jpg\">Plan vide<\/a><\/li>\n<li>Places prises, \u00e0 jour en date du 19 avril, pour le spectacle <a href=\"http:\/\/latroupedesanciens.org\/tda_wp\/fr\/2018\/04\/peu-de-places-pour-le-vendredi-encore-plus-pour-le-samedi\/friday-seats-taken-20180419-2\/\">du vendredi soir<\/a> <a href=\"http:\/\/latroupedesanciens.org\/tda_wp\/fr\/2018\/04\/peu-de-places-pour-le-vendredi-encore-plus-pour-le-samedi\/saturday-seats-taken-20180419-2\/\">du samedi soir<\/a><\/li>\n<\/ul>\n<\/li>\n<li>Affiche\n<ul>\n<li>Taille r\u00e9elle <a href=\"http:\/\/latroupedesanciens.org\/tda_wp\/fr\/2018\/03\/affiche-et-affichette-de-2018-sont-maintenant-disponibles\/affiche-lfds-8j-fnl-2\/\">qualit\u00e9 sup\u00e9rieure\u00a0sous format PDF<\/a> <a href=\"http:\/\/latroupedesanciens.org\/tda_wp\/fr\/2018\/03\/affiche-et-affichette-de-2018-sont-maintenant-disponibles\/affiche-2018-snip-2\/\">qualit\u00e9 inf\u00e9rieure sous format PNG<\/a><\/li>\n<li><a href=\"http:\/\/latroupedesanciens.org\/tda_wp\/fr\/affichette-lfds-8j-fnl-2\/\">Affichette\u00a0qualit\u00e9 sup\u00e9rieure\u00a0sous format PDF<\/a><\/li>\n<\/ul>\n<\/li>\n<li><a href=\"http:\/\/latroupedesanciens.org\/tda_wp\/fr\/programme2018final-2\/\">Programme<\/a><\/li>\n<\/ul>\n","protected":false},"excerpt":{"rendered":"<p>Pour notre spectacle de 2018, nous pr\u00e9sentons deux pi\u00e8ces\u00a0: Les Fourberies de Scapin de notre Moli\u00e8re, et Huit jours \u00e0 la campagne, pi\u00e8ce en un acte de Jules Renard, dramaturge et romancier du d\u00e9but du vingti\u00e8me si\u00e8cle. Les Fourberies de Scapin, farce en trois actes, a \u00e9t\u00e9 jou\u00e9e pour la premi\u00e8re fois le 24 mai &hellip; <a href=\"http:\/\/latroupedesanciens.org\/tda_wp\/fr\/spectacle-2018\/\" class=\"more-link\">Continuez \u00e0 lire<span class=\"screen-reader-text\"> &laquo;&nbsp;Spectacle 2018 \u2013 Les Fourberies de Scapin et Huit jours \u00e0 la campagne&nbsp;&raquo;<\/span><\/a><\/p>\n","protected":false},"author":1,"featured_media":0,"parent":0,"menu_order":0,"comment_status":"closed","ping_status":"closed","template":"","meta":{"jetpack_post_was_ever_published":false,"footnotes":""},"class_list":["post-870","page","type-page","status-publish","hentry"],"jetpack_sharing_enabled":true,"jetpack_shortlink":"https:\/\/wp.me\/P4pXBP-e2","_links":{"self":[{"href":"http:\/\/latroupedesanciens.org\/tda_wp\/fr\/wp-json\/wp\/v2\/pages\/870","targetHints":{"allow":["GET"]}}],"collection":[{"href":"http:\/\/latroupedesanciens.org\/tda_wp\/fr\/wp-json\/wp\/v2\/pages"}],"about":[{"href":"http:\/\/latroupedesanciens.org\/tda_wp\/fr\/wp-json\/wp\/v2\/types\/page"}],"author":[{"embeddable":true,"href":"http:\/\/latroupedesanciens.org\/tda_wp\/fr\/wp-json\/wp\/v2\/users\/1"}],"replies":[{"embeddable":true,"href":"http:\/\/latroupedesanciens.org\/tda_wp\/fr\/wp-json\/wp\/v2\/comments?post=870"}],"version-history":[{"count":14,"href":"http:\/\/latroupedesanciens.org\/tda_wp\/fr\/wp-json\/wp\/v2\/pages\/870\/revisions"}],"predecessor-version":[{"id":1106,"href":"http:\/\/latroupedesanciens.org\/tda_wp\/fr\/wp-json\/wp\/v2\/pages\/870\/revisions\/1106"}],"wp:attachment":[{"href":"http:\/\/latroupedesanciens.org\/tda_wp\/fr\/wp-json\/wp\/v2\/media?parent=870"}],"curies":[{"name":"wp","href":"https:\/\/api.w.org\/{rel}","templated":true}]}}