{"id":94,"date":"2014-03-07T19:22:08","date_gmt":"2014-03-08T00:22:08","guid":{"rendered":"http:\/\/latroupedesanciens.org\/tda_wp\/ressources-pour-les-ecoles\/"},"modified":"2014-03-16T13:19:36","modified_gmt":"2014-03-16T17:19:36","slug":"ressources-pour-les-ecoles","status":"publish","type":"page","link":"http:\/\/latroupedesanciens.org\/tda_wp\/fr\/ressources-pour-les-ecoles\/","title":{"rendered":"Ressources pour les \u00e9coles"},"content":{"rendered":"<ul>\n<li>Texte des <em>Femmes savantes<\/em> en fran\u00e7ais<br \/>\nFormat \u00e0 l\u2019italienne, pages foliot\u00e9es<br \/>\n<a href=\"http:\/\/creativecommons.org\/licenses\/by-sa\/3.0\/\" rel=\"license\"><img data-recalc-dims=\"1\" decoding=\"async\" style=\"border-width: 0;\" alt=\"Creative Commons Licence\" src=\"https:\/\/i0.wp.com\/i.creativecommons.org\/l\/by-sa\/3.0\/88x31.png?w=840\" \/><\/a><br \/>\n<small>Les Femmes savantes de <a href=\"http:\/\/www.latroupedesanciens.org\" rel=\"cc:attributionURL\">La Troupe des Anciens de l&rsquo;Universit\u00e9 de Toronto<\/a> est disponible sous license <a href=\"http:\/\/creativecommons.org\/licenses\/by-sa\/3.0\/\" rel=\"license\">Creative Commons Attribution-ShareAlike 3.0 Unported License<\/a>.<br \/>\nCr\u00e9e \u00e0 partir de l\u2019\u0153uvre \u00e0 <a href=\"https:\/\/fr.wikisource.org\/wiki\/Les_Femmes_savantes\" rel=\"dct:source\">https:\/\/fr.wikisource.org\/wiki\/Les_Femmes_savantes<\/a>.<\/small><br \/>\n<a title=\"Texte des Femmes savantes en fran\u00e7ais format MS Word\" href=\"http:\/\/latroupedesanciens.org\/tda_wp\/wp-content\/uploads\/2014\/03\/lfsfrrev00.docx\">format Microsoft Word<\/a> <small>(docx; 100 ko; la version 00 du 12 septembre, 2013)<\/small><br \/>\n<a title=\"Texte des Femmes savantes en fran\u00e7ais format PDF\" href=\"http:\/\/latroupedesanciens.org\/tda_wp\/wp-content\/uploads\/2014\/03\/lfsfrrev00.pdf\">format Adobe Acrobat<\/a> <small>(PDF; 725 ko; la version 00 du 12 septembre, 2013)<\/small><\/li>\n<li>Texte des <em>Femmes savantes<\/em> en anglais (traduction par La Troupe des Anciens)<br \/>\n<a href=\"http:\/\/creativecommons.org\/licenses\/by-sa\/4.0\/\" rel=\"license\"><img data-recalc-dims=\"1\" decoding=\"async\" style=\"border-width: 0;\" alt=\"Creative Commons Licence\" src=\"https:\/\/i0.wp.com\/i.creativecommons.org\/l\/by-sa\/4.0\/88x31.png?w=840\" \/><\/a><br \/>\n<small>The Learned Ladies de <a href=\"http:\/\/www.latroupedesanciens.org\" rel=\"cc:attributionURL\">La Troupe des Anciens de l&rsquo;Universit\u00e9 de Toronto<\/a> est disponible sous license <a href=\"http:\/\/creativecommons.org\/licenses\/by-sa\/4.0\/\" rel=\"license\">Creative Commons Attribution-ShareAlike 4.0 International License<\/a>. Cr\u00e9e \u00e0 partir de l\u2019\u0153uvre \u00e0 <a href=\"https:\/\/en.wikisource.org\/wiki\/The_Learned_Women\" rel=\"dct:source\">https:\/\/en.wikisource.org\/wiki\/The_Learned_Women<\/a>.<\/small><br \/>\n<a title=\"Texte des Femmes savantes en anglais format MS Word\" href=\"http:\/\/latroupedesanciens.org\/tda_wp\/wp-content\/uploads\/2014\/03\/lfsenrev02.docx\">format Microsoft Word<\/a> <small>(docx; 78 ko; la version 00 du 14 mars, 2014)<\/small><br \/>\n<a title=\"Texte des Femmes savantes en anglais format Adobe Acrobat \" href=\"http:\/\/latroupedesanciens.org\/tda_wp\/wp-content\/uploads\/2014\/03\/lfsenrev02.pdf\">format Adobe Acrobat<\/a> <small>(PDF; 380 ko; la version 00 du 14 mars, 2014)<\/small><\/li>\n<li>R\u00e9sum\u00e9 d\u2019une page de la pi\u00e8ce :\n<ul>\n<li><a title=\"R\u00e9sum\u00e9 des \u00ab Femmes savantes \u00bb en anglais PDF\" href=\"http:\/\/latroupedesanciens.org\/tda_wp\/wp-content\/uploads\/2014\/03\/lfs_resume_en_rev01.pdf\">en anglais<\/a> <small>(PDF; 350 ko)<\/small><\/li>\n<li><a title=\"R\u00e9sum\u00e9 des \u00ab Femmes savantes \u00bb en fran\u00e7ais PDF\" href=\"http:\/\/latroupedesanciens.org\/tda_wp\/wp-content\/uploads\/2014\/03\/lfs_resume_fr_rev01.pdf\">en fran\u00e7ais<\/a> <small>(PDF; 347 ko)<\/small><\/li>\n<\/ul>\n<\/li>\n<li><a href=\"http:\/\/latroupedesanciens.org\/tda_wp\/wp-content\/uploads\/2014\/03\/git_seatingchart_rev01.jpg\">Plan de location<\/a> du Th\u00e9\u00e2tre George Iganatieff Theatre <small>(JPG; 202 ko)<\/small><\/li>\n<li><a href=\"http:\/\/latroupedesanciens.org\/tda_wp\/wp-content\/uploads\/2014\/03\/affiche_2014_final.pdf\">Affiche<\/a> <small>(PDF; 603 ko)<\/small><\/li>\n<li>Articles sur Wikipedia\n<ul>\n<li><a title=\"Article Wikipedia au sujet des Femmes savantes en anglais\" href=\"https:\/\/en.wikipedia.org\/wiki\/Les_Femmes_Savantes\">au sujet des <em>Femmes savantes<\/em><\/a> en anglais<\/li>\n<li><a title=\"Article Wikipedia au sujet des Femmes savantes en fran\u00e7ais\" href=\"https:\/\/fr.wikipedia.org\/wiki\/Les_Femmes_savantes\">au sujet des <em>Femmes savantes<\/em><\/a> en fran\u00e7ais<\/li>\n<li><a title=\"Article Wikipedia au sujet de Moli\u00e8re en anglais\" href=\"https:\/\/en.wikipedia.org\/wiki\/Moli%C3%A8re\">au sujet de Moli\u00e8re<\/a> en anglais<\/li>\n<li><a title=\"Article Wikipedia au sujet de Moli\u00e8re en fran\u00e7ais\" href=\"https:\/\/fr.wikipedia.org\/wiki\/Moli%C3%A8re\">au sujet de Moli\u00e8re<\/a> en fran\u00e7ais<\/li>\n<li><a title=\"Article Wikipedia au sujet de l'alexandrin, une m\u00e9trique de po\u00e9sie, en anglais\" href=\"https:\/\/en.wikipedia.org\/wiki\/Alexandrine\">au sujet de l&rsquo;alexandrin, une m\u00e9trique de po\u00e9sie<\/a> (employ\u00e9e dans Les Femmes savantes), en anglais<\/li>\n<li><a title=\"Article Wikipedia au sujet de l'alexandrin, une m\u00e9trique de po\u00e9sie, en fran\u00e7ais\" href=\"https:\/\/fr.wikipedia.org\/wiki\/Alexandrin\">au sujet de l&rsquo;alexandrin, une m\u00e9trique de po\u00e9sie<\/a> (employ\u00e9e dans Les Femmes savantes), en fran\u00e7ais<\/li>\n<\/ul>\n<\/li>\n<\/ul>\n","protected":false},"excerpt":{"rendered":"<p>Texte des Femmes savantes en fran\u00e7ais Format \u00e0 l\u2019italienne, pages foliot\u00e9es Les Femmes savantes de La Troupe des Anciens de l&rsquo;Universit\u00e9 de Toronto est disponible sous license Creative Commons Attribution-ShareAlike 3.0 Unported License. Cr\u00e9e \u00e0 partir de l\u2019\u0153uvre \u00e0 https:\/\/fr.wikisource.org\/wiki\/Les_Femmes_savantes. format Microsoft Word (docx; 100 ko; la version 00 du 12 septembre, 2013) format Adobe &hellip; <a href=\"http:\/\/latroupedesanciens.org\/tda_wp\/fr\/ressources-pour-les-ecoles\/\" class=\"more-link\">Continuez \u00e0 lire<span class=\"screen-reader-text\"> &laquo;&nbsp;Ressources pour les \u00e9coles&nbsp;&raquo;<\/span><\/a><\/p>\n","protected":false},"author":1,"featured_media":0,"parent":0,"menu_order":0,"comment_status":"closed","ping_status":"closed","template":"","meta":{"jetpack_post_was_ever_published":false,"footnotes":""},"class_list":["post-94","page","type-page","status-publish","hentry"],"jetpack_sharing_enabled":true,"jetpack_shortlink":"https:\/\/wp.me\/P4pXBP-1w","_links":{"self":[{"href":"http:\/\/latroupedesanciens.org\/tda_wp\/fr\/wp-json\/wp\/v2\/pages\/94","targetHints":{"allow":["GET"]}}],"collection":[{"href":"http:\/\/latroupedesanciens.org\/tda_wp\/fr\/wp-json\/wp\/v2\/pages"}],"about":[{"href":"http:\/\/latroupedesanciens.org\/tda_wp\/fr\/wp-json\/wp\/v2\/types\/page"}],"author":[{"embeddable":true,"href":"http:\/\/latroupedesanciens.org\/tda_wp\/fr\/wp-json\/wp\/v2\/users\/1"}],"replies":[{"embeddable":true,"href":"http:\/\/latroupedesanciens.org\/tda_wp\/fr\/wp-json\/wp\/v2\/comments?post=94"}],"version-history":[{"count":4,"href":"http:\/\/latroupedesanciens.org\/tda_wp\/fr\/wp-json\/wp\/v2\/pages\/94\/revisions"}],"predecessor-version":[{"id":192,"href":"http:\/\/latroupedesanciens.org\/tda_wp\/fr\/wp-json\/wp\/v2\/pages\/94\/revisions\/192"}],"wp:attachment":[{"href":"http:\/\/latroupedesanciens.org\/tda_wp\/fr\/wp-json\/wp\/v2\/media?parent=94"}],"curies":[{"name":"wp","href":"https:\/\/api.w.org\/{rel}","templated":true}]}}