{"id":15,"date":"2014-03-07T01:37:37","date_gmt":"2014-03-07T01:37:37","guid":{"rendered":"http:\/\/latroupedesanciens.org\/tda_wp\/?page_id=15"},"modified":"2024-10-09T23:07:24","modified_gmt":"2024-10-10T03:07:24","slug":"about","status":"publish","type":"page","link":"http:\/\/latroupedesanciens.org\/tda_wp\/about\/","title":{"rendered":"About Us"},"content":{"rendered":"\n<h2 class=\"wp-block-heading\">Membership<\/h2>\n\n\n\n<p>La Troupe des Anciens de l\u2019Universit\u00e9 de Toronto is composed chiefly of alumni of the University of Toronto, but also includes current university and high school students and interested members of the general public<strong>.<\/strong><\/p>\n\n\n\n<h2 class=\"wp-block-heading\">History<\/h2>\n\n\n\n<p>Find out about our <a title=\"Previous Productions\" href=\"http:\/\/latroupedesanciens.org\/tda_wp\/previousproductions\/\">previous productions<\/a>.<\/p>\n\n\n\n<p>In 2019, la Troupe des Anciens de l\u2019Universit\u00e9 de Toronto celebrated its fiftieth anniversary and &nbsp;if it has survived for so long, it is largely because of the loyal support of people like you. To mark this important date,&nbsp; we published a beautiful bilingual coffee table book <em>La Troupe des Anciens de l\u2019Universit\u00e9 de Toronto: 1969\u20132019<\/em>, which briefly tells the story of our group and is richly illustrated with photographs taken over the course of half a century.<\/p>\n\n\n\n<figure class=\"wp-block-image size-full\"><a href=\"https:\/\/i0.wp.com\/latroupedesanciens.org\/tda_wp\/wp-content\/uploads\/2019\/03\/BookCover50th.png\"><img data-recalc-dims=\"1\" loading=\"lazy\" decoding=\"async\" width=\"840\" height=\"842\" src=\"https:\/\/i0.wp.com\/latroupedesanciens.org\/tda_wp\/wp-content\/uploads\/2019\/03\/BookCover50th.png?resize=840%2C842\" alt=\"\" class=\"wp-image-1292\" srcset=\"https:\/\/i0.wp.com\/latroupedesanciens.org\/tda_wp\/wp-content\/uploads\/2019\/03\/BookCover50th.png?w=908 908w, https:\/\/i0.wp.com\/latroupedesanciens.org\/tda_wp\/wp-content\/uploads\/2019\/03\/BookCover50th.png?resize=150%2C150 150w, https:\/\/i0.wp.com\/latroupedesanciens.org\/tda_wp\/wp-content\/uploads\/2019\/03\/BookCover50th.png?resize=300%2C300 300w, https:\/\/i0.wp.com\/latroupedesanciens.org\/tda_wp\/wp-content\/uploads\/2019\/03\/BookCover50th.png?resize=768%2C770 768w\" sizes=\"auto, (max-width: 709px) 85vw, (max-width: 909px) 67vw, (max-width: 1362px) 62vw, 840px\" \/><\/a><\/figure>\n\n\n\n<p>This book, which was published thanks to a generous gift from the Department of French Studies at U of T, is available at the John M. Kelly Library at St. Michael\u2019s College as well as at the college archives.<\/p>\n\n\n\n<p>For even more information about the Troupe and our director, Paulette Collet, please see the book <em>Quarante ans de th\u00e9\u00e2tre fran\u00e7ais \u00e0 Toronto<\/em> (\u201cForty years of French theatre in Toronto\u201d) from the publisher AnthropoMare (Mississauga, 2006, ISBN 9782923072111). See the <a title=\"Troupe des Anciens at Anthropomare\" href=\"https:\/\/web.archive.org\/web\/20140225001521\/http:\/\/www.anthropomare.com\/troupe_des_anciens.html\" target=\"_blank\" rel=\"noopener\">web page<\/a> at AnthropoMare, or <a title=\"Find book at Worldcat\" href=\"http:\/\/www.worldcat.org\/title\/40-ans-de-theatre-francais-a-toronto\/oclc\/69183950&amp;referer=brief_results\" target=\"_blank\" rel=\"noopener\">find a copy<\/a> at a library near you.<\/p>\n\n\n\n<h2 class=\"wp-block-heading\">Non-profit Corporation and Board of Directors<\/h2>\n\n\n\n<p>La Troupe des Anciens de l\u2019Universit\u00e9 de Toronto is incorporated in Ontario as a non-profit organization. The board of directors includes&nbsp;members Elizabeth Bucci, Peter Carayiannis, Paulette Collet, Julie McLaughlin, Grant Weaver and Elisabeth Widner.<\/p>\n","protected":false},"excerpt":{"rendered":"<p>Membership La Troupe des Anciens de l\u2019Universit\u00e9 de Toronto is composed chiefly of alumni of the University of Toronto, but also includes current university and high school students and interested members of the general public. History Find out about our previous productions. In 2019, la Troupe des Anciens de l\u2019Universit\u00e9 de Toronto celebrated its fiftieth &hellip; <a href=\"http:\/\/latroupedesanciens.org\/tda_wp\/about\/\" class=\"more-link\">Continue reading<span class=\"screen-reader-text\"> &#8220;About Us&#8221;<\/span><\/a><\/p>\n","protected":false},"author":1,"featured_media":0,"parent":0,"menu_order":0,"comment_status":"closed","ping_status":"closed","template":"","meta":{"jetpack_post_was_ever_published":false,"footnotes":""},"class_list":["post-15","page","type-page","status-publish","hentry"],"jetpack_sharing_enabled":true,"jetpack_shortlink":"https:\/\/wp.me\/P4pXBP-f","_links":{"self":[{"href":"http:\/\/latroupedesanciens.org\/tda_wp\/wp-json\/wp\/v2\/pages\/15","targetHints":{"allow":["GET"]}}],"collection":[{"href":"http:\/\/latroupedesanciens.org\/tda_wp\/wp-json\/wp\/v2\/pages"}],"about":[{"href":"http:\/\/latroupedesanciens.org\/tda_wp\/wp-json\/wp\/v2\/types\/page"}],"author":[{"embeddable":true,"href":"http:\/\/latroupedesanciens.org\/tda_wp\/wp-json\/wp\/v2\/users\/1"}],"replies":[{"embeddable":true,"href":"http:\/\/latroupedesanciens.org\/tda_wp\/wp-json\/wp\/v2\/comments?post=15"}],"version-history":[{"count":14,"href":"http:\/\/latroupedesanciens.org\/tda_wp\/wp-json\/wp\/v2\/pages\/15\/revisions"}],"predecessor-version":[{"id":2130,"href":"http:\/\/latroupedesanciens.org\/tda_wp\/wp-json\/wp\/v2\/pages\/15\/revisions\/2130"}],"wp:attachment":[{"href":"http:\/\/latroupedesanciens.org\/tda_wp\/wp-json\/wp\/v2\/media?parent=15"}],"curies":[{"name":"wp","href":"https:\/\/api.w.org\/{rel}","templated":true}]}}