{"id":1932,"date":"2023-04-08T23:32:05","date_gmt":"2023-04-09T03:32:05","guid":{"rendered":"http:\/\/latroupedesanciens.org\/tda_wp\/?page_id=1932"},"modified":"2023-04-10T23:23:06","modified_gmt":"2023-04-11T03:23:06","slug":"2023-show","status":"publish","type":"page","link":"http:\/\/latroupedesanciens.org\/tda_wp\/2023-show\/","title":{"rendered":"2023 Show \u2013 The Doctor in spite of Himself and The Bald Soprano"},"content":{"rendered":"<div class=\"wp-block-image\">\n<figure class=\"alignleft size-thumbnail\"><a href=\"https:\/\/i0.wp.com\/latroupedesanciens.org\/tda_wp\/wp-content\/uploads\/2023\/04\/Brissart-LMML-2023.jpg\"><img data-recalc-dims=\"1\" loading=\"lazy\" decoding=\"async\" width=\"150\" height=\"150\" src=\"https:\/\/i0.wp.com\/latroupedesanciens.org\/tda_wp\/wp-content\/uploads\/2023\/04\/Brissart-LMML-2023.jpg?resize=150%2C150\" alt=\"Black and white engraving from the 17th century depicting three figures from The Doctor in Spite of Himself.\" class=\"wp-image-1986\" srcset=\"https:\/\/i0.wp.com\/latroupedesanciens.org\/tda_wp\/wp-content\/uploads\/2023\/04\/Brissart-LMML-2023.jpg?resize=150%2C150 150w, https:\/\/i0.wp.com\/latroupedesanciens.org\/tda_wp\/wp-content\/uploads\/2023\/04\/Brissart-LMML-2023.jpg?zoom=2&amp;resize=150%2C150 300w, https:\/\/i0.wp.com\/latroupedesanciens.org\/tda_wp\/wp-content\/uploads\/2023\/04\/Brissart-LMML-2023.jpg?zoom=3&amp;resize=150%2C150 450w\" sizes=\"auto, (max-width: 150px) 85vw, 150px\" \/><\/a><figcaption class=\"wp-element-caption\">Illustration by Pierre Brissart for a 1682 edition of The Doctor in spite of himself<\/figcaption><\/figure>\n<\/div>\n\n\n<p>Our 2023 show in French is a double bill of Moli\u00e8re\u2019s comedy <em>The Doctor in spite of Himself <\/em>(<em>\u201cLe M\u00e9decin malgr\u00e9 lui\u201d<\/em>), and the celebrated absurdist play <em>The Bald Soprano<\/em> (\u201c<em>La Cantatrice chauve\u201d<\/em>) by Eug\u00e8ne Ionesco.<\/p>\n\n\n\n<p><em>The Doctor in spite of Himself <\/em>(<em>\u201cLe M\u00e9decin malgr\u00e9 lui\u201d<\/em>) is a three-act farce in prose that was first performed on August 6, 1666 at the <a href=\"https:\/\/en.wikipedia.org\/wiki\/Th%C3%A9%C3%A2tre_du_Palais-Royal_(rue_Saint-Honor%C3%A9)\" target=\"_blank\" rel=\"noreferrer noopener\">Th\u00e9\u00e2tre du Palais-Royal<\/a> in Paris where it enjoyed great success. One of the main themes it satirizes is medicine in 17th century France.<\/p>\n\n\n\n<p><em>The Bald Soprano<\/em> (\u201c<em>La Cantatrice chauve\u201d<\/em>) is a one-act <a href=\"https:\/\/en.wikipedia.org\/wiki\/Theatre_of_the_Absurd\" target=\"_blank\" rel=\"noreferrer noopener\">Theatre of the Absurd<\/a> comedy by Eug\u00e8ne Ionesco that opened on May 11, 1950 at the Th\u00e9\u00e2tre des Noctambules in Paris. It was Ionesco\u2019s first play and has become one of the most performed French plays ever, it having been performed continually (as of 2016) at one theatre in Paris since 1957.<\/p>\n\n\n<div class=\"wp-block-image\">\n<figure class=\"alignright size-thumbnail\"><a href=\"https:\/\/i0.wp.com\/latroupedesanciens.org\/tda_wp\/wp-content\/uploads\/2023\/04\/Cantatrice-Huchette-2023.jpg\"><img data-recalc-dims=\"1\" loading=\"lazy\" decoding=\"async\" width=\"150\" height=\"150\" src=\"https:\/\/i0.wp.com\/latroupedesanciens.org\/tda_wp\/wp-content\/uploads\/2023\/04\/Cantatrice-Huchette-2023.jpg?resize=150%2C150\" alt=\"Play posters outside a theatre with a commemorative plaque above.\" class=\"wp-image-1984\" srcset=\"https:\/\/i0.wp.com\/latroupedesanciens.org\/tda_wp\/wp-content\/uploads\/2023\/04\/Cantatrice-Huchette-2023.jpg?resize=150%2C150 150w, https:\/\/i0.wp.com\/latroupedesanciens.org\/tda_wp\/wp-content\/uploads\/2023\/04\/Cantatrice-Huchette-2023.jpg?zoom=2&amp;resize=150%2C150 300w, https:\/\/i0.wp.com\/latroupedesanciens.org\/tda_wp\/wp-content\/uploads\/2023\/04\/Cantatrice-Huchette-2023.jpg?zoom=3&amp;resize=150%2C150 450w\" sizes=\"auto, (max-width: 150px) 85vw, 150px\" \/><\/a><figcaption class=\"wp-element-caption\">Poster in front of the Th\u00e9\u00e2tre de la Huchette where The Bald Soprano has played since 1957. Photo by Philippe Al\u00e8s CC-BY-SA 4.0<\/figcaption><\/figure>\n<\/div>\n\n\n<p>For more on the plays, see the Wikipedia articles about <a rel=\"noreferrer noopener\" href=\"https:\/\/en.wikipedia.org\/wiki\/Le_M%C3%A9decin_malgr%C3%A9_lui\" target=\"_blank\"><em>The Doctor in spite of Himself<\/em><\/a> and <a rel=\"noreferrer noopener\" href=\"https:\/\/en.wikipedia.org\/wiki\/The_Bald_Soprano\" target=\"_blank\"><em>The Bald Soprano<\/em><\/a>. There are also Wikipedia articles about <a href=\"https:\/\/en.wikipedia.org\/wiki\/Moli%C3%A8re\">Moli\u00e8re<\/a> and<a rel=\"noreferrer noopener\" href=\"https:\/\/en.wikipedia.org\/wiki\/Eug%C3%A8ne_Ionesco\" target=\"_blank\"> Eug\u00e8ne Ionesco<\/a>.<\/p>\n\n\n\n<p>We will give&nbsp;two performances, on Friday and Saturday, April 21 &amp; 22, 2023, at 7:30 PM at the George Ignatieff Theatre on the downtown campus of the University of Toronto. One-page summaries of both plays in English (available on-line below) as well as projected surtitles in English will be available at both shows.<\/p>\n\n\n\n<h2 class=\"wp-block-heading\">Tickets<\/h2>\n\n\n\n<h3 class=\"wp-block-heading\">Online<\/h3>\n\n\n\n<p>You can purchase (reserve and pay for) tickets <a href=\"http:\/\/latroupedesanciens.org\/tda_wp\/tickets2023\/\" data-type=\"page\" data-id=\"1936\">online<\/a> (starting April 10, 2023). Seats will be selected by our box office staff starting April 10, 2023, in the order in which the online purchases were made. Your tickets will be held at the theatre entrance the night of your show until you arrive.<\/p>\n\n\n\n<h3 class=\"wp-block-heading\">By Email<\/h3>\n\n\n\n<p>You can reserve tickets by contacting our box office team <a href=\"http:\/\/latroupedesanciens.org\/tda_wp\/contact\/\">by email<\/a> starting February 26, 2023. Your tickets will be held at the theatre entrance the night of your show until 30 minutes before show time (show time is 7:30 PM, thus until 7 PM).<\/p>\n\n\n\n<h3 class=\"wp-block-heading\">By Telephone<\/h3>\n\n\n\n<p>You can reserve tickets by contacting our box office team <a href=\"http:\/\/latroupedesanciens.org\/tda_wp\/contact\/\">by telephone<\/a> staring April 10, 2023, weekdays 11 AM \u2013 5 PM. Your tickets will be held at the theatre entrance the night of your show until 30 minutes before show time (show time is 7:30 PM, thus until 7 PM)<\/p>\n\n\n\n<h3 class=\"wp-block-heading\">At the Door<\/h3>\n\n\n\n<p>Tickets, if any remain, will also be available at the door on the nights of the performances with payment by cash only.<\/p>\n\n\n\n<h2 class=\"wp-block-heading\">Practical Information<\/h2>\n\n\n\n<h5 class=\"wp-block-heading\">Date and Time<\/h5>\n\n\n\n<p>Friday, April 21 and Saturday, April 22, 2023 at 7:30 PM<br>English surtitles will be shown both days<\/p>\n\n\n\n<h5 class=\"wp-block-heading\">Location<\/h5>\n\n\n\n<p>George Ignatieff Theatre<br>Trinity College<br>University of Toronto<br>15 Devonshire Place<br>Toronto, ON M5S 1H8<br>Subway: <a rel=\"noreferrer noopener\" href=\"https:\/\/en.wikipedia.org\/wiki\/St._George_%28TTC%29\" target=\"_blank\">St. George<\/a>; Bedford Road exit, then 400 m on foot<\/p>\n\n\n\n<h5 class=\"wp-block-heading\">Maps<\/h5>\n\n\n\n<ul class=\"wp-block-list\">\n<li><a href=\"https:\/\/map.utoronto.ca\/?id=1809#!ce\/48593?ct\/45469,0,48654,48655,48656,48657,48658?m\/494577\" target=\"_blank\" rel=\"noreferrer noopener\">U of T Map<\/a><\/li>\n\n\n\n<li><a href=\"https:\/\/goo.gl\/maps\/MR9ZecLqnmi37BAz7\" target=\"_blank\" rel=\"noreferrer noopener\">Google Map<\/a><\/li>\n<\/ul>\n\n\n\n<h5 class=\"wp-block-heading\">Full texts of the plays<\/h5>\n\n\n\n<ul class=\"wp-block-list\">\n<li><em>The Doctor in spite of Himself <\/em>(<em>\u201cLe M\u00e9decin malgr\u00e9 lui\u201d<\/em>)&nbsp;<a href=\"http:\/\/latroupedesanciens.org\/tda_wp\/le-medecin-malgre-lui-2016-en-rev00\/\">in English<\/a> <a href=\"http:\/\/latroupedesanciens.org\/tda_wp\/le-medecin-malgre-lui-2016-fr-rev01\/\">in French<\/a><\/li>\n\n\n\n<li><em>The Bald Soprano (\u201cLa Cantatrice chauve\u201d)<\/em> \u2013 subject to copyright. View editions in English at the <a href=\"http:\/\/www.torontopubliclibrary.ca\/search.jsp?Ntt=The+Bald+Soprano\">Toronto Public Library<\/a>.<\/li>\n<\/ul>\n\n\n\n<h5 class=\"wp-block-heading\">One-page summaries<\/h5>\n\n\n\n<ul class=\"wp-block-list\">\n<li><em>The Doctor in spite of Himself <\/em>(<em>\u201cLe M\u00e9decin malgr\u00e9 lui\u201d<\/em>)&nbsp;<a href=\"http:\/\/latroupedesanciens.org\/tda_wp\/resume-lmml-2016-en-rev00\/\">in English<\/a>&nbsp;<a href=\"http:\/\/latroupedesanciens.org\/tda_wp\/resume-lmml-2016-fr-rev01\/\">in French<\/a><\/li>\n\n\n\n<li><em>The Bald Soprano (\u201cLa Cantatrice chauve\u201d) <\/em><a href=\"http:\/\/latroupedesanciens.org\/tda_wp\/resume-la-cantatrice-chauve-2016-en-rev01\/\">in English<\/a> <a href=\"http:\/\/latroupedesanciens.org\/tda_wp\/resume-la-cantatrice-chauve-2016-fr-rev01\/\">in French<\/a><\/li>\n<\/ul>\n\n\n\n<h5 class=\"wp-block-heading\">Miscellaneous<\/h5>\n\n\n\n<ul class=\"wp-block-list\">\n<li><a href=\"http:\/\/latroupedesanciens.org\/tda_wp\/wp-content\/uploads\/2014\/03\/git_seatingchart_rev01.jpg\" target=\"_blank\" rel=\"noreferrer noopener\">Seating plan<\/a><\/li>\n\n\n\n<li><a href=\"http:\/\/latroupedesanciens.org\/tda_wp\/wp-content\/uploads\/2023\/04\/LMML-LCC-2023-Feb19-fnl.pdf\" data-type=\"URL\" data-id=\"LMML-LCC-2023-Feb19-fnl.pdf\">Poster High resolution<\/a> (PDF, 1.7 MB) <a href=\"http:\/\/latroupedesanciens.org\/tda_wp\/wp-content\/uploads\/2023\/02\/Affiche-2023-Lo-res.jpg\" data-type=\"attachment\" data-id=\"1913\">Low Resolution<\/a> (JPEG)<\/li>\n<\/ul>\n","protected":false},"excerpt":{"rendered":"<p>Our 2023 show in French is a double bill of Moli\u00e8re\u2019s comedy The Doctor in spite of Himself (\u201cLe M\u00e9decin malgr\u00e9 lui\u201d), and the celebrated absurdist play The Bald Soprano (\u201cLa Cantatrice chauve\u201d) by Eug\u00e8ne Ionesco. The Doctor in spite of Himself (\u201cLe M\u00e9decin malgr\u00e9 lui\u201d) is a three-act farce in prose that was first &hellip; <a href=\"http:\/\/latroupedesanciens.org\/tda_wp\/2023-show\/\" class=\"more-link\">Continue reading<span class=\"screen-reader-text\"> &#8220;2023 Show \u2013 The Doctor in spite of Himself and The Bald Soprano&#8221;<\/span><\/a><\/p>\n","protected":false},"author":1,"featured_media":0,"parent":0,"menu_order":0,"comment_status":"closed","ping_status":"closed","template":"","meta":{"jetpack_post_was_ever_published":false,"footnotes":""},"class_list":["post-1932","page","type-page","status-publish","hentry"],"jetpack_sharing_enabled":true,"jetpack_shortlink":"https:\/\/wp.me\/P4pXBP-va","_links":{"self":[{"href":"http:\/\/latroupedesanciens.org\/tda_wp\/wp-json\/wp\/v2\/pages\/1932","targetHints":{"allow":["GET"]}}],"collection":[{"href":"http:\/\/latroupedesanciens.org\/tda_wp\/wp-json\/wp\/v2\/pages"}],"about":[{"href":"http:\/\/latroupedesanciens.org\/tda_wp\/wp-json\/wp\/v2\/types\/page"}],"author":[{"embeddable":true,"href":"http:\/\/latroupedesanciens.org\/tda_wp\/wp-json\/wp\/v2\/users\/1"}],"replies":[{"embeddable":true,"href":"http:\/\/latroupedesanciens.org\/tda_wp\/wp-json\/wp\/v2\/comments?post=1932"}],"version-history":[{"count":8,"href":"http:\/\/latroupedesanciens.org\/tda_wp\/wp-json\/wp\/v2\/pages\/1932\/revisions"}],"predecessor-version":[{"id":1991,"href":"http:\/\/latroupedesanciens.org\/tda_wp\/wp-json\/wp\/v2\/pages\/1932\/revisions\/1991"}],"wp:attachment":[{"href":"http:\/\/latroupedesanciens.org\/tda_wp\/wp-json\/wp\/v2\/media?parent=1932"}],"curies":[{"name":"wp","href":"https:\/\/api.w.org\/{rel}","templated":true}]}}