{"id":2065,"date":"2024-02-16T21:28:40","date_gmt":"2024-02-17T02:28:40","guid":{"rendered":"http:\/\/latroupedesanciens.org\/tda_wp\/?page_id=2065"},"modified":"2024-04-03T23:31:20","modified_gmt":"2024-04-04T03:31:20","slug":"2024-show","status":"publish","type":"page","link":"http:\/\/latroupedesanciens.org\/tda_wp\/2024-show\/","title":{"rendered":"2024 Show \u2013 The Imaginary Invalid"},"content":{"rendered":"\n<figure class=\"wp-block-image size-large\"><img decoding=\"async\" src=\"https:\/\/upload.wikimedia.org\/wikipedia\/commons\/thumb\/2\/24\/Helena_en_haar_heimelijke_minnaar_Ferdinand_dragen_een_herdersdicht_aan_elkaar_voor%2C_waarin_de_personages_elkaar_hun_liefde_betuigen._Aan_tafel_zitten_Helena%27s_vader_Manshart_%28de_ingebeelde_%2C_NL-HlmNHA_1477_53013166.JPG\/971px-thumbnail.jpg\" alt=\"\"\/><figcaption class=\"wp-element-caption\">Scene from \u201cThe Imaginary Invalid\u201d (between 1752 and 1800) by <em>Cornelis<\/em> Troost (1696-1750) and <em>Robbert<\/em> Muys (1742-1825); from the <a href=\"https:\/\/commons.wikimedia.org\/wiki\/File:Helena_en_haar_heimelijke_minnaar_Ferdinand_dragen_een_herdersdicht_aan_elkaar_voor,_waarin_de_personages_elkaar_hun_liefde_betuigen._Aan_tafel_zitten_Helena%27s_vader_Manshart_(de_ingebeelde_,_NL-HlmNHA_1477_53013166.JPG\" target=\"_blank\" rel=\"noreferrer noopener\">Wikimedia Commons<\/a>.<\/figcaption><\/figure>\n\n\n\n<p>Our 2024 show in French is Moli\u00e8re\u2019s celebrated&nbsp;<em>The Imaginary Invalid&nbsp;<\/em>(\u201c<em>Le Malade imaginaire\u201d<\/em>).&nbsp;<em>The Imaginary Invalid<\/em>&nbsp;is a three-act comedy-ballet in prose that premiered on February 10, 1673 at the&nbsp;<a href=\"https:\/\/en.wikipedia.org\/wiki\/Th%C3%A9%C3%A2tre_du_Palais-Royal_(rue_Saint-Honor%C3%A9)\">Th\u00e9\u00e2tre du Palais-Royal<\/a>&nbsp;in Paris. It is Moli\u00e8re\u2019s last work as he collapsed during the fourth performance playing the lead role and later died. Original music for the play was by&nbsp;<a href=\"https:\/\/en.wikipedia.org\/wiki\/Marc-Antoine_Charpentier\">Marc-Antoine Charpentier<\/a>, and choreography by&nbsp;<a href=\"https:\/\/en.wikipedia.org\/wiki\/Pierre_Beauchamp\">Pierre Beauchamp<\/a>, with whom Moli\u00e8re had worked previously on such plays as&nbsp;<em>The Would-be Gentleman<\/em>&nbsp;(\u201c<em>Le Bourgeois gentilhomme\u201d<\/em>). More information is available at Wikipedia&nbsp;<a href=\"https:\/\/en.wikipedia.org\/wiki\/The_Imaginary_Invalid\">on the play<\/a>&nbsp;and<a href=\"https:\/\/en.wikipedia.org\/wiki\/Moli%C3%A8re\">&nbsp;on Moli\u00e8re<\/a>.<\/p>\n\n\n\n<p>We will give two performances, on Friday and Saturday, April 26 &amp; 26, 2027, at 7:30 PM at The Arts and Letters Club in downtown Toronto. One-page summaries of both plays in English (soon below) as well as projected surtitles in English will be available at both shows.<\/p>\n\n\n\n<hr class=\"wp-block-separator has-text-color has-bright-blue-color has-alpha-channel-opacity has-bright-blue-background-color has-background is-style-default\"\/>\n\n\n\n<h2 class=\"wp-block-heading\">Tickets<\/h2>\n\n\n\n<h3 class=\"wp-block-heading\">Online<\/h3>\n\n\n\n<p>You can purchase (reserve and pay for) <a href=\"http:\/\/latroupedesanciens.org\/tda_wp\/tickets2024\/\">tickets online<\/a> immediately. Seats will be selected by our box office staff starting April 15, 2024 at the latest, in the order in which the online purchases were made. Your tickets will be held at the theatre entrance the night of your show until you arrive.<\/p>\n\n\n\n<h3 class=\"wp-block-heading\">By Email<\/h3>\n\n\n\n<p>You can reserve tickets by contacting our box office team by email starting February 26, 2024. Seats will be selected by our box office staff starting April 15, 2024 at the latest, in the order in which the online purchases were made. Your tickets will be held at the theatre entrance the night of your show until 30 minutes before show time (show time is 7:30 PM, thus until 7 PM), with payment by cash or cheque.<\/p>\n\n\n\n<h3 class=\"wp-block-heading\">By Telephone<\/h3>\n\n\n\n<p>You can reserve tickets by contacting our box office team by telephone starting April 15, 2024, weekdays 11 AM \u2013 5 PM. Your tickets will be held at the theatre entrance the night of your show until 30 minutes before show time (show time is 7:30 PM, thus until 7 PM), with payment by cash or cheque.<\/p>\n\n\n\n<h3 class=\"wp-block-heading\">At the Door<\/h3>\n\n\n\n<p>Tickets, if any remain, will also be available at the door on the nights of the performances with payment by cash only.<\/p>\n\n\n\n<hr class=\"wp-block-separator has-text-color has-bright-blue-color has-alpha-channel-opacity has-bright-blue-background-color has-background\"\/>\n\n\n\n<h2 class=\"wp-block-heading\">Practical Information<\/h2>\n\n\n\n<h3 class=\"wp-block-heading\">Location<\/h3>\n\n\n\n<p>The Arts and Letters Club<br>14 Elm Street<br>Toronto, ON M5G 1G7<br>Subway: Dundas, then 300 m on foot (or College \/ 450 m)<br><a href=\"https:\/\/maps.app.goo.gl\/WejPbTtYwzr9k5sn8\">Google Map<\/a><\/p>\n\n\n\n<h3 class=\"wp-block-heading\">Parking<\/h3>\n\n\n\n<p>Use at your own risk.<\/p>\n\n\n\n<p><a href=\"https:\/\/lots.impark.com\/IMP\/en?latlng=43.6580185,-79.38333590000002&amp;q=Toronto,%20ON%20M5G%202K5,%20Canada&amp;a=#details=9,21\">Impark lot 21<\/a>, 655 Bay St, entrance on Elm Street<br><a href=\"https:\/\/parking.greenp.com\/carpark\/34_20-dundas-square\/\">Green P Dundas Square<\/a><\/p>\n\n\n\n<h3 class=\"wp-block-heading\">Full texts of the play<\/h3>\n\n\n\n<ul class=\"wp-block-list\">\n<li><a href=\"http:\/\/latroupedesanciens.org\/tda_wp\/wp-content\/uploads\/2024\/02\/The-Imaginary-Invalid-2024-Text-EN-rev00.pdf\">In English<\/a> <a href=\"https:\/\/fr.wikisource.org\/wiki\/Le_Malade_imaginaire\">In French<\/a><\/li>\n<\/ul>\n\n\n\n<h3 class=\"wp-block-heading\">One-page summaries<\/h3>\n\n\n\n<ul class=\"wp-block-list\">\n<li><a href=\"http:\/\/latroupedesanciens.org\/tda_wp\/wp-content\/uploads\/2024\/02\/The-Imaginary-Invalid-Summary-rev01.pdf\">In English<\/a><\/li>\n<\/ul>\n\n\n\n<h3 class=\"wp-block-heading\">Miscellaneous<\/h3>\n\n\n\n<ul class=\"wp-block-list\">\n<li><a href=\"http:\/\/latroupedesanciens.org\/tda_wp\/artslettersseatingplan\/\">Seating plan<\/a><\/li>\n<\/ul>\n","protected":false},"excerpt":{"rendered":"<p>Our 2024 show in French is Moli\u00e8re\u2019s celebrated&nbsp;The Imaginary Invalid&nbsp;(\u201cLe Malade imaginaire\u201d).&nbsp;The Imaginary Invalid&nbsp;is a three-act comedy-ballet in prose that premiered on February 10, 1673 at the&nbsp;Th\u00e9\u00e2tre du Palais-Royal&nbsp;in Paris. It is Moli\u00e8re\u2019s last work as he collapsed during the fourth performance playing the lead role and later died. Original music for the play was &hellip; <a href=\"http:\/\/latroupedesanciens.org\/tda_wp\/2024-show\/\" class=\"more-link\">Continue reading<span class=\"screen-reader-text\"> &#8220;2024 Show \u2013 The Imaginary Invalid&#8221;<\/span><\/a><\/p>\n","protected":false},"author":1,"featured_media":0,"parent":0,"menu_order":0,"comment_status":"closed","ping_status":"closed","template":"","meta":{"jetpack_post_was_ever_published":false,"footnotes":""},"class_list":["post-2065","page","type-page","status-publish","hentry"],"jetpack_sharing_enabled":true,"jetpack_shortlink":"https:\/\/wp.me\/P4pXBP-xj","_links":{"self":[{"href":"http:\/\/latroupedesanciens.org\/tda_wp\/wp-json\/wp\/v2\/pages\/2065","targetHints":{"allow":["GET"]}}],"collection":[{"href":"http:\/\/latroupedesanciens.org\/tda_wp\/wp-json\/wp\/v2\/pages"}],"about":[{"href":"http:\/\/latroupedesanciens.org\/tda_wp\/wp-json\/wp\/v2\/types\/page"}],"author":[{"embeddable":true,"href":"http:\/\/latroupedesanciens.org\/tda_wp\/wp-json\/wp\/v2\/users\/1"}],"replies":[{"embeddable":true,"href":"http:\/\/latroupedesanciens.org\/tda_wp\/wp-json\/wp\/v2\/comments?post=2065"}],"version-history":[{"count":4,"href":"http:\/\/latroupedesanciens.org\/tda_wp\/wp-json\/wp\/v2\/pages\/2065\/revisions"}],"predecessor-version":[{"id":2084,"href":"http:\/\/latroupedesanciens.org\/tda_wp\/wp-json\/wp\/v2\/pages\/2065\/revisions\/2084"}],"wp:attachment":[{"href":"http:\/\/latroupedesanciens.org\/tda_wp\/wp-json\/wp\/v2\/media?parent=2065"}],"curies":[{"name":"wp","href":"https:\/\/api.w.org\/{rel}","templated":true}]}}